{"id":15142,"date":"2023-02-13T15:44:22","date_gmt":"2023-02-13T14:44:22","guid":{"rendered":"https:\/\/studiokoncept.se\/?post_type=product&#038;p=15142"},"modified":"2023-05-24T14:53:15","modified_gmt":"2023-05-24T12:53:15","slug":"entreq-power-digital-ac-apollo-infinity","status":"publish","type":"product","link":"https:\/\/studiokoncept.se\/fr\/shop\/kablar\/natkablar\/stromkablar-for-digitalt\/entreq-power-digital-ac-apollo-infinity\/","title":{"rendered":"Entreq Power Digital AC Apollo Infinity"},"content":{"rendered":"<p><h3><\/h3><\/p>","protected":false},"excerpt":{"rendered":"<h3>Le deuxi\u00e8me meilleur c\u00e2ble d'alimentation d'Entreq dans une version pour les appareils \u00e9lectroniques moins gourmands en \u00e9nergie.<\/h3>\n<p>C\u00e2ble d'alimentation secteur de la s\u00e9rie classique Apollo. Il ne s'agit pas d'une \"version furtive\". Cette construction offre, par exemple, de meilleures conditions aux pr\u00e9amplis et aux DAC et permet une exp\u00e9rience accrue de la lib\u00e9ration et de la vitesse.<\/p>","protected":false},"featured_media":14210,"template":"","meta":[],"product_brand":[],"product_cat":[724],"product_tag":[692,714],"class_list":{"0":"post-15142","1":"product","2":"type-product","3":"status-publish","4":"has-post-thumbnail","6":"product_cat-stromkablar-for-digitalt","7":"product_tag-entreq","8":"product_tag-entreq-ac-digitalkabel","9":"product_shipping_class-standard","11":"first","12":"instock","13":"taxable","14":"shipping-taxable","15":"purchasable","16":"product-type-variable","17":"has-default-attributes"},"bundled_by":[],"bundle_stock_status":"instock","bundle_stock_quantity":null,"bundle_virtual":false,"bundle_layout":"","bundle_add_to_cart_form_location":"","bundle_editable_in_cart":false,"bundle_sold_individually_context":"","bundle_item_grouping":"","bundle_min_size":"","bundle_max_size":"","bundle_price":[],"bundled_items":[],"bundle_sell_ids":[],"_links":{"self":[{"href":"https:\/\/studiokoncept.se\/fr\/wp-json\/wp\/v2\/product\/15142","targetHints":{"allow":["GET"]}}],"collection":[{"href":"https:\/\/studiokoncept.se\/fr\/wp-json\/wp\/v2\/product"}],"about":[{"href":"https:\/\/studiokoncept.se\/fr\/wp-json\/wp\/v2\/types\/product"}],"version-history":[{"count":0,"href":"https:\/\/studiokoncept.se\/fr\/wp-json\/wp\/v2\/product\/15142\/revisions"}],"wp:featuredmedia":[{"embeddable":true,"href":"https:\/\/studiokoncept.se\/fr\/wp-json\/wp\/v2\/media\/14210"}],"wp:attachment":[{"href":"https:\/\/studiokoncept.se\/fr\/wp-json\/wp\/v2\/media?parent=15142"}],"wp:term":[{"taxonomy":"product_brand","embeddable":true,"href":"https:\/\/studiokoncept.se\/fr\/wp-json\/wp\/v2\/product_brand?post=15142"},{"taxonomy":"product_cat","embeddable":true,"href":"https:\/\/studiokoncept.se\/fr\/wp-json\/wp\/v2\/product_cat?post=15142"},{"taxonomy":"product_tag","embeddable":true,"href":"https:\/\/studiokoncept.se\/fr\/wp-json\/wp\/v2\/product_tag?post=15142"}],"curies":[{"name":"wp","href":"https:\/\/api.w.org\/{rel}","templated":true}]}}