{"id":15099,"date":"2023-02-12T23:40:32","date_gmt":"2023-02-12T22:40:32","guid":{"rendered":"https:\/\/studiokoncept.se\/?post_type=product&#038;p=15099"},"modified":"2024-07-09T08:16:06","modified_gmt":"2024-07-09T06:16:06","slug":"entreq-power-digital-ac-olympus-infinity","status":"publish","type":"product","link":"https:\/\/studiokoncept.se\/fr\/shop\/kablar\/natkablar\/stromkablar-for-digitalt\/entreq-power-digital-ac-olympus-infinity\/","title":{"rendered":"Entreq Power Digital AC Olympus Infinity"},"content":{"rendered":"<p><h3><\/h3><\/p>","protected":false},"excerpt":{"rendered":"<p><h3>C\u00e2ble d'alimentation CA personnalis\u00e9 pour les produits n\u00e9cessitant moins d'\u00e9nergie.<\/h3><br \/>\nEntreq Power Digial Olympus Infinity est con\u00e7u pour s'adapter parfaitement, par exemple, \u00e0 un DAC moins gourmand en \u00e9nergie qu'un \u00e9tage final. Il ne s'agit pas d'une \"variante furtive\" mais d'une adaptation de qualit\u00e9. Il offre l'exp\u00e9rience d'une plus grande lib\u00e9ration et d'une plus grande rapidit\u00e9.<br \/>\n(L'image montre le c\u00e2ble CA standard)<\/p>","protected":false},"featured_media":10881,"template":"","meta":[],"product_brand":[],"product_cat":[724],"product_tag":[692,714],"class_list":{"0":"post-15099","1":"product","2":"type-product","3":"status-publish","4":"has-post-thumbnail","6":"product_cat-stromkablar-for-digitalt","7":"product_tag-entreq","8":"product_tag-entreq-ac-digitalkabel","9":"product_shipping_class-standard","11":"first","12":"instock","13":"taxable","14":"shipping-taxable","15":"purchasable","16":"product-type-variable","17":"has-default-attributes"},"bundled_by":[],"bundle_stock_status":"instock","bundle_stock_quantity":null,"bundle_virtual":false,"bundle_layout":"","bundle_add_to_cart_form_location":"","bundle_editable_in_cart":false,"bundle_sold_individually_context":"","bundle_item_grouping":"","bundle_min_size":"","bundle_max_size":"","bundle_price":[],"bundled_items":[],"bundle_sell_ids":[],"_links":{"self":[{"href":"https:\/\/studiokoncept.se\/fr\/wp-json\/wp\/v2\/product\/15099","targetHints":{"allow":["GET"]}}],"collection":[{"href":"https:\/\/studiokoncept.se\/fr\/wp-json\/wp\/v2\/product"}],"about":[{"href":"https:\/\/studiokoncept.se\/fr\/wp-json\/wp\/v2\/types\/product"}],"version-history":[{"count":0,"href":"https:\/\/studiokoncept.se\/fr\/wp-json\/wp\/v2\/product\/15099\/revisions"}],"wp:featuredmedia":[{"embeddable":true,"href":"https:\/\/studiokoncept.se\/fr\/wp-json\/wp\/v2\/media\/10881"}],"wp:attachment":[{"href":"https:\/\/studiokoncept.se\/fr\/wp-json\/wp\/v2\/media?parent=15099"}],"wp:term":[{"taxonomy":"product_brand","embeddable":true,"href":"https:\/\/studiokoncept.se\/fr\/wp-json\/wp\/v2\/product_brand?post=15099"},{"taxonomy":"product_cat","embeddable":true,"href":"https:\/\/studiokoncept.se\/fr\/wp-json\/wp\/v2\/product_cat?post=15099"},{"taxonomy":"product_tag","embeddable":true,"href":"https:\/\/studiokoncept.se\/fr\/wp-json\/wp\/v2\/product_tag?post=15099"}],"curies":[{"name":"wp","href":"https:\/\/api.w.org\/{rel}","templated":true}]}}