{"id":14697,"date":"2023-02-11T17:27:45","date_gmt":"2023-02-11T16:27:45","guid":{"rendered":"https:\/\/studiokoncept.se\/?post_type=product&#038;p=14697"},"modified":"2024-01-28T07:37:01","modified_gmt":"2024-01-28T06:37:01","slug":"entreq-argo-signalkabel-rca","status":"publish","type":"product","link":"https:\/\/studiokoncept.se\/fr\/shop\/kablar\/analoga-kablar\/rca-kablar\/entreq-argo-signalkabel-rca\/","title":{"rendered":"C\u00e2ble de signal Entreq Argo RCA"},"content":{"rendered":"","protected":false},"excerpt":{"rendered":"<h4>C\u00e2ble de signal Entreqs avec connecteurs RCA dans la s\u00e9rie Argo.<\/h4>\n<p>C\u00e2ble de signal asym\u00e9trique \u00e0 3 conducteurs avec connecteurs RCA dans la nouvelle s\u00e9rie Argo tress\u00e9e.<\/p>\n<p>Le c\u00e2ble se compose de 2 parties :<\/p>\n<ol>\n<li>Le c\u00e2ble de signal avec ses deux connecteurs RCA \u00e0 chaque extr\u00e9mit\u00e9. Choisissez la longueur ci-dessous.<\/li>\n<li>Le c\u00e2ble de drainage, qui sert \u00e9galement d'isolant. L'extr\u00e9mit\u00e9 d\u00e9passe comme un c\u00e2ble parall\u00e8le et mesure 55 cm de long en standard, avec un crochet \u00e0 l'extr\u00e9mit\u00e9 pour la connexion \u00e0 une bo\u00eete de terre. Choisissez la longueur n\u00e9cessaire pour atteindre la bo\u00eete de terre.<\/li>\n<\/ol>\n<p>Veuillez nous contacter pour toute demande ou clarification.<\/p>","protected":false},"featured_media":10877,"template":"","meta":[],"product_brand":[],"product_cat":[629],"product_tag":[692,693],"class_list":{"0":"post-14697","1":"product","2":"type-product","3":"status-publish","4":"has-post-thumbnail","6":"product_cat-rca-kablar","7":"product_tag-entreq","8":"product_tag-entreq-analoga-rca-kablar","9":"product_shipping_class-standard","11":"first","12":"instock","13":"taxable","14":"shipping-taxable","15":"purchasable","16":"product-type-variable","17":"has-default-attributes"},"bundled_by":[],"bundle_stock_status":"instock","bundle_stock_quantity":null,"bundle_virtual":false,"bundle_layout":"","bundle_add_to_cart_form_location":"","bundle_editable_in_cart":false,"bundle_sold_individually_context":"","bundle_item_grouping":"","bundle_min_size":"","bundle_max_size":"","bundle_price":[],"bundled_items":[],"bundle_sell_ids":[],"_links":{"self":[{"href":"https:\/\/studiokoncept.se\/fr\/wp-json\/wp\/v2\/product\/14697","targetHints":{"allow":["GET"]}}],"collection":[{"href":"https:\/\/studiokoncept.se\/fr\/wp-json\/wp\/v2\/product"}],"about":[{"href":"https:\/\/studiokoncept.se\/fr\/wp-json\/wp\/v2\/types\/product"}],"version-history":[{"count":0,"href":"https:\/\/studiokoncept.se\/fr\/wp-json\/wp\/v2\/product\/14697\/revisions"}],"wp:featuredmedia":[{"embeddable":true,"href":"https:\/\/studiokoncept.se\/fr\/wp-json\/wp\/v2\/media\/10877"}],"wp:attachment":[{"href":"https:\/\/studiokoncept.se\/fr\/wp-json\/wp\/v2\/media?parent=14697"}],"wp:term":[{"taxonomy":"product_brand","embeddable":true,"href":"https:\/\/studiokoncept.se\/fr\/wp-json\/wp\/v2\/product_brand?post=14697"},{"taxonomy":"product_cat","embeddable":true,"href":"https:\/\/studiokoncept.se\/fr\/wp-json\/wp\/v2\/product_cat?post=14697"},{"taxonomy":"product_tag","embeddable":true,"href":"https:\/\/studiokoncept.se\/fr\/wp-json\/wp\/v2\/product_tag?post=14697"}],"curies":[{"name":"wp","href":"https:\/\/api.w.org\/{rel}","templated":true}]}}