{"id":14646,"date":"2023-02-11T16:45:28","date_gmt":"2023-02-11T15:45:28","guid":{"rendered":"https:\/\/studiokoncept.se\/?post_type=product&#038;p=14646"},"modified":"2024-01-28T12:14:10","modified_gmt":"2024-01-28T11:14:10","slug":"entreq-argo-usb-kabel","status":"publish","type":"product","link":"https:\/\/studiokoncept.se\/fr\/produkt\/entreq-argo-usb-kabel\/","title":{"rendered":"C\u00e2ble USB Entreq Argo"},"content":{"rendered":"","protected":false},"excerpt":{"rendered":"<h4>C\u00e2ble USB dans la s\u00e9rie Argo d'Entreq.<\/h4>\n<p>Un c\u00e2ble USB de la nouvelle s\u00e9rie Argo tress\u00e9 avec 3 conducteurs.<\/p>\n<p>Un digne rempla\u00e7ant de la s\u00e9rie Constantine.<\/p>\n<p>Le c\u00e2ble se compose de 2 parties :<\/p>\n<ol>\n<li>C\u00e2ble num\u00e9rique avec connecteurs USB \u00e0 chaque extr\u00e9mit\u00e9. Choisissez la longueur ci-dessous.<\/li>\n<li>C\u00e2ble de drainage, qui est un c\u00e2ble Eartha. L'extr\u00e9mit\u00e9 d\u00e9passe comme un c\u00e2ble parall\u00e8le et mesure 55 cm de long en standard, avec un crochet \u00e0 l'extr\u00e9mit\u00e9 pour la connexion \u00e0 une bo\u00eete de mise \u00e0 la terre. Choisissez la longueur n\u00e9cessaire pour atteindre la bo\u00eete de terre.<\/li>\n<\/ol>\n<p>Veuillez nous contacter pour toute demande ou clarification.<\/p>","protected":false},"featured_media":10926,"template":"","meta":[],"product_brand":[],"product_cat":[172],"product_tag":[692,699],"class_list":{"0":"post-14646","1":"product","2":"type-product","3":"status-publish","4":"has-post-thumbnail","6":"product_cat-usb-kablar","7":"product_tag-entreq","8":"product_tag-entreq-usb-kablar","9":"product_shipping_class-standard","11":"first","12":"instock","13":"taxable","14":"shipping-taxable","15":"purchasable","16":"product-type-variable","17":"has-default-attributes"},"bundled_by":[],"bundle_stock_status":"instock","bundle_stock_quantity":null,"bundle_virtual":false,"bundle_layout":"","bundle_add_to_cart_form_location":"","bundle_editable_in_cart":false,"bundle_sold_individually_context":"","bundle_item_grouping":"","bundle_min_size":"","bundle_max_size":"","bundle_price":[],"bundled_items":[],"bundle_sell_ids":[],"_links":{"self":[{"href":"https:\/\/studiokoncept.se\/fr\/wp-json\/wp\/v2\/product\/14646","targetHints":{"allow":["GET"]}}],"collection":[{"href":"https:\/\/studiokoncept.se\/fr\/wp-json\/wp\/v2\/product"}],"about":[{"href":"https:\/\/studiokoncept.se\/fr\/wp-json\/wp\/v2\/types\/product"}],"version-history":[{"count":0,"href":"https:\/\/studiokoncept.se\/fr\/wp-json\/wp\/v2\/product\/14646\/revisions"}],"wp:featuredmedia":[{"embeddable":true,"href":"https:\/\/studiokoncept.se\/fr\/wp-json\/wp\/v2\/media\/10926"}],"wp:attachment":[{"href":"https:\/\/studiokoncept.se\/fr\/wp-json\/wp\/v2\/media?parent=14646"}],"wp:term":[{"taxonomy":"product_brand","embeddable":true,"href":"https:\/\/studiokoncept.se\/fr\/wp-json\/wp\/v2\/product_brand?post=14646"},{"taxonomy":"product_cat","embeddable":true,"href":"https:\/\/studiokoncept.se\/fr\/wp-json\/wp\/v2\/product_cat?post=14646"},{"taxonomy":"product_tag","embeddable":true,"href":"https:\/\/studiokoncept.se\/fr\/wp-json\/wp\/v2\/product_tag?post=14646"}],"curies":[{"name":"wp","href":"https:\/\/api.w.org\/{rel}","templated":true}]}}