{"id":14596,"date":"2023-02-11T16:36:30","date_gmt":"2023-02-11T15:36:30","guid":{"rendered":"https:\/\/studiokoncept.se\/?post_type=product&#038;p=14596"},"modified":"2024-01-28T12:17:53","modified_gmt":"2024-01-28T11:17:53","slug":"entreq-argo-digitalkabel-bnc-2","status":"publish","type":"product","link":"https:\/\/studiokoncept.se\/fr\/shop\/kablar\/digitala-kablar\/bnc-digitalkablar\/entreq-argo-digitalkabel-bnc-2\/","title":{"rendered":"C\u00e2ble num\u00e9rique Entreq Argo BNC"},"content":{"rendered":"","protected":false},"excerpt":{"rendered":"<h4>C\u00e2ble num\u00e9rique avec connecteurs BNC de la s\u00e9rie Argo d'Entreq.<\/h4>\n<p>Un c\u00e2ble num\u00e9rique dans la nouvelle s\u00e9rie tress\u00e9e Argo.<\/p>\n<p>Un digne rempla\u00e7ant de la s\u00e9rie Constantine.<\/p>\n<p>Le c\u00e2ble se compose de 2 parties :<\/p>\n<ol>\n<li>C\u00e2ble num\u00e9rique avec connecteurs BNC \u00e0 chaque extr\u00e9mit\u00e9. Choisissez la longueur ci-dessous.<\/li>\n<li>Le c\u00e2ble de drainage qui est un c\u00e2ble Eartha. Choisissez la longueur dont vous avez besoin pour vous connecter \u00e0 l'emplacement de votre bo\u00eete de mise \u00e0 la terre.<\/li>\n<\/ol>\n<p>Veuillez nous contacter pour toute demande ou clarification.<\/p>","protected":false},"featured_media":10923,"template":"","meta":[],"product_brand":[],"product_cat":[633],"product_tag":[692,698],"class_list":{"0":"post-14596","1":"product","2":"type-product","3":"status-publish","4":"has-post-thumbnail","6":"product_cat-bnc-digitalkablar","7":"product_tag-entreq","8":"product_tag-entreq-digitala-bnc-kablar","9":"product_shipping_class-standard","11":"first","12":"instock","13":"taxable","14":"shipping-taxable","15":"purchasable","16":"product-type-variable","17":"has-default-attributes"},"bundled_by":[],"bundle_stock_status":"instock","bundle_stock_quantity":null,"bundle_virtual":false,"bundle_layout":"","bundle_add_to_cart_form_location":"","bundle_editable_in_cart":false,"bundle_sold_individually_context":"","bundle_item_grouping":"","bundle_min_size":"","bundle_max_size":"","bundle_price":[],"bundled_items":[],"bundle_sell_ids":[],"_links":{"self":[{"href":"https:\/\/studiokoncept.se\/fr\/wp-json\/wp\/v2\/product\/14596","targetHints":{"allow":["GET"]}}],"collection":[{"href":"https:\/\/studiokoncept.se\/fr\/wp-json\/wp\/v2\/product"}],"about":[{"href":"https:\/\/studiokoncept.se\/fr\/wp-json\/wp\/v2\/types\/product"}],"version-history":[{"count":0,"href":"https:\/\/studiokoncept.se\/fr\/wp-json\/wp\/v2\/product\/14596\/revisions"}],"wp:featuredmedia":[{"embeddable":true,"href":"https:\/\/studiokoncept.se\/fr\/wp-json\/wp\/v2\/media\/10923"}],"wp:attachment":[{"href":"https:\/\/studiokoncept.se\/fr\/wp-json\/wp\/v2\/media?parent=14596"}],"wp:term":[{"taxonomy":"product_brand","embeddable":true,"href":"https:\/\/studiokoncept.se\/fr\/wp-json\/wp\/v2\/product_brand?post=14596"},{"taxonomy":"product_cat","embeddable":true,"href":"https:\/\/studiokoncept.se\/fr\/wp-json\/wp\/v2\/product_cat?post=14596"},{"taxonomy":"product_tag","embeddable":true,"href":"https:\/\/studiokoncept.se\/fr\/wp-json\/wp\/v2\/product_tag?post=14596"}],"curies":[{"name":"wp","href":"https:\/\/api.w.org\/{rel}","templated":true}]}}