{"id":14353,"date":"2023-02-05T10:37:41","date_gmt":"2023-02-05T09:37:41","guid":{"rendered":"https:\/\/studiokoncept.se\/?post_type=product&#038;p=14353"},"modified":"2024-01-29T18:25:43","modified_gmt":"2024-01-29T17:25:43","slug":"entreq-eartha-infinity-olympus","status":"publish","type":"product","link":"https:\/\/studiokoncept.se\/fr\/shop\/jordning\/entreq-eartha-jordkablar\/entreq-eartha-infinity-olympus\/","title":{"rendered":"Entreq Eartha Infinity Olympus"},"content":{"rendered":"<h3><\/h3>\n<h3><\/h3>","protected":false},"excerpt":{"rendered":"<h3>Eartha Olympus ; le meilleur c\u00e2ble de mise \u00e0 la terre d'Entreq.<\/h3>\n<p>Le mod\u00e8le Olympus est de loin le meilleur c\u00e2ble de mise \u00e0 la terre. Tous mes clients qui ont compar\u00e9, esp\u00e9rant \u00e9conomiser de l'argent, ont finalement choisi le Eartha Olympus. C'est justement parce que le gain de qualit\u00e9 qu'il offre ne peut \u00eatre ignor\u00e9 ; si vous le pouvez, choisissez Olympus ! Le sens de la r\u00e9solution dans le time lapse est merveilleux.<\/p>\n<p>Il s'agit d'un c\u00e2ble en argent fabriqu\u00e9 \u00e0 partir de fils d'argent torsad\u00e9s purs qui ont subi le propre processus \u00e0 haute pression d'Enteq.<br \/>\nCrochet argent\u00e9 \u00e0 une extr\u00e9mit\u00e9 pour connexion \u00e0 la bo\u00eete de mise \u00e0 la terre Entreq.<\/p>\n<p>Veuillez faire les choix suivants :<\/p>\n<ol>\n<li>Longueur du c\u00e2ble Eartha : veuillez nous contacter pour les longueurs sp\u00e9ciales.<\/li>\n<li>Choisissez le connecteur dont vous avez besoin pour vous connecter \u00e0 vos appareils \u00e9lectroniques.<\/li>\n<li>Choisissez entre un connecteur fixe et le syst\u00e8me \u00e0 ba\u00efonnette. Le syst\u00e8me \u00e0 ba\u00efonnette pr\u00e9sente l'avantage de pouvoir remplacer rapidement et facilement le connecteur. Malheureusement, il entra\u00eene une l\u00e9g\u00e8re diminution de la qualit\u00e9.<\/li>\n<\/ol>","protected":false},"featured_media":14357,"template":"","meta":[],"product_brand":[],"product_cat":[678,188],"product_tag":[692,701],"class_list":{"0":"post-14353","1":"product","2":"type-product","3":"status-publish","4":"has-post-thumbnail","6":"product_cat-entreq-eartha-jordkablar","7":"product_cat-entreq-jordkablar","8":"product_tag-entreq","9":"product_tag-entreq-eartha-kablar","10":"product_shipping_class-standard","12":"first","13":"instock","14":"taxable","15":"shipping-taxable","16":"purchasable","17":"product-type-variable","18":"has-default-attributes"},"bundled_by":[],"bundle_stock_status":"instock","bundle_stock_quantity":null,"bundle_virtual":false,"bundle_layout":"","bundle_add_to_cart_form_location":"","bundle_editable_in_cart":false,"bundle_sold_individually_context":"","bundle_item_grouping":"","bundle_min_size":"","bundle_max_size":"","bundle_price":[],"bundled_items":[],"bundle_sell_ids":[],"_links":{"self":[{"href":"https:\/\/studiokoncept.se\/fr\/wp-json\/wp\/v2\/product\/14353","targetHints":{"allow":["GET"]}}],"collection":[{"href":"https:\/\/studiokoncept.se\/fr\/wp-json\/wp\/v2\/product"}],"about":[{"href":"https:\/\/studiokoncept.se\/fr\/wp-json\/wp\/v2\/types\/product"}],"version-history":[{"count":0,"href":"https:\/\/studiokoncept.se\/fr\/wp-json\/wp\/v2\/product\/14353\/revisions"}],"wp:featuredmedia":[{"embeddable":true,"href":"https:\/\/studiokoncept.se\/fr\/wp-json\/wp\/v2\/media\/14357"}],"wp:attachment":[{"href":"https:\/\/studiokoncept.se\/fr\/wp-json\/wp\/v2\/media?parent=14353"}],"wp:term":[{"taxonomy":"product_brand","embeddable":true,"href":"https:\/\/studiokoncept.se\/fr\/wp-json\/wp\/v2\/product_brand?post=14353"},{"taxonomy":"product_cat","embeddable":true,"href":"https:\/\/studiokoncept.se\/fr\/wp-json\/wp\/v2\/product_cat?post=14353"},{"taxonomy":"product_tag","embeddable":true,"href":"https:\/\/studiokoncept.se\/fr\/wp-json\/wp\/v2\/product_tag?post=14353"}],"curies":[{"name":"wp","href":"https:\/\/api.w.org\/{rel}","templated":true}]}}