{"id":14279,"date":"2023-02-05T06:44:54","date_gmt":"2023-02-05T05:44:54","guid":{"rendered":"https:\/\/studiokoncept.se\/?post_type=product&#038;p=14279"},"modified":"2024-01-28T20:12:35","modified_gmt":"2024-01-28T19:12:35","slug":"entreq-eartha-argo","status":"publish","type":"product","link":"https:\/\/studiokoncept.se\/fr\/shop\/jordning\/entreq-eartha-jordkablar\/entreq-eartha-argo\/","title":{"rendered":"Entreq Eartha Argo"},"content":{"rendered":"<h3><\/h3>","protected":false},"excerpt":{"rendered":"<h3>Eartha Argo ; la nouvelle s\u00e9rie d'entr\u00e9e de gamme d'Entreq.<\/h3>\n<p>Argo est un c\u00e2ble hybride pr\u00e9sentant de grandes caract\u00e9ristiques en termes de d\u00e9tails et de neutralit\u00e9.<br \/>\nIl s'agit d'une construction tress\u00e9e avec 3 conducteurs et un crochet en cuivre pour la connexion aux bo\u00eetes de terre Entreq.<\/p>\n<p>Vous choisissez :<\/p>\n<ol>\n<li>Longueur du c\u00e2ble Eartha : veuillez nous contacter pour les longueurs sp\u00e9ciales.<\/li>\n<li>Choisissez le connecteur dont vous avez besoin pour vous connecter \u00e0 vos appareils \u00e9lectroniques.<\/li>\n<li>Choisissez si vous voulez un contact fixe ou le syst\u00e8me de clic. Le syst\u00e8me d'encliquetage pr\u00e9sente l'avantage de pouvoir remplacer le bouchon rapidement et facilement. Mais cela r\u00e9duit l\u00e9g\u00e8rement la qualit\u00e9.<\/li>\n<\/ol>","protected":false},"featured_media":10927,"template":"","meta":[],"product_brand":[],"product_cat":[678,188],"product_tag":[692,701],"class_list":{"0":"post-14279","1":"product","2":"type-product","3":"status-publish","4":"has-post-thumbnail","6":"product_cat-entreq-eartha-jordkablar","7":"product_cat-entreq-jordkablar","8":"product_tag-entreq","9":"product_tag-entreq-eartha-kablar","10":"product_shipping_class-standard","12":"first","13":"instock","14":"taxable","15":"shipping-taxable","16":"purchasable","17":"product-type-variable","18":"has-default-attributes"},"bundled_by":[],"bundle_stock_status":"instock","bundle_stock_quantity":null,"bundle_virtual":false,"bundle_layout":"","bundle_add_to_cart_form_location":"","bundle_editable_in_cart":false,"bundle_sold_individually_context":"","bundle_item_grouping":"","bundle_min_size":"","bundle_max_size":"","bundle_price":[],"bundled_items":[],"bundle_sell_ids":[],"_links":{"self":[{"href":"https:\/\/studiokoncept.se\/fr\/wp-json\/wp\/v2\/product\/14279","targetHints":{"allow":["GET"]}}],"collection":[{"href":"https:\/\/studiokoncept.se\/fr\/wp-json\/wp\/v2\/product"}],"about":[{"href":"https:\/\/studiokoncept.se\/fr\/wp-json\/wp\/v2\/types\/product"}],"version-history":[{"count":0,"href":"https:\/\/studiokoncept.se\/fr\/wp-json\/wp\/v2\/product\/14279\/revisions"}],"wp:featuredmedia":[{"embeddable":true,"href":"https:\/\/studiokoncept.se\/fr\/wp-json\/wp\/v2\/media\/10927"}],"wp:attachment":[{"href":"https:\/\/studiokoncept.se\/fr\/wp-json\/wp\/v2\/media?parent=14279"}],"wp:term":[{"taxonomy":"product_brand","embeddable":true,"href":"https:\/\/studiokoncept.se\/fr\/wp-json\/wp\/v2\/product_brand?post=14279"},{"taxonomy":"product_cat","embeddable":true,"href":"https:\/\/studiokoncept.se\/fr\/wp-json\/wp\/v2\/product_cat?post=14279"},{"taxonomy":"product_tag","embeddable":true,"href":"https:\/\/studiokoncept.se\/fr\/wp-json\/wp\/v2\/product_tag?post=14279"}],"curies":[{"name":"wp","href":"https:\/\/api.w.org\/{rel}","templated":true}]}}