{"id":14153,"date":"2023-01-29T23:46:39","date_gmt":"2023-01-29T22:46:39","guid":{"rendered":"https:\/\/studiokoncept.se\/?post_type=product&#038;p=14153"},"modified":"2023-05-24T15:12:25","modified_gmt":"2023-05-24T13:12:25","slug":"entreq-dc-power-kablar-5-24v","status":"publish","type":"product","link":"https:\/\/studiokoncept.se\/fr\/produkt\/entreq-dc-power-kablar-5-24v\/","title":{"rendered":"C\u00e2bles d'alimentation DC Entreq 5 - 24V"},"content":{"rendered":"<p><h3><\/h3><\/p>","protected":false},"excerpt":{"rendered":"<h3>Pour ceux qui veulent investir dans leur c\u00e2ble DC<\/h3>\n<p>Quatre niveaux de qualit\u00e9 diff\u00e9rents dans des longueurs diff\u00e9rentes.<\/p>\n<p>Veuillez laisser un message lors du passage en caisse ou dans un courriel s\u00e9par\u00e9 concernant :<\/p>\n<ul>\n<li>quel contact vous avez besoin. Les informations suivantes vous aideront :\n<ol>\n<li>le voltage utilis\u00e9 par votre produit<\/li>\n<li>diam\u00e8tre int\u00e9rieur du conducteur de contact<\/li>\n<li>diam\u00e8tre ext\u00e9rieur du conducteur de contact<\/li>\n<\/ol>\n<\/li>\n<li>Ces c\u00e2bles sont \u00e9galement \u00e9quip\u00e9s d'un c\u00e2ble de drainage de 0,55 m pour la connexion \u00e0 la bo\u00eete de terre. Veuillez nous faire savoir si vous avez besoin de plus de temps ou si vous n'en voulez pas du tout.<\/li>\n<\/ul>\n<p>Prix par pi\u00e8ce.<\/p>","protected":false},"featured_media":14208,"template":"","meta":[],"product_brand":[],"product_cat":[632],"product_tag":[692,709],"class_list":{"0":"post-14153","1":"product","2":"type-product","3":"status-publish","4":"has-post-thumbnail","6":"product_cat-dc-5-24v-kablar","7":"product_tag-entreq","8":"product_tag-entreq-dc-stromkablar","9":"product_shipping_class-standard","11":"first","12":"instock","13":"taxable","14":"shipping-taxable","15":"purchasable","16":"product-type-variable","17":"has-default-attributes"},"bundled_by":[],"bundle_stock_status":"instock","bundle_stock_quantity":null,"bundle_virtual":false,"bundle_layout":"","bundle_add_to_cart_form_location":"","bundle_editable_in_cart":false,"bundle_sold_individually_context":"","bundle_item_grouping":"","bundle_min_size":"","bundle_max_size":"","bundle_price":[],"bundled_items":[],"bundle_sell_ids":[],"_links":{"self":[{"href":"https:\/\/studiokoncept.se\/fr\/wp-json\/wp\/v2\/product\/14153","targetHints":{"allow":["GET"]}}],"collection":[{"href":"https:\/\/studiokoncept.se\/fr\/wp-json\/wp\/v2\/product"}],"about":[{"href":"https:\/\/studiokoncept.se\/fr\/wp-json\/wp\/v2\/types\/product"}],"version-history":[{"count":0,"href":"https:\/\/studiokoncept.se\/fr\/wp-json\/wp\/v2\/product\/14153\/revisions"}],"wp:featuredmedia":[{"embeddable":true,"href":"https:\/\/studiokoncept.se\/fr\/wp-json\/wp\/v2\/media\/14208"}],"wp:attachment":[{"href":"https:\/\/studiokoncept.se\/fr\/wp-json\/wp\/v2\/media?parent=14153"}],"wp:term":[{"taxonomy":"product_brand","embeddable":true,"href":"https:\/\/studiokoncept.se\/fr\/wp-json\/wp\/v2\/product_brand?post=14153"},{"taxonomy":"product_cat","embeddable":true,"href":"https:\/\/studiokoncept.se\/fr\/wp-json\/wp\/v2\/product_cat?post=14153"},{"taxonomy":"product_tag","embeddable":true,"href":"https:\/\/studiokoncept.se\/fr\/wp-json\/wp\/v2\/product_tag?post=14153"}],"curies":[{"name":"wp","href":"https:\/\/api.w.org\/{rel}","templated":true}]}}