{"id":14022,"date":"2023-01-26T08:19:51","date_gmt":"2023-01-26T07:19:51","guid":{"rendered":"https:\/\/studiokoncept.se\/?post_type=product&#038;p=14022"},"modified":"2025-03-01T13:22:36","modified_gmt":"2025-03-01T12:22:36","slug":"neotech-amazon-rca-signalkabel","status":"publish","type":"product","link":"https:\/\/studiokoncept.se\/fr\/shop\/kablar\/analoga-kablar\/rca-kablar\/neotech-amazon-rca-signalkabel\/","title":{"rendered":"C\u00e2ble de signal RCA Neotech Amazon"},"content":{"rendered":"<p><h3><\/h3><\/p>","protected":false},"excerpt":{"rendered":"<h3>Le meilleur c\u00e2ble de signal de Neotech<\/h3>\n<p>Argent UP-OCC trait\u00e9 par cryog\u00e9nie.<br \/>\nConducteurs rectangulaires.<br \/>\nIsolation individuelle en t\u00e9flon FEP autour de chaque conducteur, entrelac\u00e9e de PTFE microporeux pour de meilleurs r\u00e9sultats sonores.<br \/>\nDonnez-lui 1 000 heures d'enregistrement, puis ne l'enlevez plus jamais.<\/p>\n<p>Prix par paire.<\/p>","protected":false},"featured_media":14028,"template":"","meta":[],"product_brand":[],"product_cat":[169,629],"product_tag":[],"class_list":{"0":"post-14022","1":"product","2":"type-product","3":"status-publish","4":"has-post-thumbnail","6":"product_cat-kablar","7":"product_cat-rca-kablar","8":"product_shipping_class-standard","10":"first","11":"instock","12":"taxable","13":"shipping-taxable","14":"purchasable","15":"product-type-variable"},"bundled_by":[],"bundle_stock_status":"instock","bundle_stock_quantity":null,"bundle_virtual":false,"bundle_layout":"","bundle_add_to_cart_form_location":"","bundle_editable_in_cart":false,"bundle_sold_individually_context":"","bundle_item_grouping":"","bundle_min_size":"","bundle_max_size":"","bundle_price":[],"bundled_items":[],"bundle_sell_ids":[],"_links":{"self":[{"href":"https:\/\/studiokoncept.se\/fr\/wp-json\/wp\/v2\/product\/14022","targetHints":{"allow":["GET"]}}],"collection":[{"href":"https:\/\/studiokoncept.se\/fr\/wp-json\/wp\/v2\/product"}],"about":[{"href":"https:\/\/studiokoncept.se\/fr\/wp-json\/wp\/v2\/types\/product"}],"version-history":[{"count":0,"href":"https:\/\/studiokoncept.se\/fr\/wp-json\/wp\/v2\/product\/14022\/revisions"}],"wp:featuredmedia":[{"embeddable":true,"href":"https:\/\/studiokoncept.se\/fr\/wp-json\/wp\/v2\/media\/14028"}],"wp:attachment":[{"href":"https:\/\/studiokoncept.se\/fr\/wp-json\/wp\/v2\/media?parent=14022"}],"wp:term":[{"taxonomy":"product_brand","embeddable":true,"href":"https:\/\/studiokoncept.se\/fr\/wp-json\/wp\/v2\/product_brand?post=14022"},{"taxonomy":"product_cat","embeddable":true,"href":"https:\/\/studiokoncept.se\/fr\/wp-json\/wp\/v2\/product_cat?post=14022"},{"taxonomy":"product_tag","embeddable":true,"href":"https:\/\/studiokoncept.se\/fr\/wp-json\/wp\/v2\/product_tag?post=14022"}],"curies":[{"name":"wp","href":"https:\/\/api.w.org\/{rel}","templated":true}]}}