{"id":13429,"date":"2023-01-12T22:17:29","date_gmt":"2023-01-12T21:17:29","guid":{"rendered":"https:\/\/studiokoncept.se\/?post_type=product&#038;p=13429"},"modified":"2023-07-09T14:42:18","modified_gmt":"2023-07-09T12:42:18","slug":"fezz-audio-lybra-300b-pse-evolution-kopia","status":"publish","type":"product","link":"https:\/\/studiokoncept.se\/fr\/shop\/elektronik\/integrerade-forstarkare\/fezz-audio-lybra-300b-pse-evolution-kopia\/","title":{"rendered":"Fezz Audio Lybra 300B PSE"},"content":{"rendered":"<p>Le FEZZ Audio Lybra 300B PSE est un amplificateur int\u00e9gr\u00e9 haut de gamme avec une configuration inhabituelle. Il utilise des tubes 300B dans une architecture de circuit parall\u00e8le asym\u00e9trique (PSE) pour d\u00e9livrer 2\u00d715 watts, ce qui est inhabituellement puissant pour un amplificateur 300B.<\/p>\n<p>Il s'agit d'un amplificateur qui allie \u00e9l\u00e9gance et expertise technique. Il est livr\u00e9 avec quatre tubes 300B, deux tubes 6SN7 et un tube 12AX7, tous pr\u00e9install\u00e9s et num\u00e9rot\u00e9s pour faciliter l'installation. Deux tubes 300B fonctionnent en parall\u00e8le pour chaque canal afin de d\u00e9livrer 15 watts de classe A parall\u00e8le simple en 4 ou 8 ohms.<\/p>\n<p>Notez que l'amplificateur ne comprend pas de potentiom\u00e8tre de volume motoris\u00e9 s'il est command\u00e9 sans t\u00e9l\u00e9commande.<\/p>\n<p>En termes de performances, le Lybra 300B PSE est plus raffin\u00e9, plus a\u00e9r\u00e9, plus transparent et plus subtil que certains autres amplificateurs. Il n'est pas aussi doux ou riche en cr\u00e8me que ce que l'on peut attendre d'un amplificateur bas\u00e9 sur le 300B, mais il pr\u00e9sente un tr\u00e8s bel \u00e9quilibre entre douceur et neutralit\u00e9.<\/p>\n<p>L'amplificateur fait partie de la s\u00e9rie Evolution, ce qui lui conf\u00e8re couleur, forme et \u00e9l\u00e9gance, avec une finition polyvalente qui s'int\u00e8gre dans une maison moderne.<\/p>","protected":false},"excerpt":{"rendered":"<h3>Un ampli con\u00e7u pour ceux qui aiment le son des tubes 300B mais qui veulent un peu plus de puissance.<\/h3>\n<p>La structure PSE (Parallel Single End) in\u00e9gal\u00e9e fonctionnant en classe A a \u00e9t\u00e9 construite avec des transformateurs toro\u00efdaux de la plus haute qualit\u00e9, con\u00e7us sp\u00e9cifiquement pour cet amplificateur. Cela garantit la lin\u00e9arit\u00e9 et une r\u00e9ponse en fr\u00e9quence \u00e9tendue. La dur\u00e9e de vie prolong\u00e9e des tubes est assur\u00e9e par la commutation retard\u00e9e de la tension d'anode. Le son unique des tubes 300B est libre, spacieux et tr\u00e8s engageant.<\/p>\n<p>FEZZ Audio Lybra 300B PSE est un amplificateur int\u00e9gr\u00e9 avec une architecture inhabituelle 300B PSE qui d\u00e9livre 2x15W, ce qui est inhabituel pour les amplificateurs 300B. Il est \u00e9quip\u00e9 de tubes 4x300B, 2x6SN7, 1x12AX7, tous pr\u00e9install\u00e9s. L'esth\u00e9tique des options de couleur contribue grandement \u00e0 l'int\u00e9gration de l'amplificateur dans votre int\u00e9rieur. De m\u00eame, en termes de son, vous disposez d'un son raffin\u00e9, a\u00e9r\u00e9 et transparent qui vous rend heureux.<\/p>","protected":false},"featured_media":12265,"template":"","meta":[],"product_brand":[],"product_cat":[159,275],"product_tag":[843],"class_list":{"0":"post-13429","1":"product","2":"type-product","3":"status-publish","4":"has-post-thumbnail","6":"product_cat-integrerade-forstarkare","7":"product_cat-rorforstarkare","8":"product_tag-fezz-audio-lybra-300b-pse-evolution","9":"product_shipping_class-standard","11":"first","12":"instock","13":"taxable","14":"shipping-taxable","15":"purchasable","16":"product-type-bundle"},"bundled_by":[],"bundle_stock_status":"instock","bundle_stock_quantity":"","bundle_virtual":false,"bundle_layout":"tabular","bundle_add_to_cart_form_location":"default","bundle_editable_in_cart":false,"bundle_sold_individually_context":"product","bundle_item_grouping":"parent","bundle_min_size":"","bundle_max_size":"","bundle_price":{"price":{"min":{"incl_tax":"63000","excl_tax":"50400"},"max":{"incl_tax":"156720","excl_tax":"125376"}},"regular_price":{"min":{"incl_tax":"63000","excl_tax":"50400"},"max":{"incl_tax":"158000","excl_tax":"126400"}}},"bundled_items":[{"bundled_item_id":86,"product_id":16978,"menu_order":0,"quantity_min":1,"quantity_max":2,"quantity_default":1,"priced_individually":true,"shipped_individually":false,"override_title":true,"title":"Fezz Audio Lybra 300B PSE","override_description":true,"description":"","optional":false,"hide_thumbnail":false,"discount":"","override_variations":false,"allowed_variations":[],"override_default_variation_attributes":false,"default_variation_attributes":[],"single_product_visibility":"visible","cart_visibility":"visible","order_visibility":"visible","single_product_price_visibility":"visible","cart_price_visibility":"visible","order_price_visibility":"visible","stock_status":"in_stock"},{"bundled_item_id":82,"product_id":15750,"menu_order":1,"quantity_min":0,"quantity_max":2,"quantity_default":0,"priced_individually":true,"shipped_individually":false,"override_title":true,"title":"En option : T\u00e9l\u00e9commande","override_description":false,"description":"","optional":false,"hide_thumbnail":true,"discount":"10","override_variations":false,"allowed_variations":[],"override_default_variation_attributes":false,"default_variation_attributes":[],"single_product_visibility":"visible","cart_visibility":"visible","order_visibility":"visible","single_product_price_visibility":"visible","cart_price_visibility":"visible","order_price_visibility":"visible","stock_status":"in_stock"},{"bundled_item_id":83,"product_id":15751,"menu_order":2,"quantity_min":0,"quantity_max":2,"quantity_default":0,"priced_individually":true,"shipped_individually":false,"override_title":true,"title":"En option : Entr\u00e9e HT (pr\u00e9-in)","override_description":false,"description":"","optional":false,"hide_thumbnail":true,"discount":"10","override_variations":false,"allowed_variations":[],"override_default_variation_attributes":false,"default_variation_attributes":[],"single_product_visibility":"visible","cart_visibility":"visible","order_visibility":"visible","single_product_price_visibility":"visible","cart_price_visibility":"visible","order_price_visibility":"visible","stock_status":"in_stock"},{"bundled_item_id":84,"product_id":15752,"menu_order":3,"quantity_min":0,"quantity_max":2,"quantity_default":0,"priced_individually":true,"shipped_individually":false,"override_title":true,"title":"En option : Sortie Sub (pr\u00e9-out)","override_description":false,"description":"","optional":false,"hide_thumbnail":true,"discount":"","override_variations":false,"allowed_variations":[],"override_default_variation_attributes":false,"default_variation_attributes":[],"single_product_visibility":"visible","cart_visibility":"visible","order_visibility":"visible","single_product_price_visibility":"visible","cart_price_visibility":"visible","order_price_visibility":"visible","stock_status":"in_stock"},{"bundled_item_id":85,"product_id":15753,"menu_order":4,"quantity_min":0,"quantity_max":2,"quantity_default":0,"priced_individually":true,"shipped_individually":false,"override_title":true,"title":"En option : Module Bluetooth","override_description":false,"description":"","optional":false,"hide_thumbnail":true,"discount":"","override_variations":false,"allowed_variations":[],"override_default_variation_attributes":false,"default_variation_attributes":[],"single_product_visibility":"visible","cart_visibility":"visible","order_visibility":"visible","single_product_price_visibility":"visible","cart_price_visibility":"visible","order_price_visibility":"visible","stock_status":"in_stock"},{"bundled_item_id":87,"product_id":15754,"menu_order":5,"quantity_min":0,"quantity_max":2,"quantity_default":0,"priced_individually":true,"shipped_individually":false,"override_title":true,"title":"En option : grille de protection","override_description":false,"description":"","optional":false,"hide_thumbnail":true,"discount":"","override_variations":false,"allowed_variations":[],"override_default_variation_attributes":false,"default_variation_attributes":[],"single_product_visibility":"visible","cart_visibility":"visible","order_visibility":"visible","single_product_price_visibility":"visible","cart_price_visibility":"visible","order_price_visibility":"visible","stock_status":"in_stock"}],"bundle_sell_ids":[],"_links":{"self":[{"href":"https:\/\/studiokoncept.se\/fr\/wp-json\/wp\/v2\/product\/13429","targetHints":{"allow":["GET"]}}],"collection":[{"href":"https:\/\/studiokoncept.se\/fr\/wp-json\/wp\/v2\/product"}],"about":[{"href":"https:\/\/studiokoncept.se\/fr\/wp-json\/wp\/v2\/types\/product"}],"version-history":[{"count":0,"href":"https:\/\/studiokoncept.se\/fr\/wp-json\/wp\/v2\/product\/13429\/revisions"}],"wp:featuredmedia":[{"embeddable":true,"href":"https:\/\/studiokoncept.se\/fr\/wp-json\/wp\/v2\/media\/12265"}],"wp:attachment":[{"href":"https:\/\/studiokoncept.se\/fr\/wp-json\/wp\/v2\/media?parent=13429"}],"wp:term":[{"taxonomy":"product_brand","embeddable":true,"href":"https:\/\/studiokoncept.se\/fr\/wp-json\/wp\/v2\/product_brand?post=13429"},{"taxonomy":"product_cat","embeddable":true,"href":"https:\/\/studiokoncept.se\/fr\/wp-json\/wp\/v2\/product_cat?post=13429"},{"taxonomy":"product_tag","embeddable":true,"href":"https:\/\/studiokoncept.se\/fr\/wp-json\/wp\/v2\/product_tag?post=13429"}],"curies":[{"name":"wp","href":"https:\/\/api.w.org\/{rel}","templated":true}]}}