{"id":11808,"date":"2022-09-20T09:28:34","date_gmt":"2022-09-20T07:28:34","guid":{"rendered":"https:\/\/studiokoncept.se\/?post_type=product&#038;p=11808"},"modified":"2024-07-30T22:34:29","modified_gmt":"2024-07-30T20:34:29","slug":"ifi-audio-go-bar","status":"publish","type":"product","link":"https:\/\/studiokoncept.se\/fr\/shop\/elektronik\/horlursforstarkare\/ifi-audio-go-bar\/","title":{"rendered":"Ifi Audio Go bar"},"content":{"rendered":"<p>Le Go Bar d'Ifi Audio est un DAC USB ultra-portable et un amplificateur de casque. Il a attir\u00e9 l'attention en tant que DAC dongle le plus puissant du march\u00e9 en utilisant les fonctionnalit\u00e9s d'Ifi Audio telles que Xbass et XSpace.<\/p>\n<p>La Go Bar d'Ifi Audio a une conception de circuit similaire \u00e0 celle qu'Ifi Audio utilise souvent, \u00e0 savoir une combinaison d'un microcontr\u00f4leur XMOS \u00e0 16 c\u0153urs avec un micrologiciel personnalis\u00e9 pour travailler en conjonction avec une puce logique Cirrus 32 bits de Master HiFi Audio. Il passe ensuite \u00e0 une solution sym\u00e9trique \u00e9quilibr\u00e9e \u00e0 deux canaux, qui est une conception d'amplificateur double mono qui, selon Ifi Audio, \u00e9limine la diaphonie et r\u00e9duit de mani\u00e8re significative les niveaux de bruit.<\/p>\n<p>La Go Bar d'Ifi Audio peut g\u00e9rer la plupart des formats majeurs, y compris le MQA enti\u00e8rement d\u00e9cod\u00e9. Au total, quatre formats peuvent \u00eatre ex\u00e9cut\u00e9s sur le Go Bar : DSD jusqu'\u00e0 12,3 MHz, PCM jusqu'\u00e0 32 bits et 384 kHz, et DXD \u00e0 352,8 ou 384 kHz. La section DAC dispose d'une fonction s\u00e9lectionnable permettant de choisir entre quatre filtres num\u00e9riques : bit-perfect, standard, phase minimale et Gibbs Transient Optimised.<\/p>\n<p>En ce qui concerne la puissance de sortie, l'Ifi Audio Go Bar a une puissance de sortie de 475mW du c\u00f4t\u00e9 sym\u00e9trique et de 300mW du c\u00f4t\u00e9 de l'extr\u00e9mit\u00e9 simple. La tension est de 7,2 volts, ce qui est plus \u00e9lev\u00e9 que le NEO et plus \u00e9lev\u00e9 que le xDSD Gryphon. L'imp\u00e9dance de sortie est indiqu\u00e9e comme \u00e9tant de 1\u03a9 sur les sections sym\u00e9triques et SE. La r\u00e9ponse en fr\u00e9quence semble s'\u00e9lever aux hautes fr\u00e9quences et est indiqu\u00e9e comme allant de 20 \u00e0 45 kHz.<\/p>\n<p>Du point de vue du design, le Go Bar d'Ifi Audio a beaucoup de LEDs, plus que d'autres dongles DAC. Il y a un total de neuf LEDs utilis\u00e9es pour tout ce qui concerne le bitrate, le format, XBass et XSpace, et m\u00eame le niveau de volume. Le Go Bar est assez volumineux et plus grand que la plupart des DACs \u00e0 dongle, mais il n'est pas trop lourd avec 28,5 grammes. Le Go Bar standard est en m\u00e9tal, et il semble que ce soit de l'aluminium de haute qualit\u00e9. La forme et le style de la Go Bar sont similaires \u00e0 ceux de la Black Edition, mais sa taille est beaucoup plus petite.<\/p>\n<p>L'Ifi Audio Go Bar dispose d'une connexion USB-C comme seule entr\u00e9e et de deux sorties casque, une connexion SE de 3,5 mm et un Pentaconn de 4,4 mm, typique de la plupart des DAC dongle aujourd'hui. Deux boutons de volume sont pr\u00e9sents \u00e0 bord. Un commutateur IEMatch \u00e0 3 voies se trouve \u00e0 c\u00f4t\u00e9 du bouton de volume n\u00e9gatif et un bouton de r\u00e9glage se trouve \u00e0 c\u00f4t\u00e9 du bouton de volume positif. Ce bouton de r\u00e9glage est utilis\u00e9 pour acc\u00e9der aux filtres DAC s\u00e9lectionnables et \u00e0 quelques autres fonctions.<\/p>","protected":false},"excerpt":{"rendered":"<h3>Amplificateur de casque pratique - avec DAC mais sans batterie.<\/h3>\n<p>La Go Bar a la taille d'un allume-cigare, c'est-\u00e0-dire qu'elle est tr\u00e8s flexible et se pr\u00e9sente sous la forme d'un bo\u00eetier en aluminium. Elle n'a PAS de batterie int\u00e9gr\u00e9e, mais est aliment\u00e9e uniquement par le c\u00e2ble USB. Il fonctionne avec un t\u00e9l\u00e9phone, mais il est pr\u00e9f\u00e9rable de le connecter \u00e0 un ordinateur ou \u00e0 un portable, car il tire l'\u00e9nergie de la batterie, ce qui r\u00e9duit sa dur\u00e9e de vie. Mais le c\u00f4t\u00e9 positif est qu'il n'y a pas de batterie qui peut mourir ou s'user apr\u00e8s quelques ann\u00e9es. Le GoBar dispose \u00e9galement d'un contr\u00f4le du volume \u00e0 l'aide de deux boutons situ\u00e9s sur le c\u00f4t\u00e9 et de la possibilit\u00e9 d'utiliser XBass+ et XSpace pour ceux qui souhaitent ajouter un peu plus de couleur au son.<\/p>\n<div>Des c\u00e2bles courts sont inclus pour la connexion \u00e0 l'iPhone Lightning et USB-C, ainsi qu'un petit \u00e9tui pour le ranger, mais aussi un petit connecteur court\/convertisseur pour convertir le \"gros\" USB en USB-C pour les ordinateurs plus anciens, etc.<\/div>","protected":false},"featured_media":11814,"template":"","meta":[],"product_brand":[],"product_cat":[163],"product_tag":[],"class_list":{"0":"post-11808","1":"product","2":"type-product","3":"status-publish","4":"has-post-thumbnail","6":"product_cat-horlursforstarkare","7":"product_shipping_class-standard","9":"first","10":"instock","11":"taxable","12":"shipping-taxable","13":"purchasable","14":"product-type-simple"},"bundled_by":[],"bundle_stock_status":"instock","bundle_stock_quantity":null,"bundle_virtual":false,"bundle_layout":"","bundle_add_to_cart_form_location":"","bundle_editable_in_cart":false,"bundle_sold_individually_context":"","bundle_item_grouping":"","bundle_min_size":"","bundle_max_size":"","bundle_price":[],"bundled_items":[],"bundle_sell_ids":[],"_links":{"self":[{"href":"https:\/\/studiokoncept.se\/fr\/wp-json\/wp\/v2\/product\/11808","targetHints":{"allow":["GET"]}}],"collection":[{"href":"https:\/\/studiokoncept.se\/fr\/wp-json\/wp\/v2\/product"}],"about":[{"href":"https:\/\/studiokoncept.se\/fr\/wp-json\/wp\/v2\/types\/product"}],"version-history":[{"count":0,"href":"https:\/\/studiokoncept.se\/fr\/wp-json\/wp\/v2\/product\/11808\/revisions"}],"wp:featuredmedia":[{"embeddable":true,"href":"https:\/\/studiokoncept.se\/fr\/wp-json\/wp\/v2\/media\/11814"}],"wp:attachment":[{"href":"https:\/\/studiokoncept.se\/fr\/wp-json\/wp\/v2\/media?parent=11808"}],"wp:term":[{"taxonomy":"product_brand","embeddable":true,"href":"https:\/\/studiokoncept.se\/fr\/wp-json\/wp\/v2\/product_brand?post=11808"},{"taxonomy":"product_cat","embeddable":true,"href":"https:\/\/studiokoncept.se\/fr\/wp-json\/wp\/v2\/product_cat?post=11808"},{"taxonomy":"product_tag","embeddable":true,"href":"https:\/\/studiokoncept.se\/fr\/wp-json\/wp\/v2\/product_tag?post=11808"}],"curies":[{"name":"wp","href":"https:\/\/api.w.org\/{rel}","templated":true}]}}