{"id":11228,"date":"2022-05-27T12:22:11","date_gmt":"2022-05-27T10:22:11","guid":{"rendered":"https:\/\/studiokoncept.se\/?post_type=product&#038;p=11228"},"modified":"2025-01-26T09:29:28","modified_gmt":"2025-01-26T08:29:28","slug":"gold-note-machiavelli-mkii-pickup","status":"publish","type":"product","link":"https:\/\/studiokoncept.se\/fr\/shop\/vinyl\/pickuper\/gold-note-machiavelli-mkii-pickup\/","title":{"rendered":"Gold Note MACHIAVELLI Gold MKII Pickup"},"content":{"rendered":"<p><h3><\/h3><\/p>","protected":false},"excerpt":{"rendered":"<p>Le micro Machiavelli MkII est un produit audio de haute qualit\u00e9 qui r\u00e9pond aux normes les plus \u00e9lev\u00e9es de l'industrie. Avec des performances dynamiques exceptionnelles et une musicalit\u00e9 engageante, ce micro est parfait pour explorer votre collection de vinyles. Le micro est log\u00e9 dans un corps en alliage aux formes \u00e9l\u00e9gantes, ce qui le rend non seulement fonctionnel mais aussi visuellement attrayant. Le Machiavelli Gold a un niveau de sortie de 0,4 mV et un tube d'aiguille extra rigide qui garantit l'alignement de la tige en diamant avec le point de contact.<\/p>\n<p>Il s'agit d'une excellente solution pour <a href=\"https:\/\/studiokoncept.se\/fr\/shop\/vinyl\/skivspelare\/gold-note-giglio-med-tillbehor\/\" target=\"_blank\" rel=\"noopener\">Le lecteur de disques Giglio<\/a> pour ceux qui pr\u00e9f\u00e8rent jouer tous les types de musique \u00e0 l'exception du rock-metal tr\u00e8s lourd et tr\u00e8s dur, etc. le mod\u00e8le RED peut \u00eatre pr\u00e9f\u00e9rable.<\/p>","protected":false},"featured_media":19444,"template":"","meta":[],"product_brand":[],"product_cat":[317],"product_tag":[804],"class_list":{"0":"post-11228","1":"product","2":"type-product","3":"status-publish","4":"has-post-thumbnail","6":"product_cat-pickuper","7":"product_tag-gold-note-machiavelli","8":"product_shipping_class-standard","10":"first","11":"instock","12":"taxable","13":"shipping-taxable","14":"purchasable","15":"product-type-simple"},"bundled_by":[],"bundle_stock_status":"instock","bundle_stock_quantity":null,"bundle_virtual":false,"bundle_layout":"","bundle_add_to_cart_form_location":"","bundle_editable_in_cart":false,"bundle_sold_individually_context":"","bundle_item_grouping":"","bundle_min_size":"","bundle_max_size":"","bundle_price":[],"bundled_items":[],"bundle_sell_ids":[],"_links":{"self":[{"href":"https:\/\/studiokoncept.se\/fr\/wp-json\/wp\/v2\/product\/11228","targetHints":{"allow":["GET"]}}],"collection":[{"href":"https:\/\/studiokoncept.se\/fr\/wp-json\/wp\/v2\/product"}],"about":[{"href":"https:\/\/studiokoncept.se\/fr\/wp-json\/wp\/v2\/types\/product"}],"version-history":[{"count":0,"href":"https:\/\/studiokoncept.se\/fr\/wp-json\/wp\/v2\/product\/11228\/revisions"}],"wp:featuredmedia":[{"embeddable":true,"href":"https:\/\/studiokoncept.se\/fr\/wp-json\/wp\/v2\/media\/19444"}],"wp:attachment":[{"href":"https:\/\/studiokoncept.se\/fr\/wp-json\/wp\/v2\/media?parent=11228"}],"wp:term":[{"taxonomy":"product_brand","embeddable":true,"href":"https:\/\/studiokoncept.se\/fr\/wp-json\/wp\/v2\/product_brand?post=11228"},{"taxonomy":"product_cat","embeddable":true,"href":"https:\/\/studiokoncept.se\/fr\/wp-json\/wp\/v2\/product_cat?post=11228"},{"taxonomy":"product_tag","embeddable":true,"href":"https:\/\/studiokoncept.se\/fr\/wp-json\/wp\/v2\/product_tag?post=11228"}],"curies":[{"name":"wp","href":"https:\/\/api.w.org\/{rel}","templated":true}]}}