{"id":11167,"date":"2022-04-16T11:51:44","date_gmt":"2022-04-16T09:51:44","guid":{"rendered":"https:\/\/studiokoncept.se\/?post_type=product&#038;p=11167"},"modified":"2025-01-26T13:34:03","modified_gmt":"2025-01-26T12:34:03","slug":"gold-note-tube-1012linjesteg-med-ror","status":"publish","type":"product","link":"https:\/\/studiokoncept.se\/fr\/shop\/elektronik\/forsteg\/gold-note-tube-1012linjesteg-med-ror\/","title":{"rendered":"Gold Note Tube-1012 &amp; Tube-1006"},"content":{"rendered":"<p>Le TUBE-1012\/1006 est le meilleur moyen d'am\u00e9liorer l'\u00e9lectronique Gold Note, ou les produits de tout autre fabricant, et d'atteindre un tout nouveau niveau de performance dans la vie musicale. En particulier si vous avez des produits \u00e0 transistors, vous pouvez obtenir le meilleur des deux mondes ; par exemple, la puissance des transistors m\u00e9lang\u00e9e aux tubes de ce produit. Parfait !<br \/>\nIl s'agit d'un \u00e9tage de sortie \u00e0 tubes de classe A de type Totem-Pole avec 12 tubes 6n1p pour le mod\u00e8le 1012 et 6 tubes 6n1p pour le mod\u00e8le 1006. Pour les tubes de remplacement, voir <a href=\"https:\/\/www.goldnote.it\/download\/manual\/TUBE-1012-1006.pdf\" target=\"_blank\" rel=\"noopener\">les manuels<\/a>. Six \u00e9tages audio ind\u00e9pendants par tube individuel garantissent une r\u00e9ponse en fr\u00e9quence extr\u00eamement \u00e9tendue et une distorsion ultra-faible pour d\u00e9livrer le signal audio le plus pur qui soit.<\/p>\n<p><strong>Placement<\/strong>Le tube est plac\u00e9 entre une source telle qu'un DAC, un DAC\/Streamer, un lecteur CD, un \u00e9tage phono et un amplificateur int\u00e9gr\u00e9 ou un pr\u00e9amplificateur. Les tubes et les amplificateurs sont capables de fournir un contr\u00f4le et une d\u00e9finition \u00e9tonnants, donnant un r\u00e9alisme exceptionnel dans la reproduction de la musique. Mais si vous pr\u00e9f\u00e9rez le son chaud des tubes et que vous souhaitez porter votre syst\u00e8me \u00e0 son plus haut niveau de performance, le TUBE-1012 ou le TUBE-1012 est la solution \u00e0 retenir. Connectez-le \u00e0 votre \u00e9lectronique Gold Note et vous entendrez l'\u00e9tat solide et les tubes jouer en parfaite harmonie pour offrir la meilleure exp\u00e9rience d'\u00e9coute haut de gamme.<\/p>\n<p><strong>Connexions :<\/strong> Gr\u00e2ce aux 3 entr\u00e9es audio situ\u00e9es \u00e0 l'arri\u00e8re du panneau, l'\u00e9tage de sortie \u00e0 tubes TUBE peut \u00eatre connect\u00e9 \u00e0 3 sources simultan\u00e9ment en utilisant TUBE INPUT pour les sources Gold Note (il s'agit d'un XLR \u00e0 5 broches qui g\u00e8re \u00e0 la fois l'entr\u00e9e et la sortie) et 2 LINE INPUT + 2 LINE OUTPUT (RCA et XLR) pour les autres fabricants. La s\u00e9lection de l'entr\u00e9e se fait \u00e0 partir du panneau avant pour un maximum de commodit\u00e9 et de facilit\u00e9 d'utilisation. Toutefois, un TUBE ne peut desservir qu'un seul produit \u00e0 la fois.<\/p>\n<p><strong>Manipulation ais\u00e9e :\u00a0<\/strong>Pas de r\u00e9glage de la polarisation. Longue dur\u00e9e de vie des tubes de TUBE car aucun tube de puissance n'est n\u00e9cessaire. L'absence de tubes de puissance signifie \u00e9galement qu'il ne g\u00e9n\u00e8re pas autant de chaleur.<\/p>","protected":false},"excerpt":{"rendered":"<h4>Le coup de g\u00e9nie de Gold Note ! Une marche de sortie de tuyau universelle !<\/h4>\n<p>Gold Note a cr\u00e9\u00e9 un produit \u00e0 tubes incroyablement excitant : un point de d\u00e9part avec des tubes pour une reproduction musicale merveilleusement vivante, riche et nuanc\u00e9e.<br \/>\nVous pouvez le placer, par exemple, entre le pr\u00e9-\u00e9tage et l'\u00e9tage final ou peut-\u00eatre entre un lecteur CD\/DAC\/\u00e9tage phono et un amplificateur int\u00e9gr\u00e9 et ajouter ainsi la magie des tubes, le nerf des instruments et le flux sonore musical. En termes de son, nous pouvons r\u00e9sumer les deux mod\u00e8les de telle sorte que le Tube 1012 apporte plus de qualit\u00e9 de tube que le mod\u00e8le 1006.<\/p>\n<p>Le tube n'est pas li\u00e9 \u00e1 Gold Note et peut \u00eatre utilis\u00e9 librement.<\/p>","protected":false},"featured_media":19379,"template":"","meta":[],"product_brand":[],"product_cat":[160,275],"product_tag":[807],"class_list":{"0":"post-11167","1":"product","2":"type-product","3":"status-publish","4":"has-post-thumbnail","6":"product_cat-forsteg","7":"product_cat-rorforstarkare","8":"product_tag-gold-note-tube","9":"product_shipping_class-standard","11":"first","12":"instock","13":"taxable","14":"shipping-taxable","15":"purchasable","16":"product-type-variable","17":"has-default-attributes"},"bundled_by":["16004","19284"],"bundle_stock_status":"instock","bundle_stock_quantity":null,"bundle_virtual":false,"bundle_layout":"","bundle_add_to_cart_form_location":"","bundle_editable_in_cart":false,"bundle_sold_individually_context":"","bundle_item_grouping":"","bundle_min_size":"","bundle_max_size":"","bundle_price":[],"bundled_items":[],"bundle_sell_ids":[],"_links":{"self":[{"href":"https:\/\/studiokoncept.se\/fr\/wp-json\/wp\/v2\/product\/11167","targetHints":{"allow":["GET"]}}],"collection":[{"href":"https:\/\/studiokoncept.se\/fr\/wp-json\/wp\/v2\/product"}],"about":[{"href":"https:\/\/studiokoncept.se\/fr\/wp-json\/wp\/v2\/types\/product"}],"version-history":[{"count":0,"href":"https:\/\/studiokoncept.se\/fr\/wp-json\/wp\/v2\/product\/11167\/revisions"}],"wp:featuredmedia":[{"embeddable":true,"href":"https:\/\/studiokoncept.se\/fr\/wp-json\/wp\/v2\/media\/19379"}],"wp:attachment":[{"href":"https:\/\/studiokoncept.se\/fr\/wp-json\/wp\/v2\/media?parent=11167"}],"wp:term":[{"taxonomy":"product_brand","embeddable":true,"href":"https:\/\/studiokoncept.se\/fr\/wp-json\/wp\/v2\/product_brand?post=11167"},{"taxonomy":"product_cat","embeddable":true,"href":"https:\/\/studiokoncept.se\/fr\/wp-json\/wp\/v2\/product_cat?post=11167"},{"taxonomy":"product_tag","embeddable":true,"href":"https:\/\/studiokoncept.se\/fr\/wp-json\/wp\/v2\/product_tag?post=11167"}],"curies":[{"name":"wp","href":"https:\/\/api.w.org\/{rel}","templated":true}]}}