{"id":11153,"date":"2022-04-16T07:57:05","date_gmt":"2022-04-16T05:57:05","guid":{"rendered":"https:\/\/studiokoncept.se\/?post_type=product&#038;p=11153"},"modified":"2025-01-26T13:35:32","modified_gmt":"2025-01-26T12:35:32","slug":"gold-note-psu-1000psu-1000-serien-externa-natdelar","status":"publish","type":"product","link":"https:\/\/studiokoncept.se\/fr\/shop\/elektronik\/separat-natdel\/gold-note-psu-1000psu-1000-serien-externa-natdelar\/","title":{"rendered":"Gold Note PSU-1000 et 1250, Alimentations externes"},"content":{"rendered":"<p>Cr\u00e9e des conditions de fonctionnement id\u00e9ales pour la s\u00e9rie Gold Notes 1000.<\/p>\n<p>Les PSU-1250 et PSU-1000 sont des blocs d'alimentation externes super-inductifs destin\u00e9s \u00e0 la s\u00e9rie Gold Note 1000, tels que <a href=\"https:\/\/studiokoncept.se\/fr\/shop\/elektronik\/dac\/gold-note-cd-1000-mkii-deluxe\/\" target=\"_blank\" rel=\"noopener\">CD-1000<\/a>, <a href=\"https:\/\/studiokoncept.se\/fr\/shop\/elektronik\/forsteg\/gold-note-ds-1000-mkii\/\" target=\"_blank\" rel=\"noopener\">DS-1000 EVO,<\/a> <a href=\"https:\/\/studiokoncept.se\/fr\/shop\/vinyl\/riaa\/gold-note-ph-1000-phono-forsteg\/\" target=\"_blank\" rel=\"noopener\">PH-1000<\/a>et <a href=\"https:\/\/studiokoncept.se\/fr\/shop\/elektronik\/forsteg\/gold-note-p-1000-forsteg\/\" target=\"_blank\" rel=\"noopener\">P-1000 MK II Deluxe<\/a>.<\/p>\n<p>La PSU-1250 est con\u00e7ue avec 7 transformateurs. 4 transformateurs sont d\u00e9di\u00e9s exclusivement au courant, un pour l'isolation galvanique du son, et 3 d\u00e9di\u00e9s au filtre inductif \u00e0 double self.<\/p>\n<p>La PSU-1000 est aliment\u00e9e par une conception \u00e0 5 transformateurs, utilisant 4 transformateurs pour l'alimentation et l'isolation galvanique et un pour le filtre inductif \u00e0 double self.<\/p>\n<p>ULTRA CLEAR POWER Les blocs d'alimentation externes filtrent parfaitement le courant alternatif et \u00e9liminent les interf\u00e9rences et le bruit \u00e9lectrique du syst\u00e8me d'alimentation, ce qui permet \u00e0 l'\u00e9lectronique de fonctionner de mani\u00e8re optimale. Surtout, ils veillent \u00e0 ce que l'\u00e9lectronique re\u00e7oive toujours la quantit\u00e9 optimale d'\u00e9nergie sans g\u00e9n\u00e9rer d'EMI (interf\u00e9rences \u00e9lectromagn\u00e9tiques) ou de RFI (interf\u00e9rences de fr\u00e9quence radio) susceptibles d'affecter le signal audio. Avec les PSU-1250 et PSU-1000, votre syst\u00e8me offrira une plus grande dynamique, une meilleure r\u00e9solution et des d\u00e9tails plus fins pour un meilleur r\u00e9alisme partout et un niveau de musicalit\u00e9 plus \u00e9lev\u00e9.<\/p>\n<p>\u00c9COUTE\/EXPERIENCE : Je recommande vivement le mod\u00e8le 1250, qui offre un excellent rapport qualit\u00e9-prix. Le passage au mod\u00e8le 1000 est plus important qu'il n'y para\u00eet.<\/p>","protected":false},"excerpt":{"rendered":"<h4>Puissance propre \u21d2 Son propre<\/h4>\n<p>La s\u00e9rie Gold Note PSU-1000 repr\u00e9sente une solution d'alimentation de pointe et est exclusivement con\u00e7ue pour am\u00e9liorer les performances des produits Gold Note de la s\u00e9rie 1000.<\/p>\n<ul>\n<li><a style=\"font-size: 16px;\" href=\"https:\/\/studiokoncept.se\/fr\/produit\/gold-note-cd-1000-mkii-deluxe\/\" target=\"_blank\" rel=\"noopener\">CD-1000<\/a><\/li>\n<li><a href=\"https:\/\/studiokoncept.se\/fr\/shop\/elektronik\/forsteg\/gold-note-ds-1000-mkii\/\" target=\"_blank\" rel=\"noopener\">DS-1000 EVO<\/a><\/li>\n<li><a href=\"https:\/\/studiokoncept.se\/fr\/produit\/gold-note-p-1000-forsteg\/\" target=\"_blank\" rel=\"noopener noreferrer\">P-1000 MK II Deluxe<\/a><\/li>\n<li><a href=\"https:\/\/studiokoncept.se\/fr\/produit\/gold-note-ph-1000-phono-forsteg\/#ph-1000-och-ph-1000-line\" target=\"_blank\" rel=\"noopener\">PH-1000<\/a><\/li>\n<\/ul>\n<p>Dot\u00e9 d'une technologie innovante et d'un design italien, ce bloc d'alimentation de haute qualit\u00e9 fournit une \u00e9nergie propre et ininterrompue \u00e0 votre syst\u00e8me audio.<\/p>\n<p><strong>Plus d'informations dans les onglets ci-dessous. <\/strong><\/p>","protected":false},"featured_media":19372,"template":"","meta":[],"product_brand":[],"product_cat":[302],"product_tag":[808],"class_list":{"0":"post-11153","1":"product","2":"type-product","3":"status-publish","4":"has-post-thumbnail","6":"product_cat-separat-natdel","7":"product_tag-gold-note-psu-1000","8":"product_shipping_class-standard","10":"first","11":"instock","12":"taxable","13":"shipping-taxable","14":"purchasable","15":"product-type-variable","16":"has-default-attributes"},"bundled_by":["16004","19284"],"bundle_stock_status":"instock","bundle_stock_quantity":null,"bundle_virtual":false,"bundle_layout":"","bundle_add_to_cart_form_location":"","bundle_editable_in_cart":false,"bundle_sold_individually_context":"","bundle_item_grouping":"","bundle_min_size":"","bundle_max_size":"","bundle_price":[],"bundled_items":[],"bundle_sell_ids":[],"_links":{"self":[{"href":"https:\/\/studiokoncept.se\/fr\/wp-json\/wp\/v2\/product\/11153","targetHints":{"allow":["GET"]}}],"collection":[{"href":"https:\/\/studiokoncept.se\/fr\/wp-json\/wp\/v2\/product"}],"about":[{"href":"https:\/\/studiokoncept.se\/fr\/wp-json\/wp\/v2\/types\/product"}],"version-history":[{"count":0,"href":"https:\/\/studiokoncept.se\/fr\/wp-json\/wp\/v2\/product\/11153\/revisions"}],"wp:featuredmedia":[{"embeddable":true,"href":"https:\/\/studiokoncept.se\/fr\/wp-json\/wp\/v2\/media\/19372"}],"wp:attachment":[{"href":"https:\/\/studiokoncept.se\/fr\/wp-json\/wp\/v2\/media?parent=11153"}],"wp:term":[{"taxonomy":"product_brand","embeddable":true,"href":"https:\/\/studiokoncept.se\/fr\/wp-json\/wp\/v2\/product_brand?post=11153"},{"taxonomy":"product_cat","embeddable":true,"href":"https:\/\/studiokoncept.se\/fr\/wp-json\/wp\/v2\/product_cat?post=11153"},{"taxonomy":"product_tag","embeddable":true,"href":"https:\/\/studiokoncept.se\/fr\/wp-json\/wp\/v2\/product_tag?post=11153"}],"curies":[{"name":"wp","href":"https:\/\/api.w.org\/{rel}","templated":true}]}}