{"id":11022,"date":"2022-02-06T22:00:50","date_gmt":"2022-02-06T21:00:50","guid":{"rendered":"https:\/\/studiokoncept.se\/?post_type=product&#038;p=11022"},"modified":"2024-01-22T12:39:17","modified_gmt":"2024-01-22T11:39:17","slug":"entreq-magma-infinity-tungsten-45mm-kopia","status":"publish","type":"product","link":"https:\/\/studiokoncept.se\/fr\/produkt\/entreq-magma-infinity-tungsten-45mm-kopia\/","title":{"rendered":"S\u00e9rie Entreq Magma"},"content":{"rendered":"<p><h3><\/h3><\/p>","protected":false},"excerpt":{"rendered":"<p>La base du pied est la construction en bois \u00e0 trois couches qui absorbe la plupart des \u00e9nergies m\u00e9caniques. \u00c0 l'int\u00e9rieur, par exemple, un m\u00e9lange d'argent, d'acier inoxydable, de tungst\u00e8ne, de cuivre, de magn\u00e9sium, de zinc, d'acier et de c\u00e9ramique est utilis\u00e9 pour convertir l'\u00e9nergie m\u00e9canique en chaleur. Ce m\u00e9lange de m\u00e9taux et de min\u00e9raux cr\u00e9e \u00e9galement un champ magn\u00e9tique autour de chaque magma qui affecte positivement l'\u00e9lectronique.<br \/>\n3 Les magmas sont g\u00e9n\u00e9ralement basiques. Mais comme les r\u00e9sultats varient en fonction de la quantit\u00e9 utilis\u00e9e, il faut exp\u00e9rimenter si l'on veut maximiser le r\u00e9sultat.<\/p>\n<p>Ils peuvent \u00e9galement \u00eatre plac\u00e9s sous les bo\u00eetes \u00e0 terre Olympus et Poseidon, par exemple.<\/p>\n<p>&nbsp;<\/p>","protected":false},"featured_media":10801,"template":"","meta":[],"product_brand":[],"product_cat":[175,177],"product_tag":[692,716,717],"class_list":{"0":"post-11022","1":"product","2":"type-product","3":"status-publish","4":"has-post-thumbnail","6":"product_cat-fotter","7":"product_cat-ovrigt","8":"product_tag-entreq","9":"product_tag-entreq-fotter","10":"product_tag-fotter","11":"product_shipping_class-standard","13":"first","14":"instock","15":"taxable","16":"shipping-taxable","17":"purchasable","18":"product-type-variable"},"bundled_by":[],"bundle_stock_status":"instock","bundle_stock_quantity":null,"bundle_virtual":false,"bundle_layout":"","bundle_add_to_cart_form_location":"","bundle_editable_in_cart":false,"bundle_sold_individually_context":"","bundle_item_grouping":"","bundle_min_size":"","bundle_max_size":"","bundle_price":[],"bundled_items":[],"bundle_sell_ids":[],"_links":{"self":[{"href":"https:\/\/studiokoncept.se\/fr\/wp-json\/wp\/v2\/product\/11022","targetHints":{"allow":["GET"]}}],"collection":[{"href":"https:\/\/studiokoncept.se\/fr\/wp-json\/wp\/v2\/product"}],"about":[{"href":"https:\/\/studiokoncept.se\/fr\/wp-json\/wp\/v2\/types\/product"}],"version-history":[{"count":0,"href":"https:\/\/studiokoncept.se\/fr\/wp-json\/wp\/v2\/product\/11022\/revisions"}],"wp:featuredmedia":[{"embeddable":true,"href":"https:\/\/studiokoncept.se\/fr\/wp-json\/wp\/v2\/media\/10801"}],"wp:attachment":[{"href":"https:\/\/studiokoncept.se\/fr\/wp-json\/wp\/v2\/media?parent=11022"}],"wp:term":[{"taxonomy":"product_brand","embeddable":true,"href":"https:\/\/studiokoncept.se\/fr\/wp-json\/wp\/v2\/product_brand?post=11022"},{"taxonomy":"product_cat","embeddable":true,"href":"https:\/\/studiokoncept.se\/fr\/wp-json\/wp\/v2\/product_cat?post=11022"},{"taxonomy":"product_tag","embeddable":true,"href":"https:\/\/studiokoncept.se\/fr\/wp-json\/wp\/v2\/product_tag?post=11022"}],"curies":[{"name":"wp","href":"https:\/\/api.w.org\/{rel}","templated":true}]}}