{"id":11012,"date":"2022-02-06T13:21:04","date_gmt":"2022-02-06T12:21:04","guid":{"rendered":"https:\/\/studiokoncept.se\/?post_type=product&#038;p=11012"},"modified":"2024-07-09T09:45:13","modified_gmt":"2024-07-09T07:45:13","slug":"entreq-primer-infinity-lan-kabel-rj-45","status":"publish","type":"product","link":"https:\/\/studiokoncept.se\/fr\/shop\/kablar\/digitala-kablar\/natverkskablar\/entreq-primer-infinity-lan-kabel-rj-45\/","title":{"rendered":"Entreq Primer Infinity C\u00e2ble LAN RJ 45"},"content":{"rendered":"","protected":false},"excerpt":{"rendered":"<p>Le c\u00e2ble r\u00e9seau RJ 45 de la s\u00e9rie Primer Infinity d'Entreqs est une solution pratique car le bo\u00eetier de mise \u00e0 la terre inclus est relativement petit et donc facile \u00e0 placer.<\/p>\n<p>Prix par pi\u00e8ce.<\/p>\n<p>Veuillez nous contacter pour d'autres longueurs.<\/p>","protected":false},"featured_media":11002,"template":"","meta":[],"product_brand":[],"product_cat":[494],"product_tag":[692,700],"class_list":{"0":"post-11012","1":"product","2":"type-product","3":"status-publish","4":"has-post-thumbnail","6":"product_cat-natverkskablar","7":"product_tag-entreq","8":"product_tag-entreq-lan-kablar","9":"product_shipping_class-standard","11":"first","12":"instock","13":"taxable","14":"shipping-taxable","15":"purchasable","16":"product-type-variable"},"bundled_by":[],"bundle_stock_status":"instock","bundle_stock_quantity":null,"bundle_virtual":false,"bundle_layout":"","bundle_add_to_cart_form_location":"","bundle_editable_in_cart":false,"bundle_sold_individually_context":"","bundle_item_grouping":"","bundle_min_size":"","bundle_max_size":"","bundle_price":[],"bundled_items":[],"bundle_sell_ids":[],"_links":{"self":[{"href":"https:\/\/studiokoncept.se\/fr\/wp-json\/wp\/v2\/product\/11012","targetHints":{"allow":["GET"]}}],"collection":[{"href":"https:\/\/studiokoncept.se\/fr\/wp-json\/wp\/v2\/product"}],"about":[{"href":"https:\/\/studiokoncept.se\/fr\/wp-json\/wp\/v2\/types\/product"}],"version-history":[{"count":0,"href":"https:\/\/studiokoncept.se\/fr\/wp-json\/wp\/v2\/product\/11012\/revisions"}],"wp:featuredmedia":[{"embeddable":true,"href":"https:\/\/studiokoncept.se\/fr\/wp-json\/wp\/v2\/media\/11002"}],"wp:attachment":[{"href":"https:\/\/studiokoncept.se\/fr\/wp-json\/wp\/v2\/media?parent=11012"}],"wp:term":[{"taxonomy":"product_brand","embeddable":true,"href":"https:\/\/studiokoncept.se\/fr\/wp-json\/wp\/v2\/product_brand?post=11012"},{"taxonomy":"product_cat","embeddable":true,"href":"https:\/\/studiokoncept.se\/fr\/wp-json\/wp\/v2\/product_cat?post=11012"},{"taxonomy":"product_tag","embeddable":true,"href":"https:\/\/studiokoncept.se\/fr\/wp-json\/wp\/v2\/product_tag?post=11012"}],"curies":[{"name":"wp","href":"https:\/\/api.w.org\/{rel}","templated":true}]}}