{"id":11009,"date":"2022-02-06T13:10:26","date_gmt":"2022-02-06T12:10:26","guid":{"rendered":"https:\/\/studiokoncept.se\/?post_type=product&#038;p=11009"},"modified":"2024-07-09T09:46:53","modified_gmt":"2024-07-09T07:46:53","slug":"entreq-primer-infinity-signalkabel-xlr","status":"publish","type":"product","link":"https:\/\/studiokoncept.se\/fr\/produkt\/entreq-primer-infinity-signalkabel-xlr\/","title":{"rendered":"C\u00e2ble de signal XLR Entreq Primer Infinity"},"content":{"rendered":"","protected":false},"excerpt":{"rendered":"<p>Le c\u00e2ble sym\u00e9trique XLR de la s\u00e9rie Primer Infinity d'Entreqs est une solution pratique car la bo\u00eete de mise \u00e0 la terre incluse est relativement petite et donc facile \u00e0 placer.<\/p>\n<p><span style=\"font-size: inherit; font-family: -apple-system, system-ui, BlinkMacSystemFont, 'Segoe UI', Helvetica, Arial, sans-serif, 'Apple Color Emoji', 'Segoe UI Emoji', 'Segoe UI Symbol';\">Prix par paire. <\/span><\/p>\n<p><span style=\"font-size: inherit; font-family: -apple-system, system-ui, BlinkMacSystemFont, 'Segoe UI', Helvetica, Arial, sans-serif, 'Apple Color Emoji', 'Segoe UI Emoji', 'Segoe UI Symbol';\">Veuillez nous contacter pour d'autres longueurs.<\/span><\/p>","protected":false},"featured_media":11004,"template":"","meta":[],"product_brand":[],"product_cat":[630],"product_tag":[692,694],"class_list":{"0":"post-11009","1":"product","2":"type-product","3":"status-publish","4":"has-post-thumbnail","6":"product_cat-xlr-balanserade-signalkablar","7":"product_tag-entreq","8":"product_tag-entreq-analoga-xlr-kablar","9":"product_shipping_class-standard","11":"first","12":"instock","13":"taxable","14":"shipping-taxable","15":"purchasable","16":"product-type-variable","17":"has-default-attributes"},"bundled_by":[],"bundle_stock_status":"instock","bundle_stock_quantity":null,"bundle_virtual":false,"bundle_layout":"","bundle_add_to_cart_form_location":"","bundle_editable_in_cart":false,"bundle_sold_individually_context":"","bundle_item_grouping":"","bundle_min_size":"","bundle_max_size":"","bundle_price":[],"bundled_items":[],"bundle_sell_ids":[],"_links":{"self":[{"href":"https:\/\/studiokoncept.se\/fr\/wp-json\/wp\/v2\/product\/11009","targetHints":{"allow":["GET"]}}],"collection":[{"href":"https:\/\/studiokoncept.se\/fr\/wp-json\/wp\/v2\/product"}],"about":[{"href":"https:\/\/studiokoncept.se\/fr\/wp-json\/wp\/v2\/types\/product"}],"version-history":[{"count":0,"href":"https:\/\/studiokoncept.se\/fr\/wp-json\/wp\/v2\/product\/11009\/revisions"}],"wp:featuredmedia":[{"embeddable":true,"href":"https:\/\/studiokoncept.se\/fr\/wp-json\/wp\/v2\/media\/11004"}],"wp:attachment":[{"href":"https:\/\/studiokoncept.se\/fr\/wp-json\/wp\/v2\/media?parent=11009"}],"wp:term":[{"taxonomy":"product_brand","embeddable":true,"href":"https:\/\/studiokoncept.se\/fr\/wp-json\/wp\/v2\/product_brand?post=11009"},{"taxonomy":"product_cat","embeddable":true,"href":"https:\/\/studiokoncept.se\/fr\/wp-json\/wp\/v2\/product_cat?post=11009"},{"taxonomy":"product_tag","embeddable":true,"href":"https:\/\/studiokoncept.se\/fr\/wp-json\/wp\/v2\/product_tag?post=11009"}],"curies":[{"name":"wp","href":"https:\/\/api.w.org\/{rel}","templated":true}]}}