{"id":10820,"date":"2022-01-13T09:32:52","date_gmt":"2022-01-13T08:32:52","guid":{"rendered":"https:\/\/studiokoncept.se\/?post_type=product&#038;p=10820"},"modified":"2023-05-24T15:54:08","modified_gmt":"2023-05-24T13:54:08","slug":"hero","status":"publish","type":"product","link":"https:\/\/studiokoncept.se\/fr\/shop\/jordning\/entreq-jordlador\/jordboxar-tungsten-line\/hero\/","title":{"rendered":"H\u00e9ros"},"content":{"rendered":"<p><h3><\/h3><\/p>","protected":false},"excerpt":{"rendered":"<h3>Hero est le vaisseau amiral d'Entreq<\/h3>\n<p>Il se compose de 5 Olympus Infinity Tungsten isol\u00e9s et du meilleur Cleanus disponible (c\u00e2ble d'alimentation pour Cleanus non inclus mais disponible en option ci-dessous).<br \/>\nIl dispose de 10 points de connexion et peut \u00eatre connect\u00e9 \u00e0 un maximum de 10 produits d'un poids combin\u00e9 maximum de 225 kg. Les 5 bo\u00eetes de terre \u00e9tant isol\u00e9es les unes des autres, la s\u00e9paration des produits analogiques et num\u00e9riques est facile \u00e0 g\u00e9rer.<br \/>\nHero ; L36 x P49 x H50 ; 60 kg<\/p>\n<p><a href=\"https:\/\/studiokoncept.se\/fr\/produit\/eartha-kablar\/\" target=\"_blank\" rel=\"noopener\">Les c\u00e2bles Eartha appropri\u00e9s sont disponibles ici<\/a>. Le Eartha infinity Olympus est de loin le meilleur c\u00e2ble Eartha et est fortement recommand\u00e9.<\/p>","protected":false},"featured_media":10819,"template":"","meta":[],"product_brand":[],"product_cat":[189,596],"product_tag":[692,703],"class_list":{"0":"post-10820","1":"product","2":"type-product","3":"status-publish","4":"has-post-thumbnail","6":"product_cat-entreq-jordlador","7":"product_cat-jordboxar-tungsten-line","8":"product_tag-entreq","9":"product_tag-entreq-jordboxar-tungsten","10":"product_shipping_class-standard","12":"first","13":"instock","14":"taxable","15":"shipping-taxable","16":"purchasable","17":"product-type-variable","18":"has-default-attributes"},"bundled_by":[],"bundle_stock_status":"instock","bundle_stock_quantity":null,"bundle_virtual":false,"bundle_layout":"","bundle_add_to_cart_form_location":"","bundle_editable_in_cart":false,"bundle_sold_individually_context":"","bundle_item_grouping":"","bundle_min_size":"","bundle_max_size":"","bundle_price":[],"bundled_items":[],"bundle_sell_ids":[],"_links":{"self":[{"href":"https:\/\/studiokoncept.se\/fr\/wp-json\/wp\/v2\/product\/10820","targetHints":{"allow":["GET"]}}],"collection":[{"href":"https:\/\/studiokoncept.se\/fr\/wp-json\/wp\/v2\/product"}],"about":[{"href":"https:\/\/studiokoncept.se\/fr\/wp-json\/wp\/v2\/types\/product"}],"version-history":[{"count":0,"href":"https:\/\/studiokoncept.se\/fr\/wp-json\/wp\/v2\/product\/10820\/revisions"}],"wp:featuredmedia":[{"embeddable":true,"href":"https:\/\/studiokoncept.se\/fr\/wp-json\/wp\/v2\/media\/10819"}],"wp:attachment":[{"href":"https:\/\/studiokoncept.se\/fr\/wp-json\/wp\/v2\/media?parent=10820"}],"wp:term":[{"taxonomy":"product_brand","embeddable":true,"href":"https:\/\/studiokoncept.se\/fr\/wp-json\/wp\/v2\/product_brand?post=10820"},{"taxonomy":"product_cat","embeddable":true,"href":"https:\/\/studiokoncept.se\/fr\/wp-json\/wp\/v2\/product_cat?post=10820"},{"taxonomy":"product_tag","embeddable":true,"href":"https:\/\/studiokoncept.se\/fr\/wp-json\/wp\/v2\/product_tag?post=10820"}],"curies":[{"name":"wp","href":"https:\/\/api.w.org\/{rel}","templated":true}]}}