{"id":10813,"date":"2022-01-12T23:12:46","date_gmt":"2022-01-12T22:12:46","guid":{"rendered":"https:\/\/studiokoncept.se\/?post_type=product&#038;p=10813"},"modified":"2024-09-05T19:02:09","modified_gmt":"2024-09-05T17:02:09","slug":"entreq-ten-ten","status":"publish","type":"product","link":"https:\/\/studiokoncept.se\/fr\/shop\/jordning\/entreq-jordlador\/jordboxar-tungsten-line\/entreq-ten-ten\/","title":{"rendered":"Entreq TenTen"},"content":{"rendered":"<h3><\/h3>","protected":false},"excerpt":{"rendered":"<h3>Entreqs Ten Ten est le produit en tungst\u00e8ne pour ceux qui ont de nombreux produits plus petits et plus l\u00e9gers.<\/h3>\n<p>Il se compose de 10 bo\u00eetes isol\u00e9esOlympus Ten Tungsten, la plus petite bo\u00eete de la s\u00e9rie Tungsten qui permet de manipuler des produits jusqu'\u00e0 10 kg sans brassage. Ces bo\u00eetes peuvent bien s\u00fbr \u00eatre connect\u00e9es en s\u00e9rie avec T-link pour augmenter la puissance et ainsi pouvoir traiter des produits plus lourds.<\/p>\n<p>Au bas du Multi, il y a \u00e9galement un Cleanus, qui se connecte aux prises de courant, pour neutraliser les bruits de haute fr\u00e9quence, les tensions de courant et les champs magn\u00e9tiques dans les sections d'alimentation et de mise \u00e0 la terre. Remarque : le c\u00e2ble d'alimentation \u00e0 prix r\u00e9duit 20% est en option.<\/p>\n<p>10 points de connexion.<br \/>\nTaille : Hauteur : 29cm, Largeur : 36cm, Profondeur : 49cm.<br \/>\nPoids : 27 kg<\/p>\n<p><a href=\"https:\/\/studiokoncept.se\/fr\/produit\/eartha-kablar\/\" target=\"_blank\" rel=\"noopener\">Les c\u00e2bles Eartha \u00e0 connecter \u00e0 vos produits sont disponibles ici.<\/a><\/p>","protected":false},"featured_media":10815,"template":"","meta":[],"product_brand":[],"product_cat":[189,596],"product_tag":[692,703],"class_list":{"0":"post-10813","1":"product","2":"type-product","3":"status-publish","4":"has-post-thumbnail","6":"product_cat-entreq-jordlador","7":"product_cat-jordboxar-tungsten-line","8":"product_tag-entreq","9":"product_tag-entreq-jordboxar-tungsten","10":"product_shipping_class-standard","12":"first","13":"instock","14":"taxable","15":"shipping-taxable","16":"purchasable","17":"product-type-variable","18":"has-default-attributes"},"bundled_by":[],"bundle_stock_status":"instock","bundle_stock_quantity":null,"bundle_virtual":false,"bundle_layout":"","bundle_add_to_cart_form_location":"","bundle_editable_in_cart":false,"bundle_sold_individually_context":"","bundle_item_grouping":"","bundle_min_size":"","bundle_max_size":"","bundle_price":[],"bundled_items":[],"bundle_sell_ids":[],"_links":{"self":[{"href":"https:\/\/studiokoncept.se\/fr\/wp-json\/wp\/v2\/product\/10813","targetHints":{"allow":["GET"]}}],"collection":[{"href":"https:\/\/studiokoncept.se\/fr\/wp-json\/wp\/v2\/product"}],"about":[{"href":"https:\/\/studiokoncept.se\/fr\/wp-json\/wp\/v2\/types\/product"}],"version-history":[{"count":0,"href":"https:\/\/studiokoncept.se\/fr\/wp-json\/wp\/v2\/product\/10813\/revisions"}],"wp:featuredmedia":[{"embeddable":true,"href":"https:\/\/studiokoncept.se\/fr\/wp-json\/wp\/v2\/media\/10815"}],"wp:attachment":[{"href":"https:\/\/studiokoncept.se\/fr\/wp-json\/wp\/v2\/media?parent=10813"}],"wp:term":[{"taxonomy":"product_brand","embeddable":true,"href":"https:\/\/studiokoncept.se\/fr\/wp-json\/wp\/v2\/product_brand?post=10813"},{"taxonomy":"product_cat","embeddable":true,"href":"https:\/\/studiokoncept.se\/fr\/wp-json\/wp\/v2\/product_cat?post=10813"},{"taxonomy":"product_tag","embeddable":true,"href":"https:\/\/studiokoncept.se\/fr\/wp-json\/wp\/v2\/product_tag?post=10813"}],"curies":[{"name":"wp","href":"https:\/\/api.w.org\/{rel}","templated":true}]}}