{"id":10809,"date":"2022-01-12T22:41:39","date_gmt":"2022-01-12T21:41:39","guid":{"rendered":"https:\/\/studiokoncept.se\/?post_type=product&#038;p=10809"},"modified":"2024-07-09T12:57:00","modified_gmt":"2024-07-09T10:57:00","slug":"entreq-pluton","status":"publish","type":"product","link":"https:\/\/studiokoncept.se\/fr\/shop\/jordning\/entreq-jordlador\/jordboxar-tungsten-line\/entreq-pluton\/","title":{"rendered":"Entreq Pluto"},"content":{"rendered":"<p><h3><\/h3><\/p>","protected":false},"excerpt":{"rendered":"<p><h3>Pluton i est un produit destin\u00e9 \u00e0 ceux qui recherchent la qualit\u00e9 et le style \u00e0 long terme !<\/h3> <\/p>\n<p>Le Pluton se compose de 3 bo\u00eetes de sol Olympus Infinity Tungsten qui sont isol\u00e9es les unes des autres et qui g\u00e8rent donc la s\u00e9paration de l'analogique et du num\u00e9rique de mani\u00e8re transparente.<\/p>\n<p>Par exemple, ces 6 points de mise \u00e0 la terre vous permettent de nettoyer s\u00e9par\u00e9ment les canaux gauche et droit de 3 produits !<\/p>\n<p>Pr\u00e9voyez un 2e Pluton et obtenez encore plus de connexions qu'un Ten Ten ou un Hero. Avec l'aide de <a href=\"https:\/\/studiokoncept.se\/fr\/produit\/entreq-magma-infinity-tungsten-45mm-kopia\/\" rel=\"noopener\" target=\"_blank\">Pieds de magma<\/a> ils peuvent \u00eatre plac\u00e9s horizontalement, verticalement et l'un sur l'autre. Le fait d'en avoir deux de chaque c\u00f4t\u00e9 de l'\u00e9lectronique peut \u00e9galement faciliter et simplifier le c\u00e2blage d'Eartha.<\/p>\n<p>Pluton n'a pas de Cleanus int\u00e9gr\u00e9 qui <a href=\"https:\/\/studiokoncept.se\/fr\/produit\/entreq-ten-ten\/\" rel=\"noopener\" target=\"_blank\">Dix Dix<\/a> et <a href=\"https:\/\/studiokoncept.se\/fr\/produit\/hero\/\" rel=\"noopener\" target=\"_blank\">H\u00e9ros<\/a>. <\/p>\n<p>Poids : 42 kg.<br \/>\nTaille : Largeur 42cm, Hauteur 35cm, Profondeur 34cm<\/p>\n<p><a href=\"https:\/\/studiokoncept.se\/fr\/produit\/eartha-kablar\/\" rel=\"noopener\" target=\"_blank\">Les c\u00e2bles Eartha \u00e0 connecter \u00e0 vos produits sont disponibles ici<\/a>. <\/p>","protected":false},"featured_media":10810,"template":"","meta":[],"product_brand":[],"product_cat":[189,596],"product_tag":[692,703],"class_list":{"0":"post-10809","1":"product","2":"type-product","3":"status-publish","4":"has-post-thumbnail","6":"product_cat-entreq-jordlador","7":"product_cat-jordboxar-tungsten-line","8":"product_tag-entreq","9":"product_tag-entreq-jordboxar-tungsten","10":"product_shipping_class-standard","12":"first","13":"instock","14":"taxable","15":"shipping-taxable","16":"purchasable","17":"product-type-variable","18":"has-default-attributes"},"bundled_by":[],"bundle_stock_status":"instock","bundle_stock_quantity":null,"bundle_virtual":false,"bundle_layout":"","bundle_add_to_cart_form_location":"","bundle_editable_in_cart":false,"bundle_sold_individually_context":"","bundle_item_grouping":"","bundle_min_size":"","bundle_max_size":"","bundle_price":[],"bundled_items":[],"bundle_sell_ids":[],"_links":{"self":[{"href":"https:\/\/studiokoncept.se\/fr\/wp-json\/wp\/v2\/product\/10809","targetHints":{"allow":["GET"]}}],"collection":[{"href":"https:\/\/studiokoncept.se\/fr\/wp-json\/wp\/v2\/product"}],"about":[{"href":"https:\/\/studiokoncept.se\/fr\/wp-json\/wp\/v2\/types\/product"}],"version-history":[{"count":0,"href":"https:\/\/studiokoncept.se\/fr\/wp-json\/wp\/v2\/product\/10809\/revisions"}],"wp:featuredmedia":[{"embeddable":true,"href":"https:\/\/studiokoncept.se\/fr\/wp-json\/wp\/v2\/media\/10810"}],"wp:attachment":[{"href":"https:\/\/studiokoncept.se\/fr\/wp-json\/wp\/v2\/media?parent=10809"}],"wp:term":[{"taxonomy":"product_brand","embeddable":true,"href":"https:\/\/studiokoncept.se\/fr\/wp-json\/wp\/v2\/product_brand?post=10809"},{"taxonomy":"product_cat","embeddable":true,"href":"https:\/\/studiokoncept.se\/fr\/wp-json\/wp\/v2\/product_cat?post=10809"},{"taxonomy":"product_tag","embeddable":true,"href":"https:\/\/studiokoncept.se\/fr\/wp-json\/wp\/v2\/product_tag?post=10809"}],"curies":[{"name":"wp","href":"https:\/\/api.w.org\/{rel}","templated":true}]}}