{"id":10698,"date":"2021-12-06T19:27:16","date_gmt":"2021-12-06T18:27:16","guid":{"rendered":"https:\/\/studiokoncept.se\/?post_type=product&#038;p=10698"},"modified":"2023-09-06T14:33:16","modified_gmt":"2023-09-06T12:33:16","slug":"ifi-audio-go-blu-horlursforstarkare-dac-med-bluetooth","status":"publish","type":"product","link":"https:\/\/studiokoncept.se\/fr\/produkt\/ifi-audio-go-blu-horlursforstarkare-dac-med-bluetooth\/","title":{"rendered":"Amplificateur\/DAC pour casque Ifi Audio Go Blu avec bluetooth"},"content":{"rendered":"<p>Le iFi Go Blu est un super petit DAC\/amplificateur de casque qui peut faire de grandes choses avec votre musique. Il s'agit d'un appareil portable qui offre une connexion Bluetooth 5.1 \u00e0 votre appareil source, bien que votre casque doive toujours \u00eatre connect\u00e9 \u00e0 l'appareil.<\/p>\n<p>Les avantages de l'iFi Go Blu sont sa pr\u00e9sentation d\u00e9taill\u00e9e et compl\u00e8te, sa connectivit\u00e9 avec ou sans fil et ses entr\u00e9es sym\u00e9triques et asym\u00e9triques. Le seul inconv\u00e9nient mentionn\u00e9 est l'absence de notification du d\u00e9bit binaire.<\/p>\n<p>Malgr\u00e9 sa petite taille, comparable \u00e0 deux timbres-poste britanniques c\u00f4te \u00e0 c\u00f4te et pesant seulement 26 g, l'iFi Go Blu est tr\u00e8s attrayant. Il est dot\u00e9 d'un cadran rotatif dans le coin sup\u00e9rieur droit, que l'on peut tourner pour r\u00e9gler le volume, ou sur lequel on peut appuyer de diff\u00e9rentes mani\u00e8res pour lire, mettre en pause, sauter des pistes ou acc\u00e9der \u00e0 l'assistant vocal de son t\u00e9l\u00e9phone.<\/p>\n<p>Les caract\u00e9ristiques techniques incluent une autonomie de 10 heures (temps de charge : 40 minutes), Bluetooth 5.1 avec aptX HD, aptX Low Latency, aptX Adaptive, LDAC, et des sorties casque de 3,5 mm et 4,4 mm.<\/p>\n<p>L'appareil est dot\u00e9 d'un bouton de r\u00e9glage et de fonction Bluetooth, qui permet de basculer entre diff\u00e9rents effets sonores : XBass, XSpace, les deux combin\u00e9s, ou de les d\u00e9sactiver compl\u00e8tement. Il est \u00e9quip\u00e9 de prises casque sym\u00e9triques et asym\u00e9triques, utilisant le circuit S-Balanced propri\u00e9taire d'iFi.<\/p>\n<p>Sur le c\u00f4t\u00e9 gauche de l'appareil se trouve un bouton d'alimentation d\u00e9di\u00e9, et en bas, un port USB-C polyvalent. Cette prise USB-C ne sert pas uniquement \u00e0 la recharge, elle sert \u00e9galement d'entr\u00e9e audio, vous permettant de connecter un port USB \u00e0 partir de votre appareil source. Les fichiers PCM haute r\u00e9solution jusqu'\u00e0 24 bits\/96 kHz sont pris en charge lorsque le Go Blu est connect\u00e9 de cette mani\u00e8re.<\/p>","protected":false},"excerpt":{"rendered":"<p>Le nouveau Go Blu d'Ifi Audio est un combin\u00e9 DAC\/amplificateur de haut-parleur. Il est con\u00e7u sp\u00e9cifiquement pour une transmission bluetooth de haute qualit\u00e9 o\u00f9 m\u00eame le ch\u00e2ssis est sp\u00e9cialement con\u00e7u pour ne pas interf\u00e9rer avec la transmission sans fil. Il est extr\u00eamement petit et l\u00e9ger (23g) et offre jusqu'\u00e0 10 heures d'autonomie de jeu.<br \/>\nIl est \u00e9galement dot\u00e9 d'un microphone int\u00e9gr\u00e9 qui permet de passer des appels mains libres, de participer \u00e0 des chats vocaux et de b\u00e9n\u00e9ficier d'une assistance vocale comme Apple Siri et Google Assistant.<br \/>\nLe port de charge, USB-C, se double d'une entr\u00e9e audio, permettant une connexion USB \u00e0 partir de dispositifs non-Bluetooth et vous offrant la possibilit\u00e9 d'\u00e9couter du mat\u00e9riel haute d\u00e9finition (24\/96).<\/p>","protected":false},"featured_media":10695,"template":"","meta":[],"product_brand":[],"product_cat":[163],"product_tag":[],"class_list":{"0":"post-10698","1":"product","2":"type-product","3":"status-publish","4":"has-post-thumbnail","6":"product_cat-horlursforstarkare","7":"product_shipping_class-standard","9":"first","10":"instock","11":"taxable","12":"shipping-taxable","13":"purchasable","14":"product-type-simple"},"bundled_by":[],"bundle_stock_status":"instock","bundle_stock_quantity":null,"bundle_virtual":false,"bundle_layout":"","bundle_add_to_cart_form_location":"","bundle_editable_in_cart":false,"bundle_sold_individually_context":"","bundle_item_grouping":"","bundle_min_size":"","bundle_max_size":"","bundle_price":[],"bundled_items":[],"bundle_sell_ids":[],"_links":{"self":[{"href":"https:\/\/studiokoncept.se\/fr\/wp-json\/wp\/v2\/product\/10698","targetHints":{"allow":["GET"]}}],"collection":[{"href":"https:\/\/studiokoncept.se\/fr\/wp-json\/wp\/v2\/product"}],"about":[{"href":"https:\/\/studiokoncept.se\/fr\/wp-json\/wp\/v2\/types\/product"}],"version-history":[{"count":0,"href":"https:\/\/studiokoncept.se\/fr\/wp-json\/wp\/v2\/product\/10698\/revisions"}],"wp:featuredmedia":[{"embeddable":true,"href":"https:\/\/studiokoncept.se\/fr\/wp-json\/wp\/v2\/media\/10695"}],"wp:attachment":[{"href":"https:\/\/studiokoncept.se\/fr\/wp-json\/wp\/v2\/media?parent=10698"}],"wp:term":[{"taxonomy":"product_brand","embeddable":true,"href":"https:\/\/studiokoncept.se\/fr\/wp-json\/wp\/v2\/product_brand?post=10698"},{"taxonomy":"product_cat","embeddable":true,"href":"https:\/\/studiokoncept.se\/fr\/wp-json\/wp\/v2\/product_cat?post=10698"},{"taxonomy":"product_tag","embeddable":true,"href":"https:\/\/studiokoncept.se\/fr\/wp-json\/wp\/v2\/product_tag?post=10698"}],"curies":[{"name":"wp","href":"https:\/\/api.w.org\/{rel}","templated":true}]}}