{"id":10689,"date":"2021-12-03T09:59:06","date_gmt":"2021-12-03T08:59:06","guid":{"rendered":"https:\/\/studiokoncept.se\/?post_type=product&#038;p=10689"},"modified":"2023-09-06T14:33:21","modified_gmt":"2023-09-06T12:33:21","slug":"ifi-audio-gryphon-horlursforstarkare-m-dac-o-batteri","status":"publish","type":"product","link":"https:\/\/studiokoncept.se\/fr\/produkt\/ifi-audio-gryphon-horlursforstarkare-m-dac-o-batteri\/","title":{"rendered":"Ifi Audio xDSD Gryphon"},"content":{"rendered":"<p>Le iFi Audio xDSD Gryphon est un convertisseur num\u00e9rique-analogique (DAC) et un amplificateur portable qui vise \u00e0 offrir une exp\u00e9rience audio de haute qualit\u00e9. Il est con\u00e7u pour \u00eatre un appareil polyvalent qui excelle \u00e0 la fois dans ses performances num\u00e9riques et analogiques, ce qui en fait un appareil deux-en-un, \u00e0 l'image de son mythique homonyme.<\/p>\n<p>Les principales caract\u00e9ristiques de xDSD Gryphon sont les suivantes :<\/p>\n<p>1. DAC HD et amplificateur de casque sym\u00e9trique : xDSD Gryphon utilise un MultiBit Burr-Brown dans son \u00e9tage num\u00e9rique Ultra-Res et son \u00e9tage de puissance analogique PureWave qui peut d\u00e9livrer 1 000 mW. Il est con\u00e7u pour fonctionner avec des casques s\u00e9rieux.<\/p>\n<p>2. connexions : le xDSD Gryphon poss\u00e8de des \u00e9tages Bluetooth, DAC et amplificateurs s\u00e9par\u00e9s, chacun optimis\u00e9 pour des performances maximales. Il peut se connecter \u00e0 des sources num\u00e9riques via USB, S\/PDIF ou Bluetooth, et \u00e0 des sources analogiques via des entr\u00e9es 4,4 mm ou 3,5 mm.<\/p>\n<p>3) Bluetooth : L'appareil utilise la derni\u00e8re s\u00e9rie QCC 5100 Bluetooth v5.1, prenant en charge aptX Adaptive, aptX HD, LDAC, HWA\/LHDC, aptX normal, aptX Low Latency, AAC et SBC. Il comporte des sections distinctes pour la r\u00e9ception, la gigue et la conversion DAC.<\/p>\n<p>4. connexions par c\u00e2ble : Pour les connexions par c\u00e2ble, le xDSD Gryphon g\u00e8re une large gamme de formats en utilisant un chipset DAC hybride Burr-Brown. Il prend en charge diff\u00e9rents niveaux de PCM, DSD, DXD et MQA sur USB, ainsi que PCM et DoP sur S\/PDIF.<\/p>\n<p>5. Puissance : Le circuit d'amplification PureWave de Gryphon peut produire 1 000 mW sous 32 Ohms et un maximum de 6,7 V. Il est con\u00e7u pour piloter facilement des casques \u00e0 haute imp\u00e9dance et dispose de sorties d\u00e9di\u00e9es pour les casques sym\u00e9triques et asym\u00e9triques. Il est con\u00e7u pour alimenter facilement les casques \u00e0 haute imp\u00e9dance et dispose de sorties d\u00e9di\u00e9es pour les casques sym\u00e9triques et asym\u00e9triques. Il est \u00e9galement dot\u00e9 de la technologie iEMatch qui permet de r\u00e9duire le bruit des casques \u00e0 haute sensibilit\u00e9 sans perte de dynamique.<\/p>\n<p>6. audio personnalisable : le xDSD Gryphon propose XSpace pour r\u00e9tablir la sc\u00e8ne sonore dans les enregistrements et XBass II pour ajuster les basses pour les casques ouverts ou des enregistrements sp\u00e9cifiques. Les utilisateurs peuvent s\u00e9lectionner \"Bass\" et\/ou \"Presence\" sous XBass II pour ajouter des fr\u00e9quences moyennes sup\u00e9rieures. L'appareil propose \u00e9galement trois filtres num\u00e9riques (Bit-Perfect, Standard et GTO) pour affiner le son.<\/p>\n<p>7. \u00e9cran : le xDSD Gryphon est dot\u00e9 d'un \u00e9cran OLED qui affiche toutes les informations n\u00e9cessaires, du format sonore \u00e0 l'autonomie de la batterie.<\/p>","protected":false},"excerpt":{"rendered":"<h3>Le xDSD Gryphon d'Ifi Audio est un puissant amplificateur de casque avec DAC int\u00e9gr\u00e9.<\/h3>\n<p>La batterie int\u00e9gr\u00e9e a une autonomie de 8 heures, ce qui permet de l'utiliser en voyage.<br \/>\nIl poss\u00e8de des composants DAC, Bluetooth et amplificateurs s\u00e9par\u00e9s et prend en charge l'audio haute r\u00e9solution, y compris le d\u00e9codage MQA complet.<br \/>\nSolution de circuit \u00e9quilibr\u00e9 avec des entr\u00e9es analogiques et num\u00e9riques.<br \/>\nXSpace, XBass II et iEMatch<br \/>\n3 filtres num\u00e9riques : Bit-Perfect, Standard et GTO.<br \/>\n\u00c9cran OLED d'une grande nettet\u00e9.<\/p>","protected":false},"featured_media":10683,"template":"","meta":[],"product_brand":[],"product_cat":[163],"product_tag":[],"class_list":{"0":"post-10689","1":"product","2":"type-product","3":"status-publish","4":"has-post-thumbnail","6":"product_cat-horlursforstarkare","7":"product_shipping_class-standard","9":"first","10":"instock","11":"taxable","12":"shipping-taxable","13":"purchasable","14":"product-type-simple"},"bundled_by":[],"bundle_stock_status":"instock","bundle_stock_quantity":null,"bundle_virtual":false,"bundle_layout":"","bundle_add_to_cart_form_location":"","bundle_editable_in_cart":false,"bundle_sold_individually_context":"","bundle_item_grouping":"","bundle_min_size":"","bundle_max_size":"","bundle_price":[],"bundled_items":[],"bundle_sell_ids":[],"_links":{"self":[{"href":"https:\/\/studiokoncept.se\/fr\/wp-json\/wp\/v2\/product\/10689","targetHints":{"allow":["GET"]}}],"collection":[{"href":"https:\/\/studiokoncept.se\/fr\/wp-json\/wp\/v2\/product"}],"about":[{"href":"https:\/\/studiokoncept.se\/fr\/wp-json\/wp\/v2\/types\/product"}],"version-history":[{"count":0,"href":"https:\/\/studiokoncept.se\/fr\/wp-json\/wp\/v2\/product\/10689\/revisions"}],"wp:featuredmedia":[{"embeddable":true,"href":"https:\/\/studiokoncept.se\/fr\/wp-json\/wp\/v2\/media\/10683"}],"wp:attachment":[{"href":"https:\/\/studiokoncept.se\/fr\/wp-json\/wp\/v2\/media?parent=10689"}],"wp:term":[{"taxonomy":"product_brand","embeddable":true,"href":"https:\/\/studiokoncept.se\/fr\/wp-json\/wp\/v2\/product_brand?post=10689"},{"taxonomy":"product_cat","embeddable":true,"href":"https:\/\/studiokoncept.se\/fr\/wp-json\/wp\/v2\/product_cat?post=10689"},{"taxonomy":"product_tag","embeddable":true,"href":"https:\/\/studiokoncept.se\/fr\/wp-json\/wp\/v2\/product_tag?post=10689"}],"curies":[{"name":"wp","href":"https:\/\/api.w.org\/{rel}","templated":true}]}}