{"id":10673,"date":"2021-12-02T15:35:57","date_gmt":"2021-12-02T14:35:57","guid":{"rendered":"https:\/\/studiokoncept.se\/?post_type=product&#038;p=10673"},"modified":"2025-04-13T10:42:52","modified_gmt":"2025-04-13T08:42:52","slug":"lindstrom-audio-iso-85","status":"publish","type":"product","link":"https:\/\/studiokoncept.se\/fr\/shop\/hogtalare\/golvhogtalare\/lindstrom-audio-iso-85\/","title":{"rendered":"Lindstrom Audio ISO 85"},"content":{"rendered":"<h3><\/h3>","protected":false},"excerpt":{"rendered":"<p>Demoex \u00e0 vendre !<\/p>\n<p>Le Lindstrom Audio ISO 85 offre une repr\u00e9sentation musicale exceptionnelle qui peut \u00eatre personnalis\u00e9e en fonction de vos go\u00fbts personnels et pr\u00e9sente un design respectueux du voisinage qui ne p\u00e9n\u00e8tre pas dans les murs ou les plafonds. Elle est fabriqu\u00e9e \u00e0 partir d'un mat\u00e9riau HDF en couleur et est disponible en plusieurs options de finition pour s'adapter \u00e0 votre d\u00e9cor.<\/p>\n<p>Une repr\u00e9sentation musicale absolument exceptionnelle qui r\u00e9pond \u00e0 vos go\u00fbts personnels<br \/>\nUne enceinte parfaite pour ceux qui ont des go\u00fbts musicaux tr\u00e8s vari\u00e9s.<br \/>\nIl poss\u00e8de \u00e0 la fois un \"sweet spot\" et une large diffusion de l'\u00e9nergie pour \u00eatre appr\u00e9ci\u00e9 sous diff\u00e9rents angles et dans diff\u00e9rentes positions.<br \/>\nUn haut-parleur respectueux du voisinage qui ne perce pas les murs et les plafonds<br \/>\nFabriqu\u00e9 dans un mat\u00e9riau HDF en couleur qui peut r\u00e9sister \u00e0 des chocs importants et conserver sa couleur.<br \/>\nDisponible en plusieurs options de finition pour s'adapter \u00e0 votre int\u00e9rieur et \u00e0 votre d\u00e9cor.<\/p>\n<p>&nbsp;<\/p>","protected":false},"featured_media":11059,"template":"","meta":[],"product_brand":[],"product_cat":[156],"product_tag":[],"class_list":{"0":"post-10673","1":"product","2":"type-product","3":"status-publish","4":"has-post-thumbnail","6":"product_cat-golvhogtalare","7":"product_shipping_class-standard","9":"first","10":"instock","11":"taxable","12":"shipping-taxable","13":"purchasable","14":"product-type-simple"},"bundled_by":[],"bundle_stock_status":"instock","bundle_stock_quantity":null,"bundle_virtual":false,"bundle_layout":"","bundle_add_to_cart_form_location":"","bundle_editable_in_cart":false,"bundle_sold_individually_context":"","bundle_item_grouping":"","bundle_min_size":"","bundle_max_size":"","bundle_price":[],"bundled_items":[],"bundle_sell_ids":[],"_links":{"self":[{"href":"https:\/\/studiokoncept.se\/fr\/wp-json\/wp\/v2\/product\/10673","targetHints":{"allow":["GET"]}}],"collection":[{"href":"https:\/\/studiokoncept.se\/fr\/wp-json\/wp\/v2\/product"}],"about":[{"href":"https:\/\/studiokoncept.se\/fr\/wp-json\/wp\/v2\/types\/product"}],"version-history":[{"count":0,"href":"https:\/\/studiokoncept.se\/fr\/wp-json\/wp\/v2\/product\/10673\/revisions"}],"wp:featuredmedia":[{"embeddable":true,"href":"https:\/\/studiokoncept.se\/fr\/wp-json\/wp\/v2\/media\/11059"}],"wp:attachment":[{"href":"https:\/\/studiokoncept.se\/fr\/wp-json\/wp\/v2\/media?parent=10673"}],"wp:term":[{"taxonomy":"product_brand","embeddable":true,"href":"https:\/\/studiokoncept.se\/fr\/wp-json\/wp\/v2\/product_brand?post=10673"},{"taxonomy":"product_cat","embeddable":true,"href":"https:\/\/studiokoncept.se\/fr\/wp-json\/wp\/v2\/product_cat?post=10673"},{"taxonomy":"product_tag","embeddable":true,"href":"https:\/\/studiokoncept.se\/fr\/wp-json\/wp\/v2\/product_tag?post=10673"}],"curies":[{"name":"wp","href":"https:\/\/api.w.org\/{rel}","templated":true}]}}