{"id":10514,"date":"2021-08-10T12:22:50","date_gmt":"2021-08-10T10:22:50","guid":{"rendered":"https:\/\/studiokoncept.se\/?post_type=product&#038;p=10514"},"modified":"2023-10-17T13:44:51","modified_gmt":"2023-10-17T11:44:51","slug":"ifi-audio-zen-stream","status":"publish","type":"product","link":"https:\/\/studiokoncept.se\/fr\/produkt\/ifi-audio-zen-stream\/","title":{"rendered":"Ifi Audio ZEN Stream"},"content":{"rendered":"<p>Le Zen Stream d'Ifi Audio est un appareil de diffusion en r\u00e9seau et une solution innovante pour la diffusion de musique en continu. Il est con\u00e7u pour \u00eatre une solution compl\u00e8te pour les propri\u00e9taires qui veulent un appareil de streaming qui fonctionne avec une vari\u00e9t\u00e9 de syst\u00e8mes et de param\u00e8tres.<\/p>\n<p>Voici quelques-unes des principales caract\u00e9ristiques du Zen Stream d'Ifi Audio :<\/p>\n<p>- Flexible : l'appareil peut \u00eatre personnalis\u00e9 et utilis\u00e9 de multiples fa\u00e7ons. Il peut notamment \u00eatre contr\u00f4l\u00e9 via une application UPnP d\u00e9di\u00e9e, ainsi que via des applications UPnP tierces telles que Kinsky, Bubble et MConnect. En outre, Stream prend en charge Tidal Connect et Spotify Connect, ce qui le rend adapt\u00e9 \u00e0 ceux qui utilisent ces services comme sources principales de musique. Stream fait \u00e9galement office de point d'extr\u00e9mit\u00e9 Roon, ce qui peut s'av\u00e9rer tr\u00e8s pratique. En outre, il dispose d'un logiciel sp\u00e9cialis\u00e9 Network Audio Adapter con\u00e7u pour fonctionner avec le logiciel de lecture HQ.<\/p>\n<p>- Bien construit : le Zen Stream d'Ifi Audio est un appareil robuste et fiable. Il est construit autour d'un processeur ARM Cortex et utilise une vari\u00e9t\u00e9 de composants de haute performance, y compris des condensateurs TDK C0G et des inductances Murata. Il est \u00e9galement dot\u00e9 de circuits d'horloge GMT (Global Master Timing).<\/p>\n<p>- Abordable : il devrait offrir un rapport qualit\u00e9-prix \u00e9lev\u00e9, ce qui le rendra accessible \u00e0 un large \u00e9ventail de propri\u00e9taires potentiels.<\/p>\n<p>- Connexion sans fil et filaire : Ifi Audio Zen Stream peut \u00eatre connect\u00e9 \u00e0 l'internet sans fil et filaire et dispose d'une antenne externe pour am\u00e9liorer la r\u00e9ception sans fil. Il prend en charge la norme 802.11a\/b\/g\/n\/ac.<\/p>\n<p>- Conception : Stream utilise le bo\u00eetier m\u00e9tallique comme dissipateur thermique et n'a pas de ventilateurs, d'\u00e9vents ou d'autres syst\u00e8mes de convection, ce qui signifie qu'il est totalement silencieux en utilisation.<\/p>\n<p>Parmi les inconv\u00e9nients de l'Ifi Audio Zen Stream, citons quelques probl\u00e8mes mineurs de stabilit\u00e9 et d'installation, ainsi qu'un panneau frontal quelque peu encombrant. En outre, il n'est pas encore aussi stable qu'un SOtM.<\/p>","protected":false},"excerpt":{"rendered":"<h3>Un simple streamer pour ceux qui n'utilisent que l'application Spotify<\/h3>\n<p>Cela en dit long sur les autres fonctions, mais elles ne semblent malheureusement pas stables. Il faut s'attendre \u00e0 de bonnes connaissances et \u00e0 de la patience pour que les autres fonctions soient op\u00e9rationnelles.<\/p>\n<p>&nbsp;<\/p>","protected":false},"featured_media":10516,"template":"","meta":[],"product_brand":[],"product_cat":[682],"product_tag":[],"class_list":{"0":"post-10514","1":"product","2":"type-product","3":"status-publish","4":"has-post-thumbnail","6":"product_cat-streamers","7":"product_shipping_class-standard","9":"first","10":"instock","11":"taxable","12":"shipping-taxable","13":"purchasable","14":"product-type-simple"},"bundled_by":[],"bundle_stock_status":"instock","bundle_stock_quantity":null,"bundle_virtual":false,"bundle_layout":"","bundle_add_to_cart_form_location":"","bundle_editable_in_cart":false,"bundle_sold_individually_context":"","bundle_item_grouping":"","bundle_min_size":"","bundle_max_size":"","bundle_price":[],"bundled_items":[],"bundle_sell_ids":[],"_links":{"self":[{"href":"https:\/\/studiokoncept.se\/fr\/wp-json\/wp\/v2\/product\/10514","targetHints":{"allow":["GET"]}}],"collection":[{"href":"https:\/\/studiokoncept.se\/fr\/wp-json\/wp\/v2\/product"}],"about":[{"href":"https:\/\/studiokoncept.se\/fr\/wp-json\/wp\/v2\/types\/product"}],"version-history":[{"count":0,"href":"https:\/\/studiokoncept.se\/fr\/wp-json\/wp\/v2\/product\/10514\/revisions"}],"wp:featuredmedia":[{"embeddable":true,"href":"https:\/\/studiokoncept.se\/fr\/wp-json\/wp\/v2\/media\/10516"}],"wp:attachment":[{"href":"https:\/\/studiokoncept.se\/fr\/wp-json\/wp\/v2\/media?parent=10514"}],"wp:term":[{"taxonomy":"product_brand","embeddable":true,"href":"https:\/\/studiokoncept.se\/fr\/wp-json\/wp\/v2\/product_brand?post=10514"},{"taxonomy":"product_cat","embeddable":true,"href":"https:\/\/studiokoncept.se\/fr\/wp-json\/wp\/v2\/product_cat?post=10514"},{"taxonomy":"product_tag","embeddable":true,"href":"https:\/\/studiokoncept.se\/fr\/wp-json\/wp\/v2\/product_tag?post=10514"}],"curies":[{"name":"wp","href":"https:\/\/api.w.org\/{rel}","templated":true}]}}