{"id":10285,"date":"2021-05-30T13:45:48","date_gmt":"2021-05-30T11:45:48","guid":{"rendered":"https:\/\/studiokoncept.se\/?post_type=product&#038;p=10285"},"modified":"2026-04-28T21:08:55","modified_gmt":"2026-04-28T19:08:55","slug":"fta-final-touch-audio-ganymede-obalanserad-signalkabel-rca","status":"publish","type":"product","link":"https:\/\/studiokoncept.se\/fr\/shop\/kablar\/analoga-kablar\/rca-kablar\/fta-final-touch-audio-ganymede-obalanserad-signalkabel-rca\/","title":{"rendered":"Final Touch Audio Ganymede c\u00e2ble de signal asym\u00e9trique RCA"},"content":{"rendered":"<h3><\/h3>","protected":false},"excerpt":{"rendered":"<h3>C\u00e2ble \u00e0 signal asym\u00e9trique dans les s\u00e9ries de pointe de FTA ; Ganym\u00e8de<\/h3>\n<p>Helt underbar signalkabel. Perfekt f\u00f6r dig som s\u00f6ker balansen mellan uppl\u00f6sning i rummet och tiden.<br \/>\n<a href=\"https:\/\/www.whatsbestforum.com\/threads\/under-3-000-interconnect-cable-shootout-10-cables-tested.41272\/\" target=\"_blank\" rel=\"noopener\">Topptestad i signalkabeltest p\u00e5 Whatsbestforum.com<\/a><br \/>\n<strong>Prix par paire<\/strong><\/p>","protected":false},"featured_media":15452,"template":"","meta":[],"product_brand":[],"product_cat":[629],"product_tag":[851],"class_list":{"0":"post-10285","1":"product","2":"type-product","3":"status-publish","4":"has-post-thumbnail","6":"product_cat-rca-kablar","7":"product_tag-final-touch-audio-ganymede-rca","8":"product_shipping_class-standard","10":"first","11":"instock","12":"taxable","13":"shipping-taxable","14":"purchasable","15":"product-type-variable","16":"has-default-attributes"},"bundled_by":[],"bundle_stock_status":"instock","bundle_stock_quantity":null,"bundle_virtual":false,"bundle_layout":"","bundle_add_to_cart_form_location":"","bundle_editable_in_cart":false,"bundle_sold_individually_context":"","bundle_item_grouping":"","bundle_min_size":"","bundle_max_size":"","bundle_price":[],"bundled_items":[],"bundle_sell_ids":[],"_links":{"self":[{"href":"https:\/\/studiokoncept.se\/fr\/wp-json\/wp\/v2\/product\/10285","targetHints":{"allow":["GET"]}}],"collection":[{"href":"https:\/\/studiokoncept.se\/fr\/wp-json\/wp\/v2\/product"}],"about":[{"href":"https:\/\/studiokoncept.se\/fr\/wp-json\/wp\/v2\/types\/product"}],"version-history":[{"count":0,"href":"https:\/\/studiokoncept.se\/fr\/wp-json\/wp\/v2\/product\/10285\/revisions"}],"wp:featuredmedia":[{"embeddable":true,"href":"https:\/\/studiokoncept.se\/fr\/wp-json\/wp\/v2\/media\/15452"}],"wp:attachment":[{"href":"https:\/\/studiokoncept.se\/fr\/wp-json\/wp\/v2\/media?parent=10285"}],"wp:term":[{"taxonomy":"product_brand","embeddable":true,"href":"https:\/\/studiokoncept.se\/fr\/wp-json\/wp\/v2\/product_brand?post=10285"},{"taxonomy":"product_cat","embeddable":true,"href":"https:\/\/studiokoncept.se\/fr\/wp-json\/wp\/v2\/product_cat?post=10285"},{"taxonomy":"product_tag","embeddable":true,"href":"https:\/\/studiokoncept.se\/fr\/wp-json\/wp\/v2\/product_tag?post=10285"}],"curies":[{"name":"wp","href":"https:\/\/api.w.org\/{rel}","templated":true}]}}