{"id":10282,"date":"2021-05-30T13:37:12","date_gmt":"2021-05-30T11:37:12","guid":{"rendered":"https:\/\/studiokoncept.se\/?post_type=product&#038;p=10282"},"modified":"2026-04-25T14:22:23","modified_gmt":"2026-04-25T12:22:23","slug":"fta-final-touch-audio-hogtalarkabel","status":"publish","type":"product","link":"https:\/\/studiokoncept.se\/fr\/produkt\/fta-final-touch-audio-hogtalarkabel\/","title":{"rendered":"Final Touch Audio Ganymede Speaker Cable"},"content":{"rendered":"<p><h3><\/h3><\/p>","protected":false},"excerpt":{"rendered":"<h3>Ganym\u00e8de, une merveille d'\u00e9quilibre vibrant.\u00a0<\/h3>\n<p>Toute la s\u00e9rie Ganymede, \u00e0 laquelle appartient ce c\u00e2ble d'enceinte, est une merveille d'\u00e9quilibre entre le flux musical, la r\u00e9solution dans le temps et l'espace et l'\u00e9quilibre des registres. Tout se tient ici.\u00a0<\/p>\n<p>Il est \u00e9galement beau et facile \u00e0 manipuler lors du c\u00e2blage.\u00a0<\/p>\n<p>Il est livr\u00e9 avec des cryoconnecteurs ETI, des pelles ou des bananes.\u00a0\u00a0<\/p>\n<p><strong>Prix par paire<\/strong><\/p>","protected":false},"featured_media":10280,"template":"","meta":[],"product_brand":[],"product_cat":[171],"product_tag":[854],"class_list":{"0":"post-10282","1":"product","2":"type-product","3":"status-publish","4":"has-post-thumbnail","6":"product_cat-hogtalarkablar","7":"product_tag-final-touch-audio-ganymede-hogtalarkabel","8":"product_shipping_class-standard","10":"first","11":"instock","12":"taxable","13":"shipping-taxable","14":"purchasable","15":"product-type-variable","16":"has-default-attributes"},"bundled_by":[],"bundle_stock_status":"instock","bundle_stock_quantity":null,"bundle_virtual":false,"bundle_layout":"","bundle_add_to_cart_form_location":"","bundle_editable_in_cart":false,"bundle_sold_individually_context":"","bundle_item_grouping":"","bundle_min_size":"","bundle_max_size":"","bundle_price":[],"bundled_items":[],"bundle_sell_ids":[],"_links":{"self":[{"href":"https:\/\/studiokoncept.se\/fr\/wp-json\/wp\/v2\/product\/10282","targetHints":{"allow":["GET"]}}],"collection":[{"href":"https:\/\/studiokoncept.se\/fr\/wp-json\/wp\/v2\/product"}],"about":[{"href":"https:\/\/studiokoncept.se\/fr\/wp-json\/wp\/v2\/types\/product"}],"version-history":[{"count":0,"href":"https:\/\/studiokoncept.se\/fr\/wp-json\/wp\/v2\/product\/10282\/revisions"}],"wp:featuredmedia":[{"embeddable":true,"href":"https:\/\/studiokoncept.se\/fr\/wp-json\/wp\/v2\/media\/10280"}],"wp:attachment":[{"href":"https:\/\/studiokoncept.se\/fr\/wp-json\/wp\/v2\/media?parent=10282"}],"wp:term":[{"taxonomy":"product_brand","embeddable":true,"href":"https:\/\/studiokoncept.se\/fr\/wp-json\/wp\/v2\/product_brand?post=10282"},{"taxonomy":"product_cat","embeddable":true,"href":"https:\/\/studiokoncept.se\/fr\/wp-json\/wp\/v2\/product_cat?post=10282"},{"taxonomy":"product_tag","embeddable":true,"href":"https:\/\/studiokoncept.se\/fr\/wp-json\/wp\/v2\/product_tag?post=10282"}],"curies":[{"name":"wp","href":"https:\/\/api.w.org\/{rel}","templated":true}]}}