{"id":20915,"date":"2025-01-27T08:50:28","date_gmt":"2025-01-27T07:50:28","guid":{"rendered":"https:\/\/studiokoncept.se\/?post_type=product&#038;p=20915"},"modified":"2025-01-27T08:50:29","modified_gmt":"2025-01-27T07:50:29","slug":"gold-note-cd-10","status":"publish","type":"product","link":"https:\/\/studiokoncept.se\/en\/produkt\/gold-note-cd-10\/","title":{"rendered":"Gold Note CD-10"},"content":{"rendered":"<div class=\"flex max-w-full flex-col flex-grow\">\n<div class=\"min-h-8 text-message flex w-full flex-col items-end gap-2 whitespace-normal break-words text-start [.text-message+&amp;]:mt-5\" dir=\"auto\" data-message-author-role=\"assistant\" data-message-id=\"54c8f082-ce16-4cbf-b8da-d41711d1db16\" data-message-model-slug=\"gpt-4o\">\n<div class=\"flex w-full flex-col gap-1 empty:hidden first:pt-[3px]\">\n<div class=\"markdown prose w-full break-words dark:prose-invert light\">\n<p>Gold Note CD-10 \u00e4r en sofistikerad CD-spelare designad f\u00f6r musik\u00e4lskare som uppskattar b\u00e5de kvalitet och estetik. Tillverkad med italiensk precision erbjuder CD-10 en varm och engagerande ljudprofil, perfekt f\u00f6r att \u00e5teruppt\u00e4cka gl\u00e4djen i din CD-samling. Den \u00e4r utrustad med en h\u00f6gpresterande DAC och en stabil CD-mekanism som s\u00e4kerst\u00e4ller exakt l\u00e4sning av skivorna, vilket resulterar i en klar och detaljerad ljudupplevelse.<\/p>\n<p>Den stilrena designen \u00e4r inte bara estetiskt tilltalande utan ocks\u00e5 funktionell, med intuitiva kontroller och en tydlig display som g\u00f6r den enkel att anv\u00e4nda. F\u00f6r dem som s\u00f6ker det d\u00e4r lilla extra erbjuder CD-10 m\u00f6jligheten att ansluta till Gold Note PSU-10, en extern n\u00e4tdel som s\u00e4ljs till rabatterat pris n\u00e4r den k\u00f6ps tillsammans med CD-10. PSU-10 f\u00f6rb\u00e4ttrar str\u00f6mf\u00f6rs\u00f6rjningen genom att eliminera elektriska st\u00f6rningar, vilket resulterar i ett renare, mer dynamiskt ljud med djupare bas och mer naturliga \u00f6vertoner.<\/p>\n<p>Oavsett om du \u00e4r en erfaren audiofil eller bara b\u00f6rjar utforska v\u00e4rlden av high-fidelity-ljud, v\u00e4lkomnar Gold Note CD-10 dig till en musikalisk upplevelse fylld med detaljer och k\u00e4nsla. Den \u00e4r ett p\u00e5litligt och flexibelt val som kan v\u00e4xa med din passion f\u00f6r ljudkvalitet.<\/p>\n<\/div>\n<\/div>\n<\/div>\n<\/div>\n<div class=\"mb-2 flex gap-3 empty:hidden -ml-2\">\n<div class=\"items-center justify-start rounded-xl p-1 flex\">\n<div class=\"flex items-center\">\n<p>&nbsp;<\/p>\n<div class=\"flex\"><\/div>\n<p>&nbsp;<\/p>\n<div class=\"flex items-center pb-0\"><span class=\"overflow-hidden text-clip whitespace-nowrap text-sm\">4o<\/span><\/div>\n<\/div>\n<\/div>\n<\/div>\n","protected":false},"excerpt":{"rendered":"<p>The Gold Note CD-10 is a stylish and reliable CD player that combines high-quality audio performance with Italian design. With its precision mechanics and advanced digital-to-analogue converter (DAC), the CD-10 offers a warm and natural sound that captures the musicality of every recording. For even higher performance, it can be paired with the Gold Note's external PSU-10 power supply, which with its enhanced power supply takes sound to a new level (sold below at a discounted price). An excellent choice for music lovers who want to experience their CDs with precision and enjoyment.<\/p>","protected":false},"featured_media":20917,"template":"","meta":[],"product_brand":[],"product_cat":[165],"product_tag":[],"class_list":{"0":"post-20915","1":"product","2":"type-product","3":"status-publish","4":"has-post-thumbnail","6":"product_cat-cd-spelare","7":"product_shipping_class-standard","9":"first","10":"instock","11":"taxable","12":"shipping-taxable","13":"purchasable","14":"product-type-variable","15":"has-default-attributes"},"bundled_by":[],"bundle_stock_status":"instock","bundle_stock_quantity":null,"bundle_virtual":false,"bundle_layout":"","bundle_add_to_cart_form_location":"","bundle_editable_in_cart":false,"bundle_sold_individually_context":"","bundle_item_grouping":"","bundle_min_size":"","bundle_max_size":"","bundle_price":[],"bundled_items":[],"bundle_sell_ids":[],"_links":{"self":[{"href":"https:\/\/studiokoncept.se\/en\/wp-json\/wp\/v2\/product\/20915","targetHints":{"allow":["GET"]}}],"collection":[{"href":"https:\/\/studiokoncept.se\/en\/wp-json\/wp\/v2\/product"}],"about":[{"href":"https:\/\/studiokoncept.se\/en\/wp-json\/wp\/v2\/types\/product"}],"version-history":[{"count":0,"href":"https:\/\/studiokoncept.se\/en\/wp-json\/wp\/v2\/product\/20915\/revisions"}],"wp:featuredmedia":[{"embeddable":true,"href":"https:\/\/studiokoncept.se\/en\/wp-json\/wp\/v2\/media\/20917"}],"wp:attachment":[{"href":"https:\/\/studiokoncept.se\/en\/wp-json\/wp\/v2\/media?parent=20915"}],"wp:term":[{"taxonomy":"product_brand","embeddable":true,"href":"https:\/\/studiokoncept.se\/en\/wp-json\/wp\/v2\/product_brand?post=20915"},{"taxonomy":"product_cat","embeddable":true,"href":"https:\/\/studiokoncept.se\/en\/wp-json\/wp\/v2\/product_cat?post=20915"},{"taxonomy":"product_tag","embeddable":true,"href":"https:\/\/studiokoncept.se\/en\/wp-json\/wp\/v2\/product_tag?post=20915"}],"curies":[{"name":"wp","href":"https:\/\/api.w.org\/{rel}","templated":true}]}}