{"id":4660,"date":"2017-10-12T13:39:57","date_gmt":"2017-10-12T11:39:57","guid":{"rendered":"http:\/\/dev.kaliberonline.se\/?page_id=4660"},"modified":"2023-01-14T08:39:43","modified_gmt":"2023-01-14T07:39:43","slug":"fezz-audio","status":"publish","type":"page","link":"https:\/\/studiokoncept.se\/en\/tillverkare\/fezz-audio\/","title":{"rendered":"Fezz Audio"},"content":{"rendered":"<div class=\"gb-container gb-container-320361cc\"><div class=\"gb-inside-container\">\n<div class=\"gb-grid-wrapper gb-grid-wrapper-898ffb61\">\n<div class=\"gb-grid-column gb-grid-column-0cf59674\"><div class=\"gb-container gb-container-0cf59674\"><div class=\"gb-inside-container\">\n\n<h2 class=\"gb-headline gb-headline-046ae0f5 gb-headline-text\">Fezz Audio &#8211; Tysta, kraftfulla och modernt designade r\u00f6rf\u00f6rst\u00e4rkare!<\/h2>\n\n\n\n<p><br>Fezz Audio erbjuder en storartad serie tysta r\u00f6rf\u00f6rst\u00e4rkare med en modern design. Extremt trevlig priss\u00e4ttning fr\u00e5n 27.000kr. <br><br>Deras stora styrka \u00e4r ringtransformatorer \u00e4ven p\u00e5 utg\u00e5ngssteget vilket bidrar till en bas med h\u00e4rlig n\u00e4rvaro och en f\u00f6rm\u00e5ga att driva h\u00f6gtalare dom inte borde klara av.  Till och med den Mira Ceti med 300B r\u00f6r och 2&#215;8 watt har en h\u00e4pnadsv\u00e4ckande f\u00f6rm\u00e5ga att driva h\u00f6gtalare man annars inte skulle para ihop dom med. Dom har ocks\u00e5 en sorts klarhet och  tydlighet, en kvalit\u00e9 som uppskattas av den som vill ha r\u00f6rens musikaliska kvalit\u00e9 men utan det &#8221;extra runda&#8221; r\u00f6r-myset. <\/p>\n\n<\/div><\/div><\/div>\n\n<div class=\"gb-grid-column gb-grid-column-ca76981a\"><div class=\"gb-container gb-container-ca76981a\"><div class=\"gb-inside-container\">\n\n<figure class=\"wp-block-image size-full\"><img fetchpriority=\"high\" decoding=\"async\" width=\"600\" height=\"600\" src=\"https:\/\/studiokoncept.se\/wp-content\/uploads\/fezz-logo-kvadrat.png\" alt=\"\" class=\"wp-image-5830\" srcset=\"https:\/\/studiokoncept.se\/wp-content\/uploads\/fezz-logo-kvadrat.png 600w, https:\/\/studiokoncept.se\/wp-content\/uploads\/fezz-logo-kvadrat-430x430.png 430w, https:\/\/studiokoncept.se\/wp-content\/uploads\/fezz-logo-kvadrat-150x150.png 150w, https:\/\/studiokoncept.se\/wp-content\/uploads\/fezz-logo-kvadrat-500x500.png 500w, https:\/\/studiokoncept.se\/wp-content\/uploads\/fezz-logo-kvadrat-300x300.png 300w, https:\/\/studiokoncept.se\/wp-content\/uploads\/fezz-logo-kvadrat-100x100.png 100w, https:\/\/studiokoncept.se\/wp-content\/uploads\/fezz-logo-kvadrat-146x146.png 146w, https:\/\/studiokoncept.se\/wp-content\/uploads\/fezz-logo-kvadrat-50x50.png 50w, https:\/\/studiokoncept.se\/wp-content\/uploads\/fezz-logo-kvadrat-75x75.png 75w, https:\/\/studiokoncept.se\/wp-content\/uploads\/fezz-logo-kvadrat-85x85.png 85w, https:\/\/studiokoncept.se\/wp-content\/uploads\/fezz-logo-kvadrat-80x80.png 80w\" sizes=\"(max-width: 600px) 100vw, 600px\" \/><\/figure>\n\n<\/div><\/div><\/div>\n<\/div>\n<\/div><\/div>\n\n\n<div style=\"height:50px\" aria-hidden=\"true\" class=\"wp-block-spacer\"><\/div>\n\n\n<div class=\"gb-container gb-container-747814a4\"><div class=\"gb-inside-container\"><\/div><\/div>\n\n<div class=\"gb-container gb-container-d2ea2219\"><div class=\"gb-inside-container\">\n\n<h2 class=\"gb-headline gb-headline-ba6fd711 gb-headline-text\" id=\"bryston-produkter\">Fezz Audio: Evolution serien<\/h2>\n\n\n<div data-block-name=\"woocommerce\/handpicked-products\" data-content-visibility=\"{&quot;image&quot;:true,&quot;title&quot;:true,&quot;price&quot;:true,&quot;rating&quot;:false,&quot;button&quot;:true}\" data-products=\"[13429,13620,13549]\" class=\"wc-block-grid wp-block-handpicked-products wp-block-woocommerce-handpicked-products wc-block-handpicked-products has-3-columns has-multiple-rows\"><ul class=\"wc-block-grid__products\"><li class=\"wc-block-grid__product\">\n\t\t\t\t<a href=\"https:\/\/studiokoncept.se\/en\/shop\/elektronik\/integrerade-forstarkare\/fezz-audio-mira-ceti-evolution-2\/\" class=\"wc-block-grid__product-link\">\n\t\t\t\t\t\n\t\t\t\t\t<div class=\"wc-block-grid__product-image\"><img decoding=\"async\" width=\"430\" height=\"430\" src=\"https:\/\/studiokoncept.se\/wp-content\/uploads\/Mira-Ceti-300B-Big-Calm-front-240-430x430.jpg\" class=\"attachment-woocommerce_thumbnail size-woocommerce_thumbnail\" alt=\"Fezz Audio Mira Ceti 300B\" srcset=\"https:\/\/studiokoncept.se\/wp-content\/uploads\/Mira-Ceti-300B-Big-Calm-front-240-430x430.jpg 430w, https:\/\/studiokoncept.se\/wp-content\/uploads\/Mira-Ceti-300B-Big-Calm-front-240-150x150.png 150w, https:\/\/studiokoncept.se\/wp-content\/uploads\/Mira-Ceti-300B-Big-Calm-front-240-300x300.png 300w, https:\/\/studiokoncept.se\/wp-content\/uploads\/Mira-Ceti-300B-Big-Calm-front-240-12x12.png 12w, https:\/\/studiokoncept.se\/wp-content\/uploads\/Mira-Ceti-300B-Big-Calm-front-240.jpg 600w\" sizes=\"(max-width: 430px) 100vw, 430px\" \/><\/div>\n\t\t\t\t\t<div class=\"wc-block-grid__product-title\">Fezz Audio Mira Ceti 300B<\/div>\n\t\t\t\t<\/a>\n\t\t\t\t<div class=\"wc-block-grid__product-price price\"><span class=\"woocs_price_code\" data-currency=\"\" data-redraw-id=\"69e8bb02df178\" data-product-id=\"13620\"><span class=\"from\">From: <\/span><span class=\"woocommerce-Price-amount amount\">48.000&nbsp;<span class=\"woocommerce-Price-currencySymbol\">&#107;&#114;<\/span><\/span><\/span><div class=\"woocs_price_info\"><span class=\"woocs_price_info_icon\"><\/span><ul class='woocs_price_info_list'><li><span>EUR<\/span>: <span class=\"woocs_amount\">0&nbsp;&euro;<\/span><\/li><li><span>CHF<\/span>: <span class=\"woocs_amount\">0&nbsp;&#067;&#072;&#070;<\/span><\/li><li><span>USD<\/span>: <span class=\"woocs_amount\">0&nbsp;&#036;<\/span><\/li><\/ul><\/div> <span class=\"momsnamn-suffix\">inkl. moms<\/span><\/div>\n\t\t\t\t\n\t\t\t\t<div class=\"wp-block-button wc-block-grid__product-add-to-cart\"><a href=\"https:\/\/studiokoncept.se\/en\/shop\/elektronik\/integrerade-forstarkare\/fezz-audio-mira-ceti-evolution-2\/\" aria-label=\"Read more about &ldquo;Fezz Audio Mira Ceti 300B&rdquo;\" data-quantity=\"1\" data-product_id=\"13620\" data-product_sku=\"fezz-audio-mira-ceti-evolution-2\" data-price=\"0\" rel=\"nofollow\" class=\"wp-block-button__link  add_to_cart_button\">Select options<\/a><\/div>\n\t\t\t<\/li><li class=\"wc-block-grid__product\">\n\t\t\t\t<a href=\"https:\/\/studiokoncept.se\/en\/shop\/elektronik\/integrerade-forstarkare\/fezz-audio-silver-luna-prestige-evolution-kopia\/\" class=\"wc-block-grid__product-link\">\n\t\t\t\t\t\n\t\t\t\t\t<div class=\"wc-block-grid__product-image\"><img decoding=\"async\" width=\"430\" height=\"430\" src=\"https:\/\/studiokoncept.se\/wp-content\/uploads\/Silver-Luna-Ever-Green-430x430.jpg\" class=\"attachment-woocommerce_thumbnail size-woocommerce_thumbnail\" alt=\"Fezz Audio Silver Luna Prestige\" srcset=\"https:\/\/studiokoncept.se\/wp-content\/uploads\/Silver-Luna-Ever-Green-430x430.jpg 430w, https:\/\/studiokoncept.se\/wp-content\/uploads\/Silver-Luna-Ever-Green-150x150.jpg 150w, https:\/\/studiokoncept.se\/wp-content\/uploads\/Silver-Luna-Ever-Green-500x500.jpg 500w, https:\/\/studiokoncept.se\/wp-content\/uploads\/Silver-Luna-Ever-Green-300x300.jpg 300w, https:\/\/studiokoncept.se\/wp-content\/uploads\/Silver-Luna-Ever-Green-12x12.jpg 12w, https:\/\/studiokoncept.se\/wp-content\/uploads\/Silver-Luna-Ever-Green.jpg 600w\" sizes=\"(max-width: 430px) 100vw, 430px\" \/><\/div>\n\t\t\t\t\t<div class=\"wc-block-grid__product-title\">Fezz Audio Silver Luna Prestige<\/div>\n\t\t\t\t<\/a>\n\t\t\t\t<div class=\"wc-block-grid__product-price price\"><span class=\"woocs_price_code\" data-currency=\"\" data-redraw-id=\"69e8bb02e0087\" data-product-id=\"13549\"><span class=\"from\">From: <\/span><span class=\"woocommerce-Price-amount amount\">35.000&nbsp;<span class=\"woocommerce-Price-currencySymbol\">&#107;&#114;<\/span><\/span><\/span><div class=\"woocs_price_info\"><span class=\"woocs_price_info_icon\"><\/span><ul class='woocs_price_info_list'><li><span>EUR<\/span>: <span class=\"woocs_amount\">0&nbsp;&euro;<\/span><\/li><li><span>CHF<\/span>: <span class=\"woocs_amount\">0&nbsp;&#067;&#072;&#070;<\/span><\/li><li><span>USD<\/span>: <span class=\"woocs_amount\">0&nbsp;&#036;<\/span><\/li><\/ul><\/div> <span class=\"momsnamn-suffix\">inkl. moms<\/span><\/div>\n\t\t\t\t\n\t\t\t\t<div class=\"wp-block-button wc-block-grid__product-add-to-cart\"><a href=\"https:\/\/studiokoncept.se\/en\/shop\/elektronik\/integrerade-forstarkare\/fezz-audio-silver-luna-prestige-evolution-kopia\/\" aria-label=\"Read more about &ldquo;Fezz Audio Silver Luna Prestige&rdquo;\" data-quantity=\"1\" data-product_id=\"13549\" data-product_sku=\"fezz-audio-silver-luna-prestige-evolution-kopia\" data-price=\"0\" rel=\"nofollow\" class=\"wp-block-button__link  add_to_cart_button\">Select options<\/a><\/div>\n\t\t\t<\/li><li class=\"wc-block-grid__product\">\n\t\t\t\t<a href=\"https:\/\/studiokoncept.se\/en\/shop\/elektronik\/integrerade-forstarkare\/fezz-audio-lybra-300b-pse-evolution-kopia\/\" class=\"wc-block-grid__product-link\">\n\t\t\t\t\t\n\t\t\t\t\t<div class=\"wc-block-grid__product-image\"><img loading=\"lazy\" decoding=\"async\" width=\"430\" height=\"430\" src=\"https:\/\/studiokoncept.se\/wp-content\/uploads\/Lybra-Big-Calm-430x430.jpg\" class=\"attachment-woocommerce_thumbnail size-woocommerce_thumbnail\" alt=\"Fezz Audio Lybra 300B PSE\" srcset=\"https:\/\/studiokoncept.se\/wp-content\/uploads\/Lybra-Big-Calm-430x430.jpg 430w, https:\/\/studiokoncept.se\/wp-content\/uploads\/Lybra-Big-Calm-150x150.jpg 150w, https:\/\/studiokoncept.se\/wp-content\/uploads\/Lybra-Big-Calm-500x500.jpg 500w, https:\/\/studiokoncept.se\/wp-content\/uploads\/Lybra-Big-Calm-300x300.jpg 300w, https:\/\/studiokoncept.se\/wp-content\/uploads\/Lybra-Big-Calm-12x12.jpg 12w, https:\/\/studiokoncept.se\/wp-content\/uploads\/Lybra-Big-Calm.jpg 600w\" sizes=\"(max-width: 430px) 100vw, 430px\" \/><\/div>\n\t\t\t\t\t<div class=\"wc-block-grid__product-title\">Fezz Audio Lybra 300B PSE<\/div>\n\t\t\t\t<\/a>\n\t\t\t\t<div class=\"wc-block-grid__product-price price\"><span class=\"woocs_price_code\" data-currency=\"\" data-redraw-id=\"69e8bb02e0dd1\" data-product-id=\"13429\"><span class=\"from\">From: <\/span><span class=\"woocommerce-Price-amount amount\">63.000&nbsp;<span class=\"woocommerce-Price-currencySymbol\">&#107;&#114;<\/span><\/span><\/span><div class=\"woocs_price_info\"><span class=\"woocs_price_info_icon\"><\/span><ul class='woocs_price_info_list'><li><span>EUR<\/span>: <span class=\"woocs_amount\">0&nbsp;&euro;<\/span><\/li><li><span>CHF<\/span>: <span class=\"woocs_amount\">0&nbsp;&#067;&#072;&#070;<\/span><\/li><li><span>USD<\/span>: <span class=\"woocs_amount\">0&nbsp;&#036;<\/span><\/li><\/ul><\/div> <span class=\"momsnamn-suffix\">inkl. moms<\/span><\/div>\n\t\t\t\t\n\t\t\t\t<div class=\"wp-block-button wc-block-grid__product-add-to-cart\"><a href=\"https:\/\/studiokoncept.se\/en\/shop\/elektronik\/integrerade-forstarkare\/fezz-audio-lybra-300b-pse-evolution-kopia\/\" aria-label=\"Read more about &ldquo;Fezz Audio Lybra 300B PSE&rdquo;\" data-quantity=\"1\" data-product_id=\"13429\" data-product_sku=\"fezz-audio-lybra-300b-pse-evolution-kopia\" data-price=\"0\" rel=\"nofollow\" class=\"wp-block-button__link  add_to_cart_button\">Select options<\/a><\/div>\n\t\t\t<\/li><\/ul><\/div>\n<\/div><\/div>\n\n\n<div style=\"height:50px\" aria-hidden=\"true\" class=\"wp-block-spacer\"><\/div>\n\n\n<div class=\"gb-container gb-container-d2ea2219\"><div class=\"gb-inside-container\">\n\n<h2 class=\"gb-headline gb-headline-ba6fd711 gb-headline-text\" id=\"bryston-produkter\">Fezz Audio: Legacy serien<\/h2>\n\n\n\n<\/div><\/div>\n\n\n<div style=\"height:50px\" aria-hidden=\"true\" class=\"wp-block-spacer\"><\/div>\n","protected":false},"excerpt":{"rendered":"<p>Fezz Audio: Evolution series<\/p>","protected":false},"author":1,"featured_media":0,"parent":2343,"menu_order":0,"comment_status":"closed","ping_status":"closed","template":"","meta":{"footnotes":""},"class_list":["post-4660","page","type-page","status-publish","hentry"],"_links":{"self":[{"href":"https:\/\/studiokoncept.se\/en\/wp-json\/wp\/v2\/pages\/4660","targetHints":{"allow":["GET"]}}],"collection":[{"href":"https:\/\/studiokoncept.se\/en\/wp-json\/wp\/v2\/pages"}],"about":[{"href":"https:\/\/studiokoncept.se\/en\/wp-json\/wp\/v2\/types\/page"}],"author":[{"embeddable":true,"href":"https:\/\/studiokoncept.se\/en\/wp-json\/wp\/v2\/users\/1"}],"replies":[{"embeddable":true,"href":"https:\/\/studiokoncept.se\/en\/wp-json\/wp\/v2\/comments?post=4660"}],"version-history":[{"count":0,"href":"https:\/\/studiokoncept.se\/en\/wp-json\/wp\/v2\/pages\/4660\/revisions"}],"up":[{"embeddable":true,"href":"https:\/\/studiokoncept.se\/en\/wp-json\/wp\/v2\/pages\/2343"}],"wp:attachment":[{"href":"https:\/\/studiokoncept.se\/en\/wp-json\/wp\/v2\/media?parent=4660"}],"curies":[{"name":"wp","href":"https:\/\/api.w.org\/{rel}","templated":true}]}}