{"id":10667,"date":"2021-12-02T14:36:51","date_gmt":"2021-12-02T13:36:51","guid":{"rendered":"https:\/\/studiokoncept.se\/?page_id=10667"},"modified":"2023-07-03T20:28:14","modified_gmt":"2023-07-03T18:28:14","slug":"lindstrom-audio","status":"publish","type":"page","link":"https:\/\/studiokoncept.se\/en\/tillverkare\/lindstrom-audio\/","title":{"rendered":"Lindstrom Audio"},"content":{"rendered":"<div class=\"gb-container gb-container-e6da6d9d\"><div class=\"gb-inside-container\">\n<div class=\"gb-grid-wrapper gb-grid-wrapper-5c808816\">\n<div class=\"gb-grid-column gb-grid-column-2e9a24ac\"><div class=\"gb-container gb-container-2e9a24ac\"><div class=\"gb-inside-container\">\n\n<p><\/p>\n\n\n\n<p><\/p>\n\n\n\n<h2 class=\"gb-headline gb-headline-84727f09 gb-headline-text\">Lindstrom Audio &#8211; Close to live with open baffle<\/h2>\n\n\n\n<p>Det \u00e4r en fascinerande serie h\u00f6gtalare som Lindstr\u00f6m Audio har p\u00e5 g\u00e5ng. Jag har nu h\u00f6rt b\u00e5de ISO 85 och f\u00e5tt en helg-lyssning hos Lindstr\u00f6m med den modell som premi\u00e4rvisas p\u00e5 G\u00f6teborgsm\u00e4ssan i oktotober. Jag h\u00f6rde Lindstr\u00f6m sj\u00e4lv s\u00e4ga, redan om ISO 85, att dom sl\u00e4pper ut det man stoppar in. Jag \u00e4r vanligtvis v\u00e4ldigt skeptisk till ett s\u00e5nt uttalande. Men jag har not aldrig tyckt att det \u00e4r mer tr\u00e4ffande. Det \u00e4r m\u00e4rkligt vilken sp\u00e4nnvidd h\u00f6gtalarna uppvisar beroende p\u00e5 &#8221;vad man stoppar in&#8221;. Man kan allts\u00e5 anpassa dom efter sin egen smak. Likas\u00e5 \u00e4r jag fascinerad \u00f6ver den musikaliska sp\u00e4nnvidden dom uppvisar. Dom har lika l\u00e4tt f\u00f6r klassisk musik som Death Core genren. \u00c4ven om den st\u00f6rre h\u00f6gtalaren naturligtvis n\u00e5r \u00e4nnu l\u00e4ngre, inte minst n\u00e4r det g\u00e4ller den mer komplexa klassiska musiken med stor orkester. En annan v\u00e4ldigt tilltalande aspekt \u00e4r deras f\u00f6rm\u00e5ga att b\u00e5de uppvisa en sweetspot men att ocks\u00e5 erbjuda en musikalisk upplevelse utanf\u00f6r sweetspot. Mycket tacksamt. Tack vare deras energispridning, kanske f\u00f6r att konstruktionen \u00e4r s\u00e5dan att basen \u00e4r helt tyst p\u00e5 h\u00f6gtalarens baksida och bara sprids fram\u00e5t och \u00e5t sidorna. s\u00e5 st\u00f6r man omgivningen och grannarna mycket mindre. Den sl\u00e5r inte genom v\u00e4ggar och tak. Material han anv\u00e4nder, genomf\u00e4rgad HDF, \u00e4r dessutom tacksamt s\u00e5 den \u00e4r ganska ok\u00e4nslig f\u00f6r st\u00f6tar d\u00e5 den inte efterl\u00e4mnar m\u00e4rken man ser p\u00e5 l\u00e5ngt h\u00e5ll.  <\/p>\n\n\n\n<div style=\"height:30px\" aria-hidden=\"true\" class=\"wp-block-spacer\"><\/div>\n\n\n\n<div style=\"height:50px\" aria-hidden=\"true\" class=\"wp-block-spacer\"><\/div>\n\n\n\n<p><\/p>\n\n<\/div><\/div><\/div>\n\n<div class=\"gb-grid-column gb-grid-column-0810dc22\"><div class=\"gb-container gb-container-0810dc22\"><div class=\"gb-inside-container\">\n\n<p><\/p>\n\n<\/div><\/div><\/div>\n<\/div>\n<\/div><\/div>\n\n<div class=\"gb-container gb-container-2c051080\"><div class=\"gb-inside-container\">\n<div data-block-name=\"woocommerce\/handpicked-products\" data-products=\"[10673]\" class=\"wc-block-grid wp-block-handpicked-products wp-block-woocommerce-handpicked-products wc-block-handpicked-products has-3-columns has-multiple-rows\"><ul class=\"wc-block-grid__products\"><li class=\"wc-block-grid__product\">\n\t\t\t\t<a href=\"https:\/\/studiokoncept.se\/en\/shop\/hogtalare\/golvhogtalare\/lindstrom-audio-iso-85\/\" class=\"wc-block-grid__product-link\">\n\t\t\t\t\t\n\t\t\t\t\t<div class=\"wc-block-grid__product-image\"><img fetchpriority=\"high\" decoding=\"async\" width=\"430\" height=\"430\" src=\"https:\/\/studiokoncept.se\/wp-content\/uploads\/Huvudbild-2-430x430.png\" class=\"attachment-woocommerce_thumbnail size-woocommerce_thumbnail\" alt=\"Lindstrom Audio ISO 85\" srcset=\"https:\/\/studiokoncept.se\/wp-content\/uploads\/Huvudbild-2-430x430.png 430w, https:\/\/studiokoncept.se\/wp-content\/uploads\/Huvudbild-2-150x150.png 150w, https:\/\/studiokoncept.se\/wp-content\/uploads\/Huvudbild-2-500x500.png 500w, https:\/\/studiokoncept.se\/wp-content\/uploads\/Huvudbild-2-300x300.png 300w, https:\/\/studiokoncept.se\/wp-content\/uploads\/Huvudbild-2-12x12.png 12w, https:\/\/studiokoncept.se\/wp-content\/uploads\/Huvudbild-2.png 600w\" sizes=\"(max-width: 430px) 100vw, 430px\" \/><\/div>\n\t\t\t\t\t<div class=\"wc-block-grid__product-title\">Lindstrom Audio ISO 85<\/div>\n\t\t\t\t<\/a>\n\t\t\t\t<div class=\"wc-block-grid__product-price price\"><span class=\"woocs_price_code\" data-currency=\"\" data-redraw-id=\"69e66cc2bf1d1\" data-product-id=\"10673\"><span class=\"woocommerce-Price-amount amount\">95.000&nbsp;<span class=\"woocommerce-Price-currencySymbol\">&#107;&#114;<\/span><\/span><\/span><div class=\"woocs_price_info\"><span class=\"woocs_price_info_icon\"><\/span><ul class='woocs_price_info_list'><li><span>EUR<\/span>: <span class=\"woocs_amount\">8.810&nbsp;&euro;<\/span><\/li><li><span>CHF<\/span>: <span class=\"woocs_amount\">8.106&nbsp;&#067;&#072;&#070;<\/span><\/li><li><span>USD<\/span>: <span class=\"woocs_amount\">10.367&nbsp;&#036;<\/span><\/li><\/ul><\/div> <span class=\"momsnamn-suffix\">inkl. moms<\/span><\/div>\n\t\t\t\t\n\t\t\t\t<div class=\"wp-block-button wc-block-grid__product-add-to-cart\"><a href=\"\/en\/wp-json\/wp\/v2\/pages\/10667?add-to-cart=10673\" aria-label=\"Add to basket: &ldquo;Lindstrom Audio ISO 85&rdquo;\" data-quantity=\"1\" data-product_id=\"10673\" data-product_sku=\"lindstrom-audio-iso-85\" data-price=\"95000\" rel=\"nofollow\" class=\"wp-block-button__link  add_to_cart_button ajax_add_to_cart\">Add to basket<\/a><\/div>\n\t\t\t<\/li><\/ul><\/div>\n<\/div><\/div>","protected":false},"excerpt":{"rendered":"","protected":false},"author":1,"featured_media":0,"parent":2343,"menu_order":0,"comment_status":"closed","ping_status":"closed","template":"","meta":{"footnotes":""},"class_list":["post-10667","page","type-page","status-publish","hentry"],"_links":{"self":[{"href":"https:\/\/studiokoncept.se\/en\/wp-json\/wp\/v2\/pages\/10667","targetHints":{"allow":["GET"]}}],"collection":[{"href":"https:\/\/studiokoncept.se\/en\/wp-json\/wp\/v2\/pages"}],"about":[{"href":"https:\/\/studiokoncept.se\/en\/wp-json\/wp\/v2\/types\/page"}],"author":[{"embeddable":true,"href":"https:\/\/studiokoncept.se\/en\/wp-json\/wp\/v2\/users\/1"}],"replies":[{"embeddable":true,"href":"https:\/\/studiokoncept.se\/en\/wp-json\/wp\/v2\/comments?post=10667"}],"version-history":[{"count":0,"href":"https:\/\/studiokoncept.se\/en\/wp-json\/wp\/v2\/pages\/10667\/revisions"}],"up":[{"embeddable":true,"href":"https:\/\/studiokoncept.se\/en\/wp-json\/wp\/v2\/pages\/2343"}],"wp:attachment":[{"href":"https:\/\/studiokoncept.se\/en\/wp-json\/wp\/v2\/media?parent=10667"}],"curies":[{"name":"wp","href":"https:\/\/api.w.org\/{rel}","templated":true}]}}