{"id":9779,"date":"2021-02-11T13:43:59","date_gmt":"2021-02-11T12:43:59","guid":{"rendered":"https:\/\/studiokoncept.se\/?post_type=product&#038;p=9779"},"modified":"2023-09-06T14:38:55","modified_gmt":"2023-09-06T12:38:55","slug":"ifi-audio-44-44-mm-kabel","status":"publish","type":"product","link":"https:\/\/studiokoncept.se\/de\/shop\/elektronik\/dac\/ifi-audio-44-44-mm-kabel\/","title":{"rendered":"Ifi Audio 4.4 - 4.4 mm Kabel"},"content":{"rendered":"<p><h4>Das iFi Audio 4.4 - 4.4 Pentaconn Kabel ist ein audiophiles Verbindungskabel, das f\u00fcr symmetrische Komponenten entwickelt wurde.<\/h4><br \/>\n Hier sind einige der wichtigsten Merkmale des Programms:<\/p>\n<p>- Aufbau: Das Kabel verwendet schwere OFHC (Oxygen-Free High Conductivity) Strangguss-Kupfer- und Silbermatrix-Leiter mit einer Gesamtdicke von 14AWG f\u00fcr eine optimale Signal\u00fcbertragung. Das Kabel hat ein spezielles Spiraldesign (genannt minZ\u2122), das sowohl die Kapazit\u00e4t als auch die Induktivit\u00e4t minimiert.<\/p>\n<p>- Abschirmung: Das Kabel verf\u00fcgt \u00fcber eine integrierte Abschirmung durch die minZ\u2122-Wendelkonstruktion. Diese Abschirmung sch\u00fctzt das Kabel vor RFI- (Radio Frequency Interference) und EMI-St\u00f6rungen (Electromagnetic Interference) und sorgt so f\u00fcr ein m\u00f6glichst sauberes \u00dcbertragungsmedium.<\/p>\n<p>- Isolierung: Die zus\u00e4tzliche Isolierung des Kabels wird durch die Verwendung eines RoHS-konformen HD-Polymers (60P) mit hervorragenden dielektrischen Eigenschaften und einer Funkenfestigkeit von 1500 V AC erreicht.<\/p>\n<p>- Material: Das Kabel besteht aus 4N sauerstofffreiem Kupfer f\u00fcr ultimative Leitf\u00e4higkeit und Korrosionsbest\u00e4ndigkeit und 5N reinem Platinsilber f\u00fcr minimalen Skineffekt und tadellose Audiosignal\u00fcbertragung.<\/p>\n<p>- Schutz und Verbindung: Das Kabel ist mehrkanalig abgeschirmt und geflochten, um einen niedrigen Widerstand zur Erde zu gew\u00e4hrleisten. Es verwendet den iFi-eigenen Stecker mit glatter Oberfl\u00e4che und einer scharfkantig geschnittenen Kupferkante, um die 4.4-Buchse zu sch\u00fctzen und ihre Lebensdauer zu verl\u00e4ngern. Au\u00dferdem gibt es eine 1 mm hohe Lippe f\u00fcr eine pr\u00e4zise Verbindung.<\/p>","protected":false},"excerpt":{"rendered":"<p><h4>Kopplung von Produkten mit Pentaconn-Steckern 4,4mm - 4,4mm<\/h4><br \/>\nDas symmetrische Kabel von IFi Audio mit Pentaconn-Steckern 4,4 mm - 4,4 mm. Es wurde speziell f\u00fcr die Kopplung von Produkten mit symmetrischem Design wie ZEN DAC und ZEN CAN \u00fcber die neuen Pentaconn-Stecker entwickelt.<\/p>\n<p>L\u00e4nge: 300 mm.<\/p>","protected":false},"featured_media":9778,"template":"","meta":[],"product_brand":[],"product_cat":[164],"product_tag":[],"class_list":{"0":"post-9779","1":"product","2":"type-product","3":"status-publish","4":"has-post-thumbnail","6":"product_cat-dac","7":"product_shipping_class-standard","9":"first","10":"instock","11":"taxable","12":"shipping-taxable","13":"purchasable","14":"product-type-simple"},"bundled_by":[],"bundle_stock_status":"instock","bundle_stock_quantity":null,"bundle_virtual":false,"bundle_layout":"","bundle_add_to_cart_form_location":"","bundle_editable_in_cart":false,"bundle_sold_individually_context":"","bundle_item_grouping":"","bundle_min_size":"","bundle_max_size":"","bundle_price":[],"bundled_items":[],"bundle_sell_ids":[],"_links":{"self":[{"href":"https:\/\/studiokoncept.se\/de\/wp-json\/wp\/v2\/product\/9779","targetHints":{"allow":["GET"]}}],"collection":[{"href":"https:\/\/studiokoncept.se\/de\/wp-json\/wp\/v2\/product"}],"about":[{"href":"https:\/\/studiokoncept.se\/de\/wp-json\/wp\/v2\/types\/product"}],"version-history":[{"count":0,"href":"https:\/\/studiokoncept.se\/de\/wp-json\/wp\/v2\/product\/9779\/revisions"}],"wp:featuredmedia":[{"embeddable":true,"href":"https:\/\/studiokoncept.se\/de\/wp-json\/wp\/v2\/media\/9778"}],"wp:attachment":[{"href":"https:\/\/studiokoncept.se\/de\/wp-json\/wp\/v2\/media?parent=9779"}],"wp:term":[{"taxonomy":"product_brand","embeddable":true,"href":"https:\/\/studiokoncept.se\/de\/wp-json\/wp\/v2\/product_brand?post=9779"},{"taxonomy":"product_cat","embeddable":true,"href":"https:\/\/studiokoncept.se\/de\/wp-json\/wp\/v2\/product_cat?post=9779"},{"taxonomy":"product_tag","embeddable":true,"href":"https:\/\/studiokoncept.se\/de\/wp-json\/wp\/v2\/product_tag?post=9779"}],"curies":[{"name":"wp","href":"https:\/\/api.w.org\/{rel}","templated":true}]}}