{"id":9048,"date":"2020-10-02T12:56:39","date_gmt":"2020-10-02T10:56:39","guid":{"rendered":"https:\/\/studiokoncept.se\/?post_type=product&#038;p=9048"},"modified":"2025-01-26T13:53:34","modified_gmt":"2025-01-26T12:53:34","slug":"fezz-audio-gaia-mini-mm","status":"publish","type":"product","link":"https:\/\/studiokoncept.se\/de\/shop\/vinyl\/riaa\/fezz-audio-gaia-mini-mm\/","title":{"rendered":"Fezz Audio Gaia Mini MM Phono-Vorverst\u00e4rker"},"content":{"rendered":"<p>Fezz Audio Gaia Mini ist ein Phono-Verst\u00e4rker, der f\u00fcr den Betrieb mit MM- (Moving Magnet) und MC-Tonabnehmern (Moving Coil) konzipiert wurde. Mit seinen hochwertigen Elementen bietet er eine hervorragende Dynamik und einen Klangcharakter, der als ausgereift und erhaben beschrieben werden kann.<\/p>\n<p>Der Gaia Mini verwendet einen OPA 2132 Operationsverst\u00e4rker, der zu seiner hervorragenden Dynamik und Klangqualit\u00e4t beitr\u00e4gt. Dar\u00fcber hinaus enth\u00e4lt er Nichicon Fine Gold-Kondensatoren, die ihm eine Leistung verleihen, die teureren Designs ebenb\u00fcrtig ist.<\/p>\n<p>Ein weiterer Vorteil des Gaia Mini ist seine kompakte Gr\u00f6\u00dfe. Die Abmessungen des Chassis wurden im Vergleich zur Standardversion des Fezz Audio Gaia reduziert, was es zu einer ausgezeichneten Wahl f\u00fcr diejenigen macht, die wenig Platz haben.<\/p>\n<p>Was die technischen Daten betrifft, so hat das Gaia Mini eine Eingangsimpedanz von 100\u03a9 f\u00fcr MC und 47k\u03a9 f\u00fcr MM. Es hat eine harmonische Verzerrung (THD) von weniger als 0,008% f\u00fcr MM und weniger als 0,15% f\u00fcr MC \u00fcber den Frequenzbereich von 20Hz-20kHz. Sein Signal-Rausch-Verh\u00e4ltnis betr\u00e4gt 90 dB und sein \u00dcbersprechen liegt bei \u00fcber 91 dB. Gaia Mini hat eine Leistungsaufnahme von 5 W und wiegt 1,1 kg. Seine Abmessungen betragen 170x160x65 mm12.<\/p>","protected":false},"excerpt":{"rendered":"<h4>Unglaublich glatt mit einer Oberfl\u00e4che, die zur neuen Evolution-Reihe passt.<\/h4>\n<p>Der Fezz Audio Gaia Mini ist ein hochwertiger Phono-Verst\u00e4rker, der sowohl mit MM- als auch mit MC-Tonabnehmern arbeiten kann. Er zeichnet sich durch einen ausgereiften und erhabenen Klangcharakter sowie eine hervorragende Dynamik aus, die er den hochwertigen Komponenten verdankt. Er ist mit einem OPA 2132 Operationsverst\u00e4rker ausgestattet und hat ein kompaktes Design mit Abmessungen von 170x160x65 mm.<\/p>\n<p>Sehr stilvolle und praktische L\u00f6sung f\u00fcr ein Wohnzimmer, vor allem wenn der Platz begrenzt ist.\u00a0<\/p>","protected":false},"featured_media":16822,"template":"","meta":[],"product_brand":[],"product_cat":[162],"product_tag":[],"class_list":{"0":"post-9048","1":"product","2":"type-product","3":"status-publish","4":"has-post-thumbnail","6":"product_cat-riaa","7":"product_shipping_class-standard","9":"first","10":"instock","11":"taxable","12":"shipping-taxable","13":"purchasable","14":"product-type-variable"},"bundled_by":[],"bundle_stock_status":"instock","bundle_stock_quantity":null,"bundle_virtual":false,"bundle_layout":"","bundle_add_to_cart_form_location":"","bundle_editable_in_cart":false,"bundle_sold_individually_context":"","bundle_item_grouping":"","bundle_min_size":"","bundle_max_size":"","bundle_price":[],"bundled_items":[],"bundle_sell_ids":[],"_links":{"self":[{"href":"https:\/\/studiokoncept.se\/de\/wp-json\/wp\/v2\/product\/9048","targetHints":{"allow":["GET"]}}],"collection":[{"href":"https:\/\/studiokoncept.se\/de\/wp-json\/wp\/v2\/product"}],"about":[{"href":"https:\/\/studiokoncept.se\/de\/wp-json\/wp\/v2\/types\/product"}],"version-history":[{"count":0,"href":"https:\/\/studiokoncept.se\/de\/wp-json\/wp\/v2\/product\/9048\/revisions"}],"wp:featuredmedia":[{"embeddable":true,"href":"https:\/\/studiokoncept.se\/de\/wp-json\/wp\/v2\/media\/16822"}],"wp:attachment":[{"href":"https:\/\/studiokoncept.se\/de\/wp-json\/wp\/v2\/media?parent=9048"}],"wp:term":[{"taxonomy":"product_brand","embeddable":true,"href":"https:\/\/studiokoncept.se\/de\/wp-json\/wp\/v2\/product_brand?post=9048"},{"taxonomy":"product_cat","embeddable":true,"href":"https:\/\/studiokoncept.se\/de\/wp-json\/wp\/v2\/product_cat?post=9048"},{"taxonomy":"product_tag","embeddable":true,"href":"https:\/\/studiokoncept.se\/de\/wp-json\/wp\/v2\/product_tag?post=9048"}],"curies":[{"name":"wp","href":"https:\/\/api.w.org\/{rel}","templated":true}]}}