{"id":8641,"date":"2020-08-16T06:59:47","date_gmt":"2020-08-16T04:59:47","guid":{"rendered":"https:\/\/studiokoncept.se\/?post_type=product&#038;p=8641"},"modified":"2023-07-12T18:46:29","modified_gmt":"2023-07-12T16:46:29","slug":"trenner-friedl-phi","status":"publish","type":"product","link":"https:\/\/studiokoncept.se\/de\/shop\/hogtalare\/stativhogtalare\/trenner-friedl-phi\/","title":{"rendered":"Trenner &amp; Friedl Phi"},"content":{"rendered":"<p><h4>Gro\u00dfer Standlautsprecher<\/h4><br \/>\nProportionen nach dem Goldenen Schnitt<br \/>\nMultiplex-Birkenholz mit unterschiedlicher Dichte<br \/>\nGefr\u00e4ste Segmente an der Schallwand zur Vermeidung von Biegewellen<br \/>\nMehrschichtige Lackierung<br \/>\nVollbereichslautsprecher f\u00fcr ideales Impuls- und Phasenverhalten<br \/>\nPapierschuh mit italienischem \u00d6llack impr\u00e4gniert<br \/>\nDie interne Verdrahtung von Cardas, ebenfalls im Goldenen Schnitt angelegt<br \/>\nCardas-Terminals<br \/>\nFeinste Frequenzweichenbauteile von Mundorf<br \/>\nKonzipiert f\u00fcr R\u00f6hrenverst\u00e4rker<\/p>","protected":false},"excerpt":{"rendered":"<p>Phi ist ein wunderbar musikalischer Standlautsprecher mit klassischem Aussehen.<br \/>\nEr wurde nach den Proportionen des Goldenen Schnitts entworfen und ist in erster Linie f\u00fcr den Betrieb mit R\u00f6hrenverst\u00e4rkern vorgesehen.<br \/>\nCardas interne Verkabelung und Anschl\u00fcsse.<br \/>\nOberfl\u00e4che: Eiskaltes Eichenholz (\"isad ek\")<br \/>\nAndere Ausf\u00fchrungen auf Anfrage. Bitte kontaktieren Sie uns.<\/p>\n<p>Lesen Sie mehr unter den Registerkarten<\/p>","protected":false},"featured_media":8644,"template":"","meta":[],"product_brand":[],"product_cat":[155],"product_tag":[],"class_list":{"0":"post-8641","1":"product","2":"type-product","3":"status-publish","4":"has-post-thumbnail","6":"product_cat-stativhogtalare","7":"product_shipping_class-standard","9":"first","10":"instock","11":"taxable","12":"shipping-taxable","13":"purchasable","14":"product-type-variable"},"bundled_by":[],"bundle_stock_status":"instock","bundle_stock_quantity":null,"bundle_virtual":false,"bundle_layout":"","bundle_add_to_cart_form_location":"","bundle_editable_in_cart":false,"bundle_sold_individually_context":"","bundle_item_grouping":"","bundle_min_size":"","bundle_max_size":"","bundle_price":[],"bundled_items":[],"bundle_sell_ids":[],"_links":{"self":[{"href":"https:\/\/studiokoncept.se\/de\/wp-json\/wp\/v2\/product\/8641","targetHints":{"allow":["GET"]}}],"collection":[{"href":"https:\/\/studiokoncept.se\/de\/wp-json\/wp\/v2\/product"}],"about":[{"href":"https:\/\/studiokoncept.se\/de\/wp-json\/wp\/v2\/types\/product"}],"version-history":[{"count":0,"href":"https:\/\/studiokoncept.se\/de\/wp-json\/wp\/v2\/product\/8641\/revisions"}],"wp:featuredmedia":[{"embeddable":true,"href":"https:\/\/studiokoncept.se\/de\/wp-json\/wp\/v2\/media\/8644"}],"wp:attachment":[{"href":"https:\/\/studiokoncept.se\/de\/wp-json\/wp\/v2\/media?parent=8641"}],"wp:term":[{"taxonomy":"product_brand","embeddable":true,"href":"https:\/\/studiokoncept.se\/de\/wp-json\/wp\/v2\/product_brand?post=8641"},{"taxonomy":"product_cat","embeddable":true,"href":"https:\/\/studiokoncept.se\/de\/wp-json\/wp\/v2\/product_cat?post=8641"},{"taxonomy":"product_tag","embeddable":true,"href":"https:\/\/studiokoncept.se\/de\/wp-json\/wp\/v2\/product_tag?post=8641"}],"curies":[{"name":"wp","href":"https:\/\/api.w.org\/{rel}","templated":true}]}}