{"id":8577,"date":"2020-08-04T00:15:07","date_gmt":"2020-08-03T22:15:07","guid":{"rendered":"https:\/\/studiokoncept.se\/?post_type=product&#038;p=8577"},"modified":"2023-09-06T14:44:01","modified_gmt":"2023-09-06T12:44:01","slug":"ifi-audio-zen-can-horlursforstarkare-med-rabatterade-tillbehor","status":"publish","type":"product","link":"https:\/\/studiokoncept.se\/de\/shop\/elektronik\/horlursforstarkare\/ifi-audio-zen-can-horlursforstarkare-med-rabatterade-tillbehor\/","title":{"rendered":"Ifi Audio Zen Can Kopfh\u00f6rer-Verst\u00e4rker"},"content":{"rendered":"<p><h3><\/h3><\/p>","protected":false},"excerpt":{"rendered":"<p>Zen Can von Ifi Audio ist ein vollst\u00e4ndig analoges und symmetrisches Produkt mit diskreten Class-A-Schaltungen aus Ifis Flaggschiff <a href=\"https:\/\/studiokoncept.se\/de\/produkt\/ifi-audio-pro-ican\/\" target=\"_blank\" rel=\"noopener noreferrer\">Pro iCAN<\/a>.<br \/>\nEs verf\u00fcgt \u00fcber einen speziellen 3D-Sound-Schaltkreis, der ein szenisches Klangbild vor Ihnen und nicht wie \u00fcblich in der Mitte Ihres Kopfes bietet, ohne Verf\u00e4rbung und Aufl\u00f6sungsverlust.<br \/>\nVollst\u00e4ndig analoge Schaltungen ohne komplexe digitale Manipulation!<br \/>\nXBass kompensiert die mangelnde Bassqualit\u00e4t von Kopfh\u00f6rern. 4 Verst\u00e4rkungsstufen.<br \/>\nAusg\u00e4nge: 1 symmetrisches Pentaconn 4,4mm, siehe unten f\u00fcr passendes Kabel, und ein 6,3mm.<br \/>\nEing\u00e4nge: 1 symmetrisches Pentaconn 4,4mm, 1 Single-Ended 3,5mm und 1 RCA.<\/p>\n<p>Ich empfehle dringend ein Upgrade mit dem Ifis iPower X-Netzteil, siehe unten.<\/p>\n<p>Klicken Sie auf die Optionsfelder, um weitere Informationen zu erhalten.<\/p>","protected":false},"featured_media":8576,"template":"","meta":[],"product_brand":[],"product_cat":[163],"product_tag":[],"class_list":{"0":"post-8577","1":"product","2":"type-product","3":"status-publish","4":"has-post-thumbnail","6":"product_cat-horlursforstarkare","7":"product_shipping_class-standard","9":"first","10":"instock","11":"taxable","12":"shipping-taxable","13":"purchasable","14":"product-type-simple"},"bundled_by":[],"bundle_stock_status":"instock","bundle_stock_quantity":null,"bundle_virtual":false,"bundle_layout":"","bundle_add_to_cart_form_location":"","bundle_editable_in_cart":false,"bundle_sold_individually_context":"","bundle_item_grouping":"","bundle_min_size":"","bundle_max_size":"","bundle_price":[],"bundled_items":[],"bundle_sell_ids":[],"_links":{"self":[{"href":"https:\/\/studiokoncept.se\/de\/wp-json\/wp\/v2\/product\/8577","targetHints":{"allow":["GET"]}}],"collection":[{"href":"https:\/\/studiokoncept.se\/de\/wp-json\/wp\/v2\/product"}],"about":[{"href":"https:\/\/studiokoncept.se\/de\/wp-json\/wp\/v2\/types\/product"}],"version-history":[{"count":0,"href":"https:\/\/studiokoncept.se\/de\/wp-json\/wp\/v2\/product\/8577\/revisions"}],"wp:featuredmedia":[{"embeddable":true,"href":"https:\/\/studiokoncept.se\/de\/wp-json\/wp\/v2\/media\/8576"}],"wp:attachment":[{"href":"https:\/\/studiokoncept.se\/de\/wp-json\/wp\/v2\/media?parent=8577"}],"wp:term":[{"taxonomy":"product_brand","embeddable":true,"href":"https:\/\/studiokoncept.se\/de\/wp-json\/wp\/v2\/product_brand?post=8577"},{"taxonomy":"product_cat","embeddable":true,"href":"https:\/\/studiokoncept.se\/de\/wp-json\/wp\/v2\/product_cat?post=8577"},{"taxonomy":"product_tag","embeddable":true,"href":"https:\/\/studiokoncept.se\/de\/wp-json\/wp\/v2\/product_tag?post=8577"}],"curies":[{"name":"wp","href":"https:\/\/api.w.org\/{rel}","templated":true}]}}