{"id":8112,"date":"2021-07-19T21:19:36","date_gmt":"2021-07-19T19:19:36","guid":{"rendered":"https:\/\/studiokoncept.se\/?post_type=product&#038;p=8112"},"modified":"2025-01-27T06:35:11","modified_gmt":"2025-01-27T05:35:11","slug":"gold-note-mediterraneo-komposit","status":"publish","type":"product","link":"https:\/\/studiokoncept.se\/de\/produkt\/gold-note-mediterraneo-komposit\/","title":{"rendered":"Gold-Note Mediterraneo"},"content":{"rendered":"<p>EIN REINES HOCHWERTIGES PRODUKT AUS ITALIEN Inspiriert durch das italienische Erbe, verbindet der Mediterraneo Plattenspieler Sch\u00f6nheit und technische Perfektion zu einem einzigartigen Instrument f\u00fcr den Musikgenuss. Er ist Gold Note's eigene Ode an die musikalische Leidenschaft und Hingabe zum Vinyl. Das 60 mm dicke, geschwungene Sockeldesign basiert auf der Catenary-Kurve, einem hocheffektiven Konzept, das von den Spielern der Renaissance, Michelangelo Buonarroti und Galileo Galilei, entwickelt wurde. Das aus italienischem Walnuss-Hartholz gefertigte Chassis profitiert von der Qualit\u00e4t dieses edlen Materials: au\u00dfergew\u00f6hnliche Elastizit\u00e4t, Festigkeit und hohe Dichte. Die dreifache Sockelstruktur wird durch eine \u00fcberzeugende 20 mm dicke Scheibe aus poliertem Acryl und eine 3 mm dicke Scheibe aus rostfreiem Stahl verst\u00e4rkt, um die au\u00dfergew\u00f6hnliche D\u00e4mpfungsqualit\u00e4t und Stabilit\u00e4t zu erh\u00f6hen. Der Holzsockel ruht auf drei elegant geformten und verstellbaren Spikes aus eloxiertem Aluminium. Die 45 mm dicke Pr\u00e4zisionsplatte aus hochdichtem POM ist riemengetrieben und wird von einem eigens entwickelten Steuersystem angetrieben, das auf einem Quadral-Core-Mikrocontroller basiert und durch einen Audiowandler erg\u00e4nzt wird. Der Leistungscontroller baut die Wechselstromwelle so um, dass sie den 12-V-Synchronmotor perfekt antreibt, Vibrationen beseitigt und gleichzeitig sein Drehmoment verbessert, um h\u00f6chste Dynamik und feinste Details zu liefern. Das Netzteil steuert elektronisch die Modi 33\u2153rpm und 45rpm sowie die Feineinstellung der Geschwindigkeit und speichert alle Einstellungen. Der Mediterraneo verf\u00fcgt \u00fcber eine 80 mm lange Lager-\/Spindelkonstruktion, die aus dem h\u00e4rtesten rektifizierten Kohlenstoffstahl gefertigt ist, um perfekte Arbeitsbedingungen zu erreichen. Das Lagersystem besteht aus Bronze, was eine m\u00f6glichst reibungslose Rotation der Scheibe garantiert.<\/p>","protected":false},"excerpt":{"rendered":"<h4>Ein \u00fcberw\u00e4ltigendes Erlebnis<\/h4><br \/>\nMatcha Mediterraneo mit goldenen Noten Pickup <a href=\"https:\/\/studiokoncept.se\/de\/?s=tuscany+gold&amp;post_type=product&amp;product_cat=0\" target=\"_blank\" rel=\"noopener\">Toskana Gold<\/a> und die separate Stromversorgung von Gold Note <a href=\"https:\/\/studiokoncept.se\/de\/shop\/elektronik\/separat-natdel\/gold-note-pst-10\/\" target=\"_blank\" rel=\"noopener\">PST-10<\/a> (beide k\u00f6nnen unten zu einem erm\u00e4\u00dfigten Preis erworben werden) und es erwartet Sie ein noch nie dagewesenes Musikerlebnis. Sobald Sie den Raum betreten, werden Sie von dem pulsierenden musikalischen Leben und der hypnotisierenden Kombination aus r\u00e4umlicher und zeitlicher Aufl\u00f6sung \u00fcberw\u00e4ltigt.<\/p>","protected":false},"featured_media":6671,"template":"","meta":[],"product_brand":[],"product_cat":[320],"product_tag":[813],"class_list":{"0":"post-8112","1":"product","2":"type-product","3":"status-publish","4":"has-post-thumbnail","6":"product_cat-skivspelare","7":"product_tag-gold-note-mediterraneo","8":"product_shipping_class-standard","10":"first","11":"instock","12":"taxable","13":"shipping-taxable","14":"purchasable","15":"product-type-variable","16":"has-default-attributes"},"bundled_by":[],"bundle_stock_status":"instock","bundle_stock_quantity":null,"bundle_virtual":false,"bundle_layout":"","bundle_add_to_cart_form_location":"","bundle_editable_in_cart":false,"bundle_sold_individually_context":"","bundle_item_grouping":"","bundle_min_size":"","bundle_max_size":"","bundle_price":[],"bundled_items":[],"bundle_sell_ids":[],"_links":{"self":[{"href":"https:\/\/studiokoncept.se\/de\/wp-json\/wp\/v2\/product\/8112","targetHints":{"allow":["GET"]}}],"collection":[{"href":"https:\/\/studiokoncept.se\/de\/wp-json\/wp\/v2\/product"}],"about":[{"href":"https:\/\/studiokoncept.se\/de\/wp-json\/wp\/v2\/types\/product"}],"version-history":[{"count":0,"href":"https:\/\/studiokoncept.se\/de\/wp-json\/wp\/v2\/product\/8112\/revisions"}],"wp:featuredmedia":[{"embeddable":true,"href":"https:\/\/studiokoncept.se\/de\/wp-json\/wp\/v2\/media\/6671"}],"wp:attachment":[{"href":"https:\/\/studiokoncept.se\/de\/wp-json\/wp\/v2\/media?parent=8112"}],"wp:term":[{"taxonomy":"product_brand","embeddable":true,"href":"https:\/\/studiokoncept.se\/de\/wp-json\/wp\/v2\/product_brand?post=8112"},{"taxonomy":"product_cat","embeddable":true,"href":"https:\/\/studiokoncept.se\/de\/wp-json\/wp\/v2\/product_cat?post=8112"},{"taxonomy":"product_tag","embeddable":true,"href":"https:\/\/studiokoncept.se\/de\/wp-json\/wp\/v2\/product_tag?post=8112"}],"curies":[{"name":"wp","href":"https:\/\/api.w.org\/{rel}","templated":true}]}}