{"id":7721,"date":"2020-06-18T21:51:43","date_gmt":"2020-06-18T19:51:43","guid":{"rendered":"https:\/\/studiokoncept.se\/?post_type=product&#038;p=7721"},"modified":"2024-09-11T16:57:28","modified_gmt":"2024-09-11T14:57:28","slug":"ifi-audioipower-xnatdel","status":"publish","type":"product","link":"https:\/\/studiokoncept.se\/de\/produkt\/ifi-audioipower-xnatdel\/","title":{"rendered":"Ifi Audio iPower X Netzger\u00e4t"},"content":{"rendered":"<p><h3><\/h3><\/p>","protected":false},"excerpt":{"rendered":"<p>TEST! Ifi\u00a0<b>iPower X<\/b>\u00a0Der 20% liefert mehr Strom und Ampere als sein Vorg\u00e4nger und kann daher mehr Produkte verarbeiten. Austauschbare Stifte f\u00fcr internationalen Einsatz. Die aktive Rauschunterdr\u00fcckung II unterdr\u00fcckt alle eingehenden EMI- und RFI-St\u00f6rungen. Dies ist die gleiche Technologie, die auch in Kopfh\u00f6rern mit Ger\u00e4uschunterdr\u00fcckung zum Einsatz kommt, die z. B. in Flugzeugen den Kabinenl\u00e4rm unterdr\u00fccken. Das macht das Ifi iPower X zu Ihrer Stromversorgung! Im Lieferumfang enthalten ist auch ein Center-Negativ-Adapter f\u00fcr Gitarristen-Pedale, um die Stromversorgung zu verwalten und nicht zu riskieren, dass die Batterie leer wird. Ein leistungsstarkes Upgrade f\u00fcr jedes Ifi-Netzteil. Aber auch f\u00fcr z.B. LED-Leuchten, um das Flimmern zu reduzieren.<\/p>","protected":false},"featured_media":7718,"template":"","meta":[],"product_brand":[],"product_cat":[302,294],"product_tag":[],"class_list":{"0":"post-7721","1":"product","2":"type-product","3":"status-publish","4":"has-post-thumbnail","6":"product_cat-separat-natdel","7":"product_cat-stromrening","8":"product_shipping_class-standard","10":"first","11":"instock","12":"taxable","13":"shipping-taxable","14":"purchasable","15":"product-type-variable"},"bundled_by":[],"bundle_stock_status":"instock","bundle_stock_quantity":null,"bundle_virtual":false,"bundle_layout":"","bundle_add_to_cart_form_location":"","bundle_editable_in_cart":false,"bundle_sold_individually_context":"","bundle_item_grouping":"","bundle_min_size":"","bundle_max_size":"","bundle_price":[],"bundled_items":[],"bundle_sell_ids":[],"_links":{"self":[{"href":"https:\/\/studiokoncept.se\/de\/wp-json\/wp\/v2\/product\/7721","targetHints":{"allow":["GET"]}}],"collection":[{"href":"https:\/\/studiokoncept.se\/de\/wp-json\/wp\/v2\/product"}],"about":[{"href":"https:\/\/studiokoncept.se\/de\/wp-json\/wp\/v2\/types\/product"}],"version-history":[{"count":0,"href":"https:\/\/studiokoncept.se\/de\/wp-json\/wp\/v2\/product\/7721\/revisions"}],"wp:featuredmedia":[{"embeddable":true,"href":"https:\/\/studiokoncept.se\/de\/wp-json\/wp\/v2\/media\/7718"}],"wp:attachment":[{"href":"https:\/\/studiokoncept.se\/de\/wp-json\/wp\/v2\/media?parent=7721"}],"wp:term":[{"taxonomy":"product_brand","embeddable":true,"href":"https:\/\/studiokoncept.se\/de\/wp-json\/wp\/v2\/product_brand?post=7721"},{"taxonomy":"product_cat","embeddable":true,"href":"https:\/\/studiokoncept.se\/de\/wp-json\/wp\/v2\/product_cat?post=7721"},{"taxonomy":"product_tag","embeddable":true,"href":"https:\/\/studiokoncept.se\/de\/wp-json\/wp\/v2\/product_tag?post=7721"}],"curies":[{"name":"wp","href":"https:\/\/api.w.org\/{rel}","templated":true}]}}