{"id":7250,"date":"2021-07-19T22:49:48","date_gmt":"2021-07-19T20:49:48","guid":{"rendered":"https:\/\/studiokoncept.se\/?post_type=product&#038;p=7250"},"modified":"2025-01-26T13:27:28","modified_gmt":"2025-01-26T12:27:28","slug":"gold-note-ds-1000-mkii","status":"publish","type":"product","link":"https:\/\/studiokoncept.se\/de\/shop\/elektronik\/dac\/gold-note-ds-1000-mkii\/","title":{"rendered":"Gold-Note DS-1000 EVO"},"content":{"rendered":"<p><strong>Gold Notes Digitalquelle f\u00fcr High-End-Systeme DS-1000 EVO<\/strong> ist der Streamer\/DAC der neuen Generation von Gold Note, der die Grenzen der digitalen Audiotechnik auf ein neues Niveau hebt. Er ist definitiv eine digitale Audioquelle f\u00fcr ein High-End-System! Der DS-1000 EVO verf\u00fcgt \u00fcber ein Dual-Mono-DAC-Design, das eine DAC-Schaltung pro Kanal verwendet, um die h\u00f6chstm\u00f6gliche Klangqualit\u00e4t, Kanaltrennung, \u00dcbersprechen und Dynamik zu liefern. Die Ausgangsstufe mit diskreten Class-A-Komponenten sorgt f\u00fcr herausragende Musikalit\u00e4t und Realismus. Die neueste Technologie im digitalen Audiobereich erm\u00f6glicht zudem eine extrem hohe Aufl\u00f6sung von bis zu DSD512 und PCM 32bit\/384kHz. Hier k\u00f6nnen Sie beim Streaming von Tidal (&amp; Tidal Connect), Qobuz, Spotify Connect, vTuner und UPnP\/DLNA-Medienservern die feinsten Details genie\u00dfen. Der DS-1000 EVO ist au\u00dferdem Roon Ready und bietet Airplay 2 und Bluetooth. Er ist in zwei Modellen erh\u00e4ltlich: dem DS-1000 EVO und dem DS-1000 EVO LINE. Das Modell EVO LINE hat eine eingebaute Class-A-Vorverst\u00e4rkerstufe, eine Mini-Version des gro\u00dfen Vorverst\u00e4rkers. <a href=\"https:\/\/studiokoncept.se\/de\/shop\/elektronik\/forsteg\/gold-note-p-1000-forsteg\/\" target=\"_blank\" rel=\"noopener\">P-1000<\/a>mit einem Paar unsymmetrischer RCA-Eing\u00e4nge und einem Paar symmetrischer XLR-Eing\u00e4nge.<\/p>\n<h4>Upgrade mit:<\/h4>\n<ol>\n<li><a href=\"https:\/\/studiokoncept.se\/de\/shop\/elektronik\/separat-natdel\/gold-note-psu-1000psu-1000-serien-externa-natdelar\/\" target=\"_blank\" rel=\"noopener\">Gold-Note PSU-1000 <\/a> Serie, separate Mesh-Teile f\u00fcr noch mehr Kontur und Ruhe, die auch unten erm\u00e4\u00dfigt sind.<\/li>\n<li><a href=\"https:\/\/studiokoncept.se\/de\/shop\/elektronik\/forsteg\/gold-note-tube-1012linjesteg-med-ror\/\" target=\"_blank\" rel=\"noopener\">Gold Note Tube <\/a>Gold Note's Geniestreich: eine R\u00f6hrenausgangsstufe f\u00fcr zus\u00e4tzliche Nuancen, Realismus, Fluidit\u00e4t.....<\/li>\n<\/ol>","protected":false},"excerpt":{"rendered":"<p>Der Gold Note DS-1000 EVO ist die neue Spitzenkombination aus DAC und Streamer von Gold Note. Er liefert Klang in audiophiler Qualit\u00e4t aus einem dedizierten <strong>Dual-Mono-DAC-Design<\/strong><br \/>\nund verf\u00fcgt \u00fcber Netzwerkplayer-Funktionen, mit denen Sie Ihre Lieblingsmusik von High-Definition-Streaming-Diensten, Radio, LAN und Wifi, USB-Sticks und Festplatten genie\u00dfen k\u00f6nnen - und das in h\u00f6chster Klangqualit\u00e4t. Er verf\u00fcgt \u00fcber einen gro\u00dfen 3,5\"-TFT-Bildschirm, der alle Ger\u00e4teinformationen in einem \u00fcbersichtlichen Men\u00fc anzeigt und alle Optionen anzeigt: digitale USB-Eing\u00e4nge, Radiosender, Medienserver. Er ist auch mit einer Vorverst\u00e4rkerstufe erh\u00e4ltlich, der EVO LINE, einer kleineren Version der Vorverst\u00e4rkerstufe. <a href=\"https:\/\/studiokoncept.se\/de\/shop\/elektronik\/forsteg\/gold-note-p-1000-forsteg\/\" target=\"_blank\" rel=\"noopener\">P-1000<\/a>. Siehe auch die Registerkarte unten f\u00fcr Upgrade-Optionen.<\/p>","protected":false},"featured_media":19326,"template":"","meta":[],"product_brand":[],"product_cat":[164,160,681],"product_tag":[817],"class_list":{"0":"post-7250","1":"product","2":"type-product","3":"status-publish","4":"has-post-thumbnail","6":"product_cat-dac","7":"product_cat-forsteg","8":"product_cat-streaming","9":"product_tag-gold-note-ds-1000","10":"product_shipping_class-standard","12":"first","13":"instock","14":"taxable","15":"shipping-taxable","16":"purchasable","17":"product-type-variable","18":"has-default-attributes"},"bundled_by":["7335","7336","17237","17585","19284"],"bundle_stock_status":"instock","bundle_stock_quantity":null,"bundle_virtual":false,"bundle_layout":"","bundle_add_to_cart_form_location":"","bundle_editable_in_cart":false,"bundle_sold_individually_context":"","bundle_item_grouping":"","bundle_min_size":"","bundle_max_size":"","bundle_price":[],"bundled_items":[],"bundle_sell_ids":[],"_links":{"self":[{"href":"https:\/\/studiokoncept.se\/de\/wp-json\/wp\/v2\/product\/7250","targetHints":{"allow":["GET"]}}],"collection":[{"href":"https:\/\/studiokoncept.se\/de\/wp-json\/wp\/v2\/product"}],"about":[{"href":"https:\/\/studiokoncept.se\/de\/wp-json\/wp\/v2\/types\/product"}],"version-history":[{"count":0,"href":"https:\/\/studiokoncept.se\/de\/wp-json\/wp\/v2\/product\/7250\/revisions"}],"wp:featuredmedia":[{"embeddable":true,"href":"https:\/\/studiokoncept.se\/de\/wp-json\/wp\/v2\/media\/19326"}],"wp:attachment":[{"href":"https:\/\/studiokoncept.se\/de\/wp-json\/wp\/v2\/media?parent=7250"}],"wp:term":[{"taxonomy":"product_brand","embeddable":true,"href":"https:\/\/studiokoncept.se\/de\/wp-json\/wp\/v2\/product_brand?post=7250"},{"taxonomy":"product_cat","embeddable":true,"href":"https:\/\/studiokoncept.se\/de\/wp-json\/wp\/v2\/product_cat?post=7250"},{"taxonomy":"product_tag","embeddable":true,"href":"https:\/\/studiokoncept.se\/de\/wp-json\/wp\/v2\/product_tag?post=7250"}],"curies":[{"name":"wp","href":"https:\/\/api.w.org\/{rel}","templated":true}]}}