{"id":7119,"date":"2021-07-19T22:29:42","date_gmt":"2021-07-19T20:29:42","guid":{"rendered":"https:\/\/studiokoncept.se\/?post_type=product&#038;p=7119"},"modified":"2025-01-26T13:31:31","modified_gmt":"2025-01-26T12:31:31","slug":"gold-note-p-1000-forsteg","status":"publish","type":"product","link":"https:\/\/studiokoncept.se\/de\/shop\/elektronik\/forsteg\/gold-note-p-1000-forsteg\/","title":{"rendered":"Gold Note P-1000 mkII Vorverst\u00e4rker"},"content":{"rendered":"<p>Der Gold Note P-1000 MkII wurde entwickelt, um ein herausragendes Musikerlebnis zu bieten, und ist f\u00fcr hochwertige Audiosysteme gedacht. Er ist ein innovativer Class-A Vorverst\u00e4rker, der von einer neuen, propriet\u00e4ren sechsstufigen Verst\u00e4rkung angetrieben wird. Das Design ist mit Relais und optischer ALPS Encoder-Lautst\u00e4rkeregelung ausgeglichen. Das Beste aus der Audiotechnologie wird verwendet, um ein herausragendes Musikerlebnis mit extrem geringer Verzerrung und einem erweiterten linearen Frequenzband zu bieten.<br \/>\nDer P-1000 MkII verf\u00fcgt \u00fcber ein Design mit drei unabh\u00e4ngigen linearen Netzteilen und 8 Stereoeing\u00e4ngen: 4 symmetrische XLR- und 4 RCA-Eing\u00e4nge. Dar\u00fcber hinaus bietet er viele fortschrittliche Funktionen: Mono\/Stereo-Auswahl, Umschaltung zwischen linkem und rechtem Kanal, absolute Phasen\u00e4nderung, Booster-Technologie und Feinabstimmung der Links\/Rechts-Balance.<\/p>\n<p>Der P-1000 MkII verf\u00fcgt \u00fcber Anti-Rausch-Spulen und -Kondensatoren in Milit\u00e4rqualit\u00e4t in den sechs Ausgangsstufen, die zudem mit speziell angefertigten Kupferklemmen geklemmt sind.<\/p>\n<p>Um alte Aufnahmen m\u00f6glichst originalgetreu wiederzugeben, kann der Verst\u00e4rker auf Mono eingestellt werden, und er erm\u00f6glicht die Umschaltung zwischen linkem und rechtem Kanal, was die Wiedergabe von R\u00fcckw\u00e4rtsaufnahmen erleichtert. Die absolute Phasenverschiebung (0\u00b0\/180\u00b0) kann bei der Integration des Verst\u00e4rkers in Ihr System von Nutzen sein.<br \/>\nDie Booster-Technologie unterst\u00fctzt Sie bei der Ansteuerung von Lautsprechern, die zus\u00e4tzliche Leistung ben\u00f6tigen, indem sie mehr Energie in einem ganz bestimmten Tieftonbereich bereitstellt - in der Einstellung OFF wird die Funktion vollst\u00e4ndig umgangen.<br \/>\nDas gro\u00dfe Farbdisplay des Verst\u00e4rkers zeigt alle Funktionen an und erm\u00f6glicht eine schnelle und pr\u00e4zise Feinabstimmung, egal ob mit der SKC-Taste oder der Infrarot-Fernbedienung, wodurch dieser Verst\u00e4rker einfach zu bedienen ist.<\/p>\n<h4>Aufr\u00fcstungen:<\/h4>\n<ol>\n<li><a href=\"https:\/\/studiokoncept.se\/de\/shop\/elektronik\/separat-natdel\/gold-note-psu-1000psu-1000-serien-externa-natdelar\/\" target=\"_blank\" rel=\"noopener\">Serie PSU-1000:<\/a> Versorgen Sie den P-1000 mit einer perfekten Stromversorgung durch eines der beiden separaten Netzteile. Gold Note hat diese externen Stromversorgungen aus einem sehr guten Grund entwickelt! Wie \u00fcblich ist sauberer Strom die Grundvoraussetzung.<\/li>\n<li><a href=\"https:\/\/studiokoncept.se\/de\/shop\/elektronik\/rorforstarkare\/gold-note-tube-1012linjesteg-med-ror\/\" target=\"_blank\" rel=\"noopener\">TUBE 1006 oder 1012:<\/a>. Ein Geniestreich von Gold Note! Dies ist f\u00fcr Sie, die einen R\u00f6hrensound zu Ihrem System hinzuf\u00fcgen m\u00f6chten, ohne auf einen R\u00f6hrenverst\u00e4rker umsteigen zu m\u00fcssen. Dies ist eine R\u00f6hrenausgangsstufe, die zwischen Vor- und Endstufe, zwischen CD-Player und Vorstufe, zwischen ds-10 und pa-10 und nicht zuletzt zwischen DS-1000 EVO und P-1000 oder DS-1000 EVO Line (mit eingebauter Vorstufe) und PA-1000 eingesetzt wird.<\/li>\n<\/ol>","protected":false},"excerpt":{"rendered":"<p><h3>Erleben Sie Klang auf h\u00f6chstem Niveau mit dem P-1000 MkII,<\/h3> ein innovativer Class-A-Vorverst\u00e4rker, der f\u00fcr hochwertige Audiosysteme entwickelt wurde. Mit seinem ultra-balancierten Design, der extrem niedrigen Verzerrung und dem erweiterten linearen Frequenzband sorgt er f\u00fcr ein herausragendes Musikerlebnis. Der P-1000 MkII geht mit Komponenten in Milit\u00e4rqualit\u00e4t noch einen Schritt weiter. Vielseitige Funktionen wie Mono-\/Stereo-Umschaltung, Phasenwechsel und Booster-Technologie erf\u00fcllen alle Ihre Anforderungen. Das intuitive Farbdisplay macht die Einstellung zum Kinderspiel, egal ob Sie die Tasten des Verst\u00e4rkers oder die Fernbedienung benutzen.<\/p>\n<p>Siehe unten f\u00fcr erm\u00e4\u00dfigte passende Produkte.<\/p>","protected":false},"featured_media":19383,"template":"","meta":[],"product_brand":[],"product_cat":[160],"product_tag":[820],"class_list":{"0":"post-7119","1":"product","2":"type-product","3":"status-publish","4":"has-post-thumbnail","6":"product_cat-forsteg","7":"product_tag-gold-note-p-1000","8":"product_shipping_class-standard","10":"first","11":"instock","12":"taxable","13":"shipping-taxable","14":"purchasable","15":"product-type-variable","16":"has-default-attributes"},"bundled_by":["7250","7335","7336"],"bundle_stock_status":"instock","bundle_stock_quantity":null,"bundle_virtual":false,"bundle_layout":"","bundle_add_to_cart_form_location":"","bundle_editable_in_cart":false,"bundle_sold_individually_context":"","bundle_item_grouping":"","bundle_min_size":"","bundle_max_size":"","bundle_price":[],"bundled_items":[],"bundle_sell_ids":[],"_links":{"self":[{"href":"https:\/\/studiokoncept.se\/de\/wp-json\/wp\/v2\/product\/7119","targetHints":{"allow":["GET"]}}],"collection":[{"href":"https:\/\/studiokoncept.se\/de\/wp-json\/wp\/v2\/product"}],"about":[{"href":"https:\/\/studiokoncept.se\/de\/wp-json\/wp\/v2\/types\/product"}],"version-history":[{"count":0,"href":"https:\/\/studiokoncept.se\/de\/wp-json\/wp\/v2\/product\/7119\/revisions"}],"wp:featuredmedia":[{"embeddable":true,"href":"https:\/\/studiokoncept.se\/de\/wp-json\/wp\/v2\/media\/19383"}],"wp:attachment":[{"href":"https:\/\/studiokoncept.se\/de\/wp-json\/wp\/v2\/media?parent=7119"}],"wp:term":[{"taxonomy":"product_brand","embeddable":true,"href":"https:\/\/studiokoncept.se\/de\/wp-json\/wp\/v2\/product_brand?post=7119"},{"taxonomy":"product_cat","embeddable":true,"href":"https:\/\/studiokoncept.se\/de\/wp-json\/wp\/v2\/product_cat?post=7119"},{"taxonomy":"product_tag","embeddable":true,"href":"https:\/\/studiokoncept.se\/de\/wp-json\/wp\/v2\/product_tag?post=7119"}],"curies":[{"name":"wp","href":"https:\/\/api.w.org\/{rel}","templated":true}]}}