{"id":6978,"date":"2021-07-19T23:29:23","date_gmt":"2021-07-19T21:29:23","guid":{"rendered":"https:\/\/studiokoncept.se\/?post_type=product&#038;p=6978"},"modified":"2025-01-26T09:34:38","modified_gmt":"2025-01-26T08:34:38","slug":"gold-note-ph-10-phono-forsteg","status":"publish","type":"product","link":"https:\/\/studiokoncept.se\/de\/shop\/vinyl\/riaa\/gold-note-ph-10-phono-forsteg\/","title":{"rendered":"Gold Note PH-10 Phono-Vorverst\u00e4rker"},"content":{"rendered":"<p>Der vielseitige PH-10 Phonoverst\u00e4rker ist reichhaltig ausgestattet mit Funktionen wie EQ-Kurven, Last- und Verst\u00e4rkungsanpassungen und einer rein analogen Konstruktion, die mit erstklassigen Komponenten entwickelt wurde, um die Musik auf die nat\u00fcrlichste Weise wiederzugeben. Er ist mit einem benutzerfreundlichen Single Knob Control-Regler ausgestattet, der Echtzeit-Einstellungen w\u00e4hrend der Wiedergabe erm\u00f6glicht. Der Verst\u00e4rker erm\u00f6glicht es Ihnen, die am besten geeignete EQ-Kurve f\u00fcr jede Disc auszuw\u00e4hlen, und jede Kurve kann dank der von Gold Note entwickelten Technologie in vollem Umfang genossen werden. Mit neun verschiedenen Lastoptionen und vier Verst\u00e4rkungsoptionen kann der PH-10 so eingestellt werden, dass die bestm\u00f6gliche Klangqualit\u00e4t erzielt wird.<br \/>\nMit zwei separaten Cinch-Eing\u00e4ngen kann der PH-10 auch an zwei verschiedene Arme angeschlossen werden, wobei die Einstellungen gespeichert werden, auch wenn das Ger\u00e4t ausgeschaltet ist. Um seine Leistung zu maximieren, kann das PSU-10, ein spezielles externes Netzteil, mit dem PH-10 verwendet werden, um einen m\u00f6glichst realistischen Klang mit besserer Dynamik und Klangb\u00fchne zu erzielen. Insgesamt bietet der PH-10 eine beeindruckende Benutzerfreundlichkeit und Flexibilit\u00e4t f\u00fcr hervorragende Klangqualit\u00e4t und musikalischen Realismus.<\/p>\n<h4>Upgrade:<\/h4>\n<p><a href=\"https:\/\/studiokoncept.se\/de\/shop\/elektronik\/separat-natdel\/gold-note-psu-10-induktiv-natdel\/\" target=\"_blank\" rel=\"noopener\">PSU-10,<\/a> das separate Netzteil f\u00fcr den PH-10, ist ein naheliegendes Upgrade und kann unten zu einem reduzierten Preis erworben werden.<\/p>","protected":false},"excerpt":{"rendered":"<p>Der PH-10 ist ein \u00e4u\u00dferst vielseitiger und flexibler Phonostufenverst\u00e4rker, der Funktionen wie EQ-Kurven, LOAD- und GAIN-Einstellungen in einem vollst\u00e4ndig analogen Design bietet, das die Musik auf nat\u00fcrliche Weise wiedergibt. Zur Steuerung des PH-10 hat Gold Note eine benutzerfreundliche Single Knob Control (SKC) mit Farbdisplay entwickelt, mit der Einstellungen in Echtzeit w\u00e4hrend der Musikwiedergabe vorgenommen werden k\u00f6nnen. Mit dem PH-10 k\u00f6nnen Sie die passende EQ-Kurve f\u00fcr jede Disc ausw\u00e4hlen: RIAA, DECCA LONDON oder AMERICAN COLUMBIA, und jede Kurve kann mit modernster Technologie verbessert werden. Der PH-10 verf\u00fcgt \u00fcber neun verschiedene LOAD-Optionen und vier GAIN-Optionen, perfekt f\u00fcr MM- und MC-Tonabnehmer. Der PH-10 verf\u00fcgt au\u00dferdem \u00fcber zwei separate Cinch-Eing\u00e4nge, an die zwei verschiedene Tonarme angeschlossen werden k\u00f6nnen, deren Einstellungen gespeichert werden. Ich empfehle dringend, das externe Netzteil PSU-10 hinzuzuf\u00fcgen. Dies ist ein spezielles externes Netzteil f\u00fcr den PH-10, das f\u00fcr noch mehr musikalischen Realismus, bessere Dynamik und dreidimensionaleren Klang sorgt.<\/p>\n<p>Lesen Sie mehr und sehen Sie sich die Upgrade-Option unten an.<\/p>","protected":false},"featured_media":6992,"template":"","meta":[],"product_brand":[],"product_cat":[162],"product_tag":[821],"class_list":{"0":"post-6978","1":"product","2":"type-product","3":"status-publish","4":"has-post-thumbnail","6":"product_cat-riaa","7":"product_tag-gold-note-ph-10","8":"product_shipping_class-standard","10":"first","11":"instock","12":"taxable","13":"shipping-taxable","14":"purchasable","15":"product-type-variable","16":"has-default-attributes"},"bundled_by":[],"bundle_stock_status":"instock","bundle_stock_quantity":null,"bundle_virtual":false,"bundle_layout":"","bundle_add_to_cart_form_location":"","bundle_editable_in_cart":false,"bundle_sold_individually_context":"","bundle_item_grouping":"","bundle_min_size":"","bundle_max_size":"","bundle_price":[],"bundled_items":[],"bundle_sell_ids":[],"_links":{"self":[{"href":"https:\/\/studiokoncept.se\/de\/wp-json\/wp\/v2\/product\/6978","targetHints":{"allow":["GET"]}}],"collection":[{"href":"https:\/\/studiokoncept.se\/de\/wp-json\/wp\/v2\/product"}],"about":[{"href":"https:\/\/studiokoncept.se\/de\/wp-json\/wp\/v2\/types\/product"}],"version-history":[{"count":0,"href":"https:\/\/studiokoncept.se\/de\/wp-json\/wp\/v2\/product\/6978\/revisions"}],"wp:featuredmedia":[{"embeddable":true,"href":"https:\/\/studiokoncept.se\/de\/wp-json\/wp\/v2\/media\/6992"}],"wp:attachment":[{"href":"https:\/\/studiokoncept.se\/de\/wp-json\/wp\/v2\/media?parent=6978"}],"wp:term":[{"taxonomy":"product_brand","embeddable":true,"href":"https:\/\/studiokoncept.se\/de\/wp-json\/wp\/v2\/product_brand?post=6978"},{"taxonomy":"product_cat","embeddable":true,"href":"https:\/\/studiokoncept.se\/de\/wp-json\/wp\/v2\/product_cat?post=6978"},{"taxonomy":"product_tag","embeddable":true,"href":"https:\/\/studiokoncept.se\/de\/wp-json\/wp\/v2\/product_tag?post=6978"}],"curies":[{"name":"wp","href":"https:\/\/api.w.org\/{rel}","templated":true}]}}