{"id":6815,"date":"2021-07-19T21:08:35","date_gmt":"2021-07-19T19:08:35","guid":{"rendered":"https:\/\/studiokoncept.se\/?post_type=product&#038;p=6815"},"modified":"2025-01-26T13:41:05","modified_gmt":"2025-01-26T12:41:05","slug":"gold-note-b-5-1","status":"publish","type":"product","link":"https:\/\/studiokoncept.se\/de\/shop\/vinyl\/tonarmar\/gold-note-b-5-1\/","title":{"rendered":"Gold Note B-5.1 Tonarm"},"content":{"rendered":"<p>Der B-5.1 ist ein eleganter Hochleistungstonarm, der in Italien mit viel Liebe zum Detail entwickelt und handgefertigt wurde, um maximale Pr\u00e4zision zu erreichen und die besten Audioergebnisse zu liefern.<\/p>\n<p>Die B-5.1 wird von hochpr\u00e4zisen Mikrokugellagern angetrieben, die in Deutschland von GRW hergestellt werden - exklusiv f\u00fcr Gold Note - und versiegelt und verpackt sind, um ihre perfekte Integrit\u00e4t zu erhalten.<\/p>\n<p>Mit einer effektiven L\u00e4nge von 242 mm und einem \u00dcberhang von 19 mm l\u00e4sst sich der B-5.1 leicht auf jedem Plattenteller installieren.<\/p>\n<p>EFFIZIENT UND GENAU<\/p>\n<p>Der Tonarm ist mit einem doppelten Gegengewicht ausgestattet, das eine perfekte Abstimmung auf praktisch alle Tonabnehmer erm\u00f6glicht. Optional sind zus\u00e4tzliche Gewichte erh\u00e4ltlich, um Phono-Tonabnehmer mit h\u00f6herer Masse zu handhaben.<\/p>\n<p>Der ultrapr\u00e4zise entwickelte Tonarm B-5.1 erweckt Ihre Lieblingsmusik mit einer nat\u00fcrlichen, besonders detaillierten und raffinierten Klangwiedergabe zum Leben.<\/p>\n<\/div>\n<\/div>\n<\/div>","protected":false},"excerpt":{"rendered":"<h3>Gold Note Basisqualit\u00e4t Arm aus Aluminium<\/h3>\n<p>Obs. Abholung nicht inbegriffen.<\/p>\n<p><strong>Weitere Informationen finden Sie auf den folgenden Registerkarten<\/strong><\/p>","protected":false},"featured_media":6814,"template":"","meta":[],"product_brand":[],"product_cat":[319],"product_tag":[824],"class_list":{"0":"post-6815","1":"product","2":"type-product","3":"status-publish","4":"has-post-thumbnail","6":"product_cat-tonarmar","7":"product_tag-gold-note-b-5-1","8":"product_shipping_class-standard","10":"first","11":"instock","12":"taxable","13":"shipping-taxable","14":"purchasable","15":"product-type-simple"},"bundled_by":[],"bundle_stock_status":"instock","bundle_stock_quantity":null,"bundle_virtual":false,"bundle_layout":"","bundle_add_to_cart_form_location":"","bundle_editable_in_cart":false,"bundle_sold_individually_context":"","bundle_item_grouping":"","bundle_min_size":"","bundle_max_size":"","bundle_price":[],"bundled_items":[],"bundle_sell_ids":[],"_links":{"self":[{"href":"https:\/\/studiokoncept.se\/de\/wp-json\/wp\/v2\/product\/6815","targetHints":{"allow":["GET"]}}],"collection":[{"href":"https:\/\/studiokoncept.se\/de\/wp-json\/wp\/v2\/product"}],"about":[{"href":"https:\/\/studiokoncept.se\/de\/wp-json\/wp\/v2\/types\/product"}],"version-history":[{"count":0,"href":"https:\/\/studiokoncept.se\/de\/wp-json\/wp\/v2\/product\/6815\/revisions"}],"wp:featuredmedia":[{"embeddable":true,"href":"https:\/\/studiokoncept.se\/de\/wp-json\/wp\/v2\/media\/6814"}],"wp:attachment":[{"href":"https:\/\/studiokoncept.se\/de\/wp-json\/wp\/v2\/media?parent=6815"}],"wp:term":[{"taxonomy":"product_brand","embeddable":true,"href":"https:\/\/studiokoncept.se\/de\/wp-json\/wp\/v2\/product_brand?post=6815"},{"taxonomy":"product_cat","embeddable":true,"href":"https:\/\/studiokoncept.se\/de\/wp-json\/wp\/v2\/product_cat?post=6815"},{"taxonomy":"product_tag","embeddable":true,"href":"https:\/\/studiokoncept.se\/de\/wp-json\/wp\/v2\/product_tag?post=6815"}],"curies":[{"name":"wp","href":"https:\/\/api.w.org\/{rel}","templated":true}]}}