{"id":6788,"date":"2021-07-19T21:49:18","date_gmt":"2021-07-19T19:49:18","guid":{"rendered":"https:\/\/studiokoncept.se\/?post_type=product&#038;p=6788"},"modified":"2025-01-26T09:27:00","modified_gmt":"2025-01-26T08:27:00","slug":"gold-note-valore-425-plusskivspelare","status":"publish","type":"product","link":"https:\/\/studiokoncept.se\/de\/shop\/vinyl\/skivspelare\/gold-note-valore-425-plusskivspelare\/","title":{"rendered":"Gold-Note Valore 425 PLUS"},"content":{"rendered":"<p><h3><\/h3><\/p>","protected":false},"excerpt":{"rendered":"<h3>Elegantes, schlankes Design mit technischen L\u00f6sungen aus den Top-Serien.<\/h3>\n<p>Der Einstiegs-Plattenspieler von Gold Note. Inklusive B-5-Arm und Staubschutzh\u00fclle.<\/p>\n<p>Der Valore 425 Plus von Gold Note ist einer der vollst\u00e4ndigsten und musikalisch befriedigendsten Plattenspieler in seiner Kategorie. Er ist ein eleganter und moderner Plattenspieler mit einem sch\u00f6nen Hauch von klassischem Design. Sein 30-mm-Sockel, der in 4 Sonderausf\u00fchrungen erh\u00e4ltlich ist, wurde so konzipiert und geformt, dass er Vibrationen reduziert und eine sp\u00fcrbar hohe Klangqualit\u00e4t garantiert.  Valore bedeutet auf Italienisch Wert, und genau das ist er auch: ein Plattenspieler mit einem hervorragenden Preis-Leistungs-Verh\u00e4ltnis, der alles hat, um Ihr Lieblingsinstrument f\u00fcr die Wiedergabe Ihrer LPs zu werden.<\/p>","protected":false},"featured_media":6789,"template":"","meta":[],"product_brand":[],"product_cat":[320],"product_tag":[825],"class_list":{"0":"post-6788","1":"product","2":"type-product","3":"status-publish","4":"has-post-thumbnail","6":"product_cat-skivspelare","7":"product_tag-gold-note-valore-425-plus","8":"product_shipping_class-standard","10":"first","11":"instock","12":"taxable","13":"shipping-taxable","14":"purchasable","15":"product-type-variable","16":"has-default-attributes"},"bundled_by":[],"bundle_stock_status":"instock","bundle_stock_quantity":null,"bundle_virtual":false,"bundle_layout":"","bundle_add_to_cart_form_location":"","bundle_editable_in_cart":false,"bundle_sold_individually_context":"","bundle_item_grouping":"","bundle_min_size":"","bundle_max_size":"","bundle_price":[],"bundled_items":[],"bundle_sell_ids":[],"_links":{"self":[{"href":"https:\/\/studiokoncept.se\/de\/wp-json\/wp\/v2\/product\/6788","targetHints":{"allow":["GET"]}}],"collection":[{"href":"https:\/\/studiokoncept.se\/de\/wp-json\/wp\/v2\/product"}],"about":[{"href":"https:\/\/studiokoncept.se\/de\/wp-json\/wp\/v2\/types\/product"}],"version-history":[{"count":0,"href":"https:\/\/studiokoncept.se\/de\/wp-json\/wp\/v2\/product\/6788\/revisions"}],"wp:featuredmedia":[{"embeddable":true,"href":"https:\/\/studiokoncept.se\/de\/wp-json\/wp\/v2\/media\/6789"}],"wp:attachment":[{"href":"https:\/\/studiokoncept.se\/de\/wp-json\/wp\/v2\/media?parent=6788"}],"wp:term":[{"taxonomy":"product_brand","embeddable":true,"href":"https:\/\/studiokoncept.se\/de\/wp-json\/wp\/v2\/product_brand?post=6788"},{"taxonomy":"product_cat","embeddable":true,"href":"https:\/\/studiokoncept.se\/de\/wp-json\/wp\/v2\/product_cat?post=6788"},{"taxonomy":"product_tag","embeddable":true,"href":"https:\/\/studiokoncept.se\/de\/wp-json\/wp\/v2\/product_tag?post=6788"}],"curies":[{"name":"wp","href":"https:\/\/api.w.org\/{rel}","templated":true}]}}