{"id":6713,"date":"2021-07-19T20:38:42","date_gmt":"2021-07-19T18:38:42","guid":{"rendered":"https:\/\/studiokoncept.se\/?post_type=product&#038;p=6713"},"modified":"2025-01-26T09:31:01","modified_gmt":"2025-01-26T08:31:01","slug":"gold-note-donatello-guld-pickup","status":"publish","type":"product","link":"https:\/\/studiokoncept.se\/de\/shop\/vinyl\/pickuper\/gold-note-donatello-guld-pickup\/","title":{"rendered":"Goldnote Donatello Gold MC Niedrigstufe"},"content":{"rendered":"<p><h3><\/h3><\/p>","protected":false},"excerpt":{"rendered":"<h3>Die goldene Version von Donatello; f\u00fcr alle, die nach Nuancen und Farben suchen<\/h3>\n<p>MC-Tonabnehmer mit einem Gewicht von nur 7 Gramm! Geh\u00e4use aus Aluminium. Micro Elliptical Diamond wurde exklusiv in Zusammenarbeit mit Adamant-Namiki entwickelt. Der Donatello MC ist der bestklingende Tonabnehmer in seiner Kategorie, dank seines massiven K\u00f6rpers aus gedrehtem Duraluminium, der leicht genug ist, um von jedem Tonarm bedient zu werden. Dank der ausgekl\u00fcgelten Computermodellierung wiegt der Korpus nur 7 Gramm. Der Donatello ist perfekt ged\u00e4mpft, um dem Nadelrohr zu bester Spurtreue zu verhelfen. Seine hochpr\u00e4zise mikro-elliptische Diamantnadelspitze l\u00e4sst Sie selbst die kleinsten musikalischen Details genie\u00dfen.<\/p>","protected":false},"featured_media":6714,"template":"","meta":[],"product_brand":[],"product_cat":[317],"product_tag":[802],"class_list":{"0":"post-6713","1":"product","2":"type-product","3":"status-publish","4":"has-post-thumbnail","6":"product_cat-pickuper","7":"product_tag-gold-note-donatello-gold","8":"product_shipping_class-standard","10":"first","11":"instock","12":"taxable","13":"shipping-taxable","14":"purchasable","15":"product-type-simple"},"bundled_by":[],"bundle_stock_status":"instock","bundle_stock_quantity":null,"bundle_virtual":false,"bundle_layout":"","bundle_add_to_cart_form_location":"","bundle_editable_in_cart":false,"bundle_sold_individually_context":"","bundle_item_grouping":"","bundle_min_size":"","bundle_max_size":"","bundle_price":[],"bundled_items":[],"bundle_sell_ids":[],"_links":{"self":[{"href":"https:\/\/studiokoncept.se\/de\/wp-json\/wp\/v2\/product\/6713","targetHints":{"allow":["GET"]}}],"collection":[{"href":"https:\/\/studiokoncept.se\/de\/wp-json\/wp\/v2\/product"}],"about":[{"href":"https:\/\/studiokoncept.se\/de\/wp-json\/wp\/v2\/types\/product"}],"version-history":[{"count":0,"href":"https:\/\/studiokoncept.se\/de\/wp-json\/wp\/v2\/product\/6713\/revisions"}],"wp:featuredmedia":[{"embeddable":true,"href":"https:\/\/studiokoncept.se\/de\/wp-json\/wp\/v2\/media\/6714"}],"wp:attachment":[{"href":"https:\/\/studiokoncept.se\/de\/wp-json\/wp\/v2\/media?parent=6713"}],"wp:term":[{"taxonomy":"product_brand","embeddable":true,"href":"https:\/\/studiokoncept.se\/de\/wp-json\/wp\/v2\/product_brand?post=6713"},{"taxonomy":"product_cat","embeddable":true,"href":"https:\/\/studiokoncept.se\/de\/wp-json\/wp\/v2\/product_cat?post=6713"},{"taxonomy":"product_tag","embeddable":true,"href":"https:\/\/studiokoncept.se\/de\/wp-json\/wp\/v2\/product_tag?post=6713"}],"curies":[{"name":"wp","href":"https:\/\/api.w.org\/{rel}","templated":true}]}}