{"id":5682,"date":"2018-05-22T10:11:14","date_gmt":"2018-05-22T08:11:14","guid":{"rendered":"https:\/\/studiokoncept.se\/?post_type=product&#038;p=5682"},"modified":"2023-09-06T14:48:06","modified_gmt":"2023-09-06T12:48:06","slug":"ifi-audio-ac-ipurifier","status":"publish","type":"product","link":"https:\/\/studiokoncept.se\/de\/produkt\/ifi-audio-ac-ipurifier\/","title":{"rendered":"Ifi Audio AC iPurifier Stromreiniger"},"content":{"rendered":"<p><h3><\/h3><\/p>","protected":false},"excerpt":{"rendered":"<p>Der AC iPurifier ist eine ungew\u00f6hnliche Art von Netzfilter, der (hochfrequente) St\u00f6rungen bis zum 100-fachen (40 dB) abschw\u00e4chen kann. Es ist parallel zum Netz geschaltet und drosselt den Strom nicht. Dar\u00fcber hinaus verf\u00fcgt er \u00fcber einen maximalen \u00dcberspannungsschutz von 30.000 A. Er erzeugt auch seine eigene Masse und kann die Massefl\u00e4che verschiedener Produkte durch Anschluss an die verschiedenen Anschl\u00fcsse des Groundhog (Produkt unten) freimachen.<\/p>","protected":false},"featured_media":5685,"template":"","meta":[],"product_brand":[],"product_cat":[167,294],"product_tag":[],"class_list":{"0":"post-5682","1":"product","2":"type-product","3":"status-publish","4":"has-post-thumbnail","6":"product_cat-stromhantering","7":"product_cat-stromrening","8":"product_shipping_class-standard","10":"first","11":"instock","12":"taxable","13":"shipping-taxable","14":"purchasable","15":"product-type-simple"},"bundled_by":[],"bundle_stock_status":"instock","bundle_stock_quantity":null,"bundle_virtual":false,"bundle_layout":"","bundle_add_to_cart_form_location":"","bundle_editable_in_cart":false,"bundle_sold_individually_context":"","bundle_item_grouping":"","bundle_min_size":"","bundle_max_size":"","bundle_price":[],"bundled_items":[],"bundle_sell_ids":[],"_links":{"self":[{"href":"https:\/\/studiokoncept.se\/de\/wp-json\/wp\/v2\/product\/5682","targetHints":{"allow":["GET"]}}],"collection":[{"href":"https:\/\/studiokoncept.se\/de\/wp-json\/wp\/v2\/product"}],"about":[{"href":"https:\/\/studiokoncept.se\/de\/wp-json\/wp\/v2\/types\/product"}],"version-history":[{"count":0,"href":"https:\/\/studiokoncept.se\/de\/wp-json\/wp\/v2\/product\/5682\/revisions"}],"wp:featuredmedia":[{"embeddable":true,"href":"https:\/\/studiokoncept.se\/de\/wp-json\/wp\/v2\/media\/5685"}],"wp:attachment":[{"href":"https:\/\/studiokoncept.se\/de\/wp-json\/wp\/v2\/media?parent=5682"}],"wp:term":[{"taxonomy":"product_brand","embeddable":true,"href":"https:\/\/studiokoncept.se\/de\/wp-json\/wp\/v2\/product_brand?post=5682"},{"taxonomy":"product_cat","embeddable":true,"href":"https:\/\/studiokoncept.se\/de\/wp-json\/wp\/v2\/product_cat?post=5682"},{"taxonomy":"product_tag","embeddable":true,"href":"https:\/\/studiokoncept.se\/de\/wp-json\/wp\/v2\/product_tag?post=5682"}],"curies":[{"name":"wp","href":"https:\/\/api.w.org\/{rel}","templated":true}]}}