{"id":4960,"date":"2016-12-14T18:15:18","date_gmt":"2016-12-14T17:15:18","guid":{"rendered":"http:\/\/dev.kaliberonline.se\/?post_type=product&#038;p=4960"},"modified":"2023-07-11T22:02:44","modified_gmt":"2023-07-11T20:02:44","slug":"lm-805ia-integrerad-rorforstarkare-single-ended-805-2x48w","status":"publish","type":"product","link":"https:\/\/studiokoncept.se\/de\/shop\/elektronik\/integrerade-forstarkare\/lm-805ia-integrerad-rorforstarkare-single-ended-805-2x48w\/","title":{"rendered":"Line Magnetic LM-805IA Integrierter R\u00f6hren-Verst\u00e4rker 2X48W"},"content":{"rendered":"<p>Der Line Magnetic LM-805iA ist ein Single-Ended-R\u00f6hrenvollverst\u00e4rker der Klasse A mit 805 Triodenr\u00f6hren. Er liefert eine Leistung von 2x48W und zeichnet sich durch seine hochwertigen Bauteile aus, darunter Mundorf N-Cap-Kondensatoren und ein ALPS-Potentiometer. Die Verwendung der legend\u00e4ren 805er Triode bietet ein H\u00f6rerlebnis von ungew\u00f6hnlicher Musikalit\u00e4t. Die beleuchtete Anzeige auf der Frontplatte dient zur Einstellung der Polarisation der R\u00f6hren.<\/p>\n<p>Dieser Verst\u00e4rker zeichnet sich durch seine Ein-End-Konstruktion mit Punkt-zu-Punkt-Verdrahtung und hochwertigen Komponenten aus. Die Verrohrung erfolgt wie folgt:<br \/>\n- Eingangsstufe: 1x 6SL7 2x 6SN7<br \/>\n- Antriebsrohr: 2x 300B<br \/>\n- Leistungsr\u00f6hren: 2x 805 Single-End und reine Class-A-R\u00f6hren.<\/p>\n<p>Der Verst\u00e4rker verf\u00fcgt au\u00dferdem \u00fcber ein abnehmbares Schutzgitter und wird mit einer Infrarot-Fernbedienung geliefert.<\/p>\n<p>Die in diesem Verst\u00e4rker verwendeten Rohre sind h\u00e4ufig verwendete Ersatzrohre, was die Wartung erleichtert:<br \/>\n- 300B: 600B, 300A, 4300B<br \/>\n- 6SL7: 6N9P, 6H9C, CV1985, ECC35<br \/>\n- 6SN7: 6H8C, 6N8P, 5692, CV181, ECC33<br \/>\n- 805: 805, FU-5.<\/p>\n<p>Was die technischen Spezifikationen betrifft:<br \/>\n- Klasse-A-Verst\u00e4rker - 2x48 W RMS<br \/>\n- Klirrfaktor: 1% (1kHz)<br \/>\n- Signal-Rausch-Verh\u00e4ltnis: 87 dB (A-gewichtet)<br \/>\n- Frequenzgang: (-1,5dB) : 10 - 50 000 Hz<br \/>\n- Empfindlichkeit: 300 mV (eingebauter Modus)<br \/>\n- Eingangsimpedanz: 100k\u03a9<br \/>\n- Lastimpedanz f\u00fcr HP zum Anschluss: 4\/8\/16\u03a9<br \/>\n- Anschl\u00fcsse: 3x Line-Eing\u00e4nge RCA (Paar), 1x Pre-in-Eingang, 2x Schraubklemmen kompatibel mit Bananensteckern.<\/p>\n<p>Zum Lieferumfang des LM-805iA geh\u00f6ren 2x Sicherungen, 1x Fernbedienung, 1x abnehmbares Netzkabel und 1x Handbuch. Die Abmessungen des Verst\u00e4rkers sind 430 x 275 x 415 mm, und er wiegt 42 kg. Die Oberfl\u00e4che des Line Magnetic LM-805iA ist schwarz.<\/p>","protected":false},"excerpt":{"rendered":"<h3>2x48W Single-Ended-R\u00f6hrenverst\u00e4rker. Was f\u00fcr eine Musikalit\u00e4t und Leistung!<\/h3>\n<p>Der Line Magnetic 805iA ist ein integrierter R\u00f6hrenverst\u00e4rker, der die Triodenr\u00f6hre 805 in einem Single-End-Design verwendet, das vollst\u00e4ndig in Class A arbeitet und volle 2 x 48 W erreicht. Die 805-R\u00f6hre wurde von Radiosendern als Sender\u00f6hre verwendet.<\/p>\n<p>Was Sie beachten m\u00fcssen, ist Ihre Umgebung zu \u00fcberpr\u00fcfen. Wenn sich in unmittelbarer N\u00e4he ein Sendemast befindet, kann er den Verst\u00e4rker st\u00f6ren und ein Brummen erzeugen. Ansonsten ist es ein gro\u00dfartiger Verst\u00e4rker f\u00fcr Lautsprecher mit geringerer Empfindlichkeit und\/oder gro\u00dfen R\u00e4umen.<\/p>\n<p>Inklusive Gitter und Fernbedienung.\u00a0<\/p>","protected":false},"featured_media":6198,"template":"","meta":[],"product_brand":[],"product_cat":[159,275],"product_tag":[],"class_list":{"0":"post-4960","1":"product","2":"type-product","3":"status-publish","4":"has-post-thumbnail","6":"product_cat-integrerade-forstarkare","7":"product_cat-rorforstarkare","8":"product_shipping_class-standard","10":"first","11":"instock","12":"taxable","13":"shipping-taxable","14":"purchasable","15":"product-type-simple"},"bundled_by":[],"bundle_stock_status":"instock","bundle_stock_quantity":null,"bundle_virtual":false,"bundle_layout":"","bundle_add_to_cart_form_location":"","bundle_editable_in_cart":false,"bundle_sold_individually_context":"","bundle_item_grouping":"","bundle_min_size":"","bundle_max_size":"","bundle_price":[],"bundled_items":[],"bundle_sell_ids":[],"_links":{"self":[{"href":"https:\/\/studiokoncept.se\/de\/wp-json\/wp\/v2\/product\/4960","targetHints":{"allow":["GET"]}}],"collection":[{"href":"https:\/\/studiokoncept.se\/de\/wp-json\/wp\/v2\/product"}],"about":[{"href":"https:\/\/studiokoncept.se\/de\/wp-json\/wp\/v2\/types\/product"}],"version-history":[{"count":0,"href":"https:\/\/studiokoncept.se\/de\/wp-json\/wp\/v2\/product\/4960\/revisions"}],"wp:featuredmedia":[{"embeddable":true,"href":"https:\/\/studiokoncept.se\/de\/wp-json\/wp\/v2\/media\/6198"}],"wp:attachment":[{"href":"https:\/\/studiokoncept.se\/de\/wp-json\/wp\/v2\/media?parent=4960"}],"wp:term":[{"taxonomy":"product_brand","embeddable":true,"href":"https:\/\/studiokoncept.se\/de\/wp-json\/wp\/v2\/product_brand?post=4960"},{"taxonomy":"product_cat","embeddable":true,"href":"https:\/\/studiokoncept.se\/de\/wp-json\/wp\/v2\/product_cat?post=4960"},{"taxonomy":"product_tag","embeddable":true,"href":"https:\/\/studiokoncept.se\/de\/wp-json\/wp\/v2\/product_tag?post=4960"}],"curies":[{"name":"wp","href":"https:\/\/api.w.org\/{rel}","templated":true}]}}