{"id":4933,"date":"2016-12-14T18:00:18","date_gmt":"2016-12-14T17:00:18","guid":{"rendered":"http:\/\/dev.kaliberonline.se\/?post_type=product&#038;p=4933"},"modified":"2023-07-11T22:26:40","modified_gmt":"2023-07-11T20:26:40","slug":"lm-88ia-integrerad-rorforstarkare-push-pull-kt88-2x42w","status":"publish","type":"product","link":"https:\/\/studiokoncept.se\/de\/shop\/elektronik\/integrerade-forstarkare\/lm-88ia-integrerad-rorforstarkare-push-pull-kt88-2x42w\/","title":{"rendered":"Line Magnetic LM-88IA Integrierter R\u00f6hrenverst\u00e4rker - PUSH PULL KT88 - 2X42W"},"content":{"rendered":"<p>Der Line Magnetic LM-88IA ist ein Vollverst\u00e4rker, der zwei Paare von KT-88 Push-Pull-R\u00f6hren f\u00fcr die Endstufe und die R\u00f6hrenvorstufe verwendet: 6CL8A und 12BH7. <\/p>\n<p>Er hat 42 Watt pro Kanal und ist ein integrierter Stereoverst\u00e4rker der Klasse AB mit KT88 (JJ Electronic) Ausgangsr\u00f6hren und 6CL8A (Mullard) und 12BH7 (Electro Harmonix) Eingangsr\u00f6hren. Der LM-88IA Verst\u00e4rker kann auf zwei verschiedene Arten arbeiten: Auto-Bias oder Fast-Bias. Sie k\u00f6nnen die von Ihnen bevorzugte Variante w\u00e4hlen. Die Ausgangsleistung im Auto-Bias-Modus betr\u00e4gt 45 Watt, w\u00e4hrend sie im Fast-Bias-Modus 30 Watt pro Kanal betr\u00e4gt. Speziell entwickelte Ringkerntransformatoren aus Z11 Core f\u00fcr die Stromversorgung und zwei japanische EI-Ausgangstransformatoren der Audioklasse mit gro\u00dfer Bandbreite werden verwendet. Alle Transformatoren und Spulen sind gekapselt und separat im Verst\u00e4rker installiert, um gegenseitige St\u00f6rungen zu vermeiden und zu verringern.<\/p>","protected":false},"excerpt":{"rendered":"<p>Der Line Magnetic 88IA ist ein R\u00f6hrenverst\u00e4rker f\u00fcr alle, die Leistung brauchen.<\/p>\n<p>Der LM-88IA ist ein Push-Pull-Design mit 4 KT88-R\u00f6hren, die in Klasse A arbeiten.<\/p>\n<p>Der LM-88IA bietet 2 Modi: Automatisch (2x42W) oder fest (2x30W). Sie w\u00e4hlen den Modus, der zu Ihnen, Ihren Lautsprechern und Ihrer Musik passt.<\/p>\n<p>Inklusive Gitterabdeckung, Fernbedienung und Vorspannungseinstellung mit integriertem Voltmeter.<\/p>","protected":false},"featured_media":6161,"template":"","meta":[],"product_brand":[],"product_cat":[159,275],"product_tag":[],"class_list":{"0":"post-4933","1":"product","2":"type-product","3":"status-publish","4":"has-post-thumbnail","6":"product_cat-integrerade-forstarkare","7":"product_cat-rorforstarkare","8":"product_shipping_class-standard","10":"first","11":"instock","12":"taxable","13":"shipping-taxable","14":"purchasable","15":"product-type-simple"},"bundled_by":[],"bundle_stock_status":"instock","bundle_stock_quantity":null,"bundle_virtual":false,"bundle_layout":"","bundle_add_to_cart_form_location":"","bundle_editable_in_cart":false,"bundle_sold_individually_context":"","bundle_item_grouping":"","bundle_min_size":"","bundle_max_size":"","bundle_price":[],"bundled_items":[],"bundle_sell_ids":[],"_links":{"self":[{"href":"https:\/\/studiokoncept.se\/de\/wp-json\/wp\/v2\/product\/4933","targetHints":{"allow":["GET"]}}],"collection":[{"href":"https:\/\/studiokoncept.se\/de\/wp-json\/wp\/v2\/product"}],"about":[{"href":"https:\/\/studiokoncept.se\/de\/wp-json\/wp\/v2\/types\/product"}],"version-history":[{"count":0,"href":"https:\/\/studiokoncept.se\/de\/wp-json\/wp\/v2\/product\/4933\/revisions"}],"wp:featuredmedia":[{"embeddable":true,"href":"https:\/\/studiokoncept.se\/de\/wp-json\/wp\/v2\/media\/6161"}],"wp:attachment":[{"href":"https:\/\/studiokoncept.se\/de\/wp-json\/wp\/v2\/media?parent=4933"}],"wp:term":[{"taxonomy":"product_brand","embeddable":true,"href":"https:\/\/studiokoncept.se\/de\/wp-json\/wp\/v2\/product_brand?post=4933"},{"taxonomy":"product_cat","embeddable":true,"href":"https:\/\/studiokoncept.se\/de\/wp-json\/wp\/v2\/product_cat?post=4933"},{"taxonomy":"product_tag","embeddable":true,"href":"https:\/\/studiokoncept.se\/de\/wp-json\/wp\/v2\/product_tag?post=4933"}],"curies":[{"name":"wp","href":"https:\/\/api.w.org\/{rel}","templated":true}]}}