{"id":4886,"date":"2016-12-14T14:35:45","date_gmt":"2016-12-14T13:35:45","guid":{"rendered":"http:\/\/dev.kaliberonline.se\/?post_type=product&#038;p=4886"},"modified":"2023-05-29T15:17:26","modified_gmt":"2023-05-29T13:17:26","slug":"lm-mini-84ia-integrerad-horlursforstarkare-el84-2x3w","status":"publish","type":"product","link":"https:\/\/studiokoncept.se\/de\/shop\/elektronik\/integrerade-forstarkare\/lm-mini-84ia-integrerad-horlursforstarkare-el84-2x3w\/","title":{"rendered":"LM-MINI-84IA Integrierter Kopfh\u00f6rerverst\u00e4rker EL84 - 2X3W"},"content":{"rendered":"<p><h3><\/h3><\/p>","protected":false},"excerpt":{"rendered":"<p>Der Line Magnetic Mini 84IA mit EL84-R\u00f6hre ist ein kleiner Leckerbissen. Er ist in erster Linie als Kopfh\u00f6rerverst\u00e4rker gedacht, kann aber dank der hohen Qualit\u00e4t der Ausgangs\u00fcbertrager auch als regul\u00e4rer Vollverst\u00e4rker fungieren, wenn die Voraussetzungen f\u00fcr 2 x 3 W Single-Ended Class-A gegeben sind.<\/p>\n<p>Dank der beiden Cinch-Anschl\u00fcsse (IN und OUT) k\u00f6nnen Sie eine Quelle, einen DAC oder einen Vorverst\u00e4rker und einen Voll- oder Endverst\u00e4rker anschlie\u00dfen.<\/p>\n<p>Einstellbare Vorspannung mit integriertem Voltmeter.<\/p>\n<p>&nbsp;<\/p>","protected":false},"featured_media":6226,"template":"","meta":[],"product_brand":[],"product_cat":[159,275],"product_tag":[],"class_list":{"0":"post-4886","1":"product","2":"type-product","3":"status-publish","4":"has-post-thumbnail","6":"product_cat-integrerade-forstarkare","7":"product_cat-rorforstarkare","8":"product_shipping_class-standard","10":"first","11":"instock","12":"taxable","13":"shipping-taxable","14":"purchasable","15":"product-type-simple"},"bundled_by":[],"bundle_stock_status":"instock","bundle_stock_quantity":null,"bundle_virtual":false,"bundle_layout":"","bundle_add_to_cart_form_location":"","bundle_editable_in_cart":false,"bundle_sold_individually_context":"","bundle_item_grouping":"","bundle_min_size":"","bundle_max_size":"","bundle_price":[],"bundled_items":[],"bundle_sell_ids":[],"_links":{"self":[{"href":"https:\/\/studiokoncept.se\/de\/wp-json\/wp\/v2\/product\/4886","targetHints":{"allow":["GET"]}}],"collection":[{"href":"https:\/\/studiokoncept.se\/de\/wp-json\/wp\/v2\/product"}],"about":[{"href":"https:\/\/studiokoncept.se\/de\/wp-json\/wp\/v2\/types\/product"}],"version-history":[{"count":0,"href":"https:\/\/studiokoncept.se\/de\/wp-json\/wp\/v2\/product\/4886\/revisions"}],"wp:featuredmedia":[{"embeddable":true,"href":"https:\/\/studiokoncept.se\/de\/wp-json\/wp\/v2\/media\/6226"}],"wp:attachment":[{"href":"https:\/\/studiokoncept.se\/de\/wp-json\/wp\/v2\/media?parent=4886"}],"wp:term":[{"taxonomy":"product_brand","embeddable":true,"href":"https:\/\/studiokoncept.se\/de\/wp-json\/wp\/v2\/product_brand?post=4886"},{"taxonomy":"product_cat","embeddable":true,"href":"https:\/\/studiokoncept.se\/de\/wp-json\/wp\/v2\/product_cat?post=4886"},{"taxonomy":"product_tag","embeddable":true,"href":"https:\/\/studiokoncept.se\/de\/wp-json\/wp\/v2\/product_tag?post=4886"}],"curies":[{"name":"wp","href":"https:\/\/api.w.org\/{rel}","templated":true}]}}