{"id":4872,"date":"2016-12-14T20:00:01","date_gmt":"2016-12-14T19:00:01","guid":{"rendered":"http:\/\/dev.kaliberonline.se\/?post_type=product&#038;p=4872"},"modified":"2023-07-11T21:56:54","modified_gmt":"2023-07-11T19:56:54","slug":"line-magnetic-lm-845ia-integrerad-rorforstarkare","status":"publish","type":"product","link":"https:\/\/studiokoncept.se\/de\/shop\/elektronik\/integrerade-forstarkare\/line-magnetic-lm-845ia-integrerad-rorforstarkare\/","title":{"rendered":"Line Magnetic LM-845IA Integrierter R\u00f6hren-Verst\u00e4rker"},"content":{"rendered":"<p>Der Line Magnetic LM-845IA ist ein r\u00f6hrengetriebener, unsymmetrischer, Punkt-zu-Punkt-verkabelter Vollverst\u00e4rker der Klasse A mit Fernsteuerung. Er verwendet zwei 845 Leistungsr\u00f6hren, zwei 63P3 Treiberr\u00f6hren, eine 5AR4 Gleichrichterr\u00f6hre und zwei 12AX7 Eingangsr\u00f6hren. Der Verst\u00e4rker verf\u00fcgt \u00fcber 3 Paar Line-Level-Eing\u00e4nge (RCA) mit einer Eingangsimpedanz von 100 kOhm und einer Eingangsempfindlichkeit (integriert) von 220 mV.<\/p>\n<p>Der LM-845IA bietet Lautsprecherausg\u00e4nge von 4, 8 und 16 Ohm und kann eine Ausgangsleistung von 22 W an 8 Ohm liefern. Er hat einen Frequenzgang von 10Hz bis 50kHz (\u00b11,5dB), eine harmonische Verzerrung von 1% bei 1kHz (A-bewertet) und einen Rauschabstand von 87dB (A-bewertet). Der Verst\u00e4rker hat eine Leistungsaufnahme von ca. 320 W.<\/p>\n<p>Das Ger\u00e4t misst 451 mm in der Breite, 250 mm in der H\u00f6he und 362 mm in der Tiefe und wiegt etwa 35 kg. Es hat eine schwarze Oberfl\u00e4che.<\/p>","protected":false},"excerpt":{"rendered":"<h3>Hervorragender Single-End-R\u00f6hrenverst\u00e4rker in Class-A mit 845 Leistungsr\u00f6hren, der gegen\u00fcber der Vorg\u00e4ngerversion aufger\u00fcstet wurde. Ein echtes Juwel!<\/h3>\n<p>Class-A Single End Konstruktion mit 2 x 22W.<\/p>\n<p>Spielt mit dem instrumentalen Inhalt eines 300B-Verst\u00e4rkers plus einem zus\u00e4tzlichen und sehr ansprechenden Drive in der Musik.<\/p>\n<p>Inklusive Fernbedienung und Schutzgitter.<br \/>\nAusf\u00fchrung: schwarz<\/p>","protected":false},"featured_media":6190,"template":"","meta":[],"product_brand":[],"product_cat":[159,275],"product_tag":[],"class_list":{"0":"post-4872","1":"product","2":"type-product","3":"status-publish","4":"has-post-thumbnail","6":"product_cat-integrerade-forstarkare","7":"product_cat-rorforstarkare","8":"product_shipping_class-standard","10":"first","11":"instock","12":"taxable","13":"shipping-taxable","14":"purchasable","15":"product-type-simple"},"bundled_by":[],"bundle_stock_status":"instock","bundle_stock_quantity":null,"bundle_virtual":false,"bundle_layout":"","bundle_add_to_cart_form_location":"","bundle_editable_in_cart":false,"bundle_sold_individually_context":"","bundle_item_grouping":"","bundle_min_size":"","bundle_max_size":"","bundle_price":[],"bundled_items":[],"bundle_sell_ids":[],"_links":{"self":[{"href":"https:\/\/studiokoncept.se\/de\/wp-json\/wp\/v2\/product\/4872","targetHints":{"allow":["GET"]}}],"collection":[{"href":"https:\/\/studiokoncept.se\/de\/wp-json\/wp\/v2\/product"}],"about":[{"href":"https:\/\/studiokoncept.se\/de\/wp-json\/wp\/v2\/types\/product"}],"version-history":[{"count":0,"href":"https:\/\/studiokoncept.se\/de\/wp-json\/wp\/v2\/product\/4872\/revisions"}],"wp:featuredmedia":[{"embeddable":true,"href":"https:\/\/studiokoncept.se\/de\/wp-json\/wp\/v2\/media\/6190"}],"wp:attachment":[{"href":"https:\/\/studiokoncept.se\/de\/wp-json\/wp\/v2\/media?parent=4872"}],"wp:term":[{"taxonomy":"product_brand","embeddable":true,"href":"https:\/\/studiokoncept.se\/de\/wp-json\/wp\/v2\/product_brand?post=4872"},{"taxonomy":"product_cat","embeddable":true,"href":"https:\/\/studiokoncept.se\/de\/wp-json\/wp\/v2\/product_cat?post=4872"},{"taxonomy":"product_tag","embeddable":true,"href":"https:\/\/studiokoncept.se\/de\/wp-json\/wp\/v2\/product_tag?post=4872"}],"curies":[{"name":"wp","href":"https:\/\/api.w.org\/{rel}","templated":true}]}}