{"id":4860,"date":"2016-12-14T19:00:46","date_gmt":"2016-12-14T18:00:46","guid":{"rendered":"http:\/\/dev.kaliberonline.se\/?post_type=product&#038;p=4860"},"modified":"2023-06-04T22:52:17","modified_gmt":"2023-06-04T20:52:17","slug":"line-magnetic-lm-845-premium-integrerad-rorforstarkare-2x30w","status":"publish","type":"product","link":"https:\/\/studiokoncept.se\/de\/shop\/elektronik\/integrerade-forstarkare\/line-magnetic-lm-845-premium-integrerad-rorforstarkare-2x30w\/","title":{"rendered":"Line Magnetic LM-845 Premium Vollr\u00f6hren-Verst\u00e4rker 2x30W"},"content":{"rendered":"<p>Der Line Magnetic LM-845 Premium ist ein hochwertiger integrierter R\u00f6hrenverst\u00e4rker mit 845 Triodenr\u00f6hren in Single-Ended-Ausf\u00fchrung, der im reinen Class-A-Modus arbeitet. Er liefert eine Ausgangsleistung von 2x30W und eignet sich damit f\u00fcr die meisten vorhandenen Referenzlautsprecher.<\/p>\n<p>Der LM-845 Premium ist das Ergebnis jahrelanger Forschung am 845 Triode Single-Ended Design und entwickelt sich dank seines au\u00dfergew\u00f6hnlichen Designs und seiner Fertigungsqualit\u00e4t schnell zu einer Referenz in der Welt der High-End-Verst\u00e4rker.<\/p>\n<p>Das Ger\u00e4t besteht aus zwei Teilen: einer Verst\u00e4rkereinheit und einer Ausgangseinheit. Der Verst\u00e4rker verwendet Shuguang 300B R\u00f6hren in seinen Treibern, eine 310A f\u00fcr den Verst\u00e4rker und Shuguang 12AX7 R\u00f6hren im Vorverst\u00e4rker. Au\u00dferdem verf\u00fcgt er \u00fcber zwei Bedienelemente f\u00fcr die 300B- und 845-R\u00f6hren zur Einstellung der Vorspannung und zwei Anzeigen auf der Frontplatte zur einfachen \u00dcberwachung der Vorspannung. Ein Schalter f\u00fcr die Gegenkopplung auf der Vorderseite erm\u00f6glicht es dem Benutzer, zwischen zwei NFB-Stufen zu w\u00e4hlen, um die Audioausg\u00e4nge zu variieren.<\/p>\n<p>Der LM-845 Premium verwendet au\u00dferdem acht Transformatoren f\u00fcr Stromversorgung, Filterung, Schaltung und Ausgang. Seine Konstruktion zeichnet sich durch hochwertige Bauteile, eine Punkt-zu-Punkt-Verdrahtung und ein Single-Ended-Design aus. Er wird mit R\u00f6hren f\u00fcr die Eingangsstufe (2x 12AX7), die Treiber (2x 300B, 2x 310A) und die Endstufe (2x 845 single-ended) geliefert.<\/p>\n<p>Neben seinen technischen Vorz\u00fcgen zeichnet sich der LM-845 Premium durch ein handgefertigtes Design mit feiner Punkt-zu-Punkt-Verdrahtung, eine Vorspannungsregelung an der Oberseite des Verst\u00e4rkerpanels mit einem echten Amperemeter sowie eine Softstart- und Verz\u00f6gerungsschaltung aus. Au\u00dferdem verf\u00fcgt er \u00fcber einen speziell entwickelten EI-Transformator f\u00fcr die Stromversorgung und zwei EI-Ausgangs\u00fcbertrager mit gro\u00dfer Bandbreite. Das Ger\u00e4t verwendet einen ALPS-Lautst\u00e4rkeregler und Realcap-Kondensatoren.<\/p>\n<p>Das Ger\u00e4t verf\u00fcgt \u00fcber ein abnehmbares Schutzgitter f\u00fcr die Rohrleitungen und wird mit einer Infrarot-Fernbedienung geliefert. Zum Lieferumfang geh\u00f6ren au\u00dferdem ein abnehmbares Netzkabel, ein spezielles Kabel f\u00fcr den Anschluss des Hauptverst\u00e4rkers an die Ausgangseinheit und ein Handbuch.<\/p>\n<p>In Bezug auf die Spezifikationen, ist es ein Klasse-A-Verst\u00e4rker mit 2x30W RMS, 1% THD bei 1kHz.<\/p>\n<p>und einem Signal-Rausch-Verh\u00e4ltnis von 87 dB (A-bewertet). Sein Frequenzgang reicht von 10 - 50.000 Hz mit einem -1,5dB-Abschnitt, und er hat eine Empfindlichkeit von 220mV im eingebauten Modus. Die Eingangsimpedanz betr\u00e4gt 100k\u03a9, und er kann an Lastimpedanzen von 4\/8\/16\u03a9 angeschlossen werden. Was die Anschl\u00fcsse betrifft, so verf\u00fcgt er \u00fcber 3 Line-Eing\u00e4nge RCA (Paar), 1 Pre-In-Eingang und 2 Schraubklemmen, die mit Bananensteckern kompatibel sind.<\/p>\n<p>Die Abmessungen der Verst\u00e4rkereinheit betragen 435 x 460 x 456 mm, und die Ausgangseinheit misst 435 x 160 x 456 mm. Die Gesamtabmessungen betragen 435 x 620 x 456 mm bei einem Gesamtgewicht von 62 kg.<br \/>\n<br \/><\/br><\/p>\n<table>\n<tbody>\n<tr>\n<th colspan=\"2\">SPEZIFIKATIONEN<\/th>\n<\/tr>\n<tr>\n<td>Typ<\/td>\n<td>Einseitiger R\u00f6hrenverst\u00e4rker in Klasse A, 2x30W<\/td>\n<\/tr>\n<tr>\n<td>Rohr<\/td>\n<td>Eingangsstufe: 2x 12AX7<br \/>\nAntriebsr\u00f6hren: 2x 300B, 2x 310A<br \/>\nEndstufe: 2x 845 \" single-ended \"<\/td>\n<\/tr>\n<tr>\n<td>THD<\/td>\n<td>1% (1kHz)<\/td>\n<\/tr>\n<tr>\n<td>Signal-Rausch-Verh\u00e4ltnis<\/td>\n<td>87dB (gewichtetes A)<\/td>\n<\/tr>\n<tr>\n<td>Frequenzgang<\/td>\n<td>(-1,5dB): 10 - 50.000 Hz<\/td>\n<\/tr>\n<tr>\n<td>Empfindlichkeit<\/td>\n<td>220 mV (Eingebauter Modus)<\/td>\n<\/tr>\n<tr>\n<td>Eingangsimpedanz<\/td>\n<td>100k\u03a9<\/td>\n<\/tr>\n<tr>\n<td>Ladeimpedanz bei Lautsprechern<\/td>\n<td>4\/8\/16\u03a9<\/td>\n<\/tr>\n<tr>\n<td>Eing\u00e4nge<\/td>\n<td>3 Paare von RCA-Eing\u00e4ngen<br \/>\n1 Voreintrag<br \/>\nLautsprecherterminals f\u00fcr Schaufeln und Bananen<\/td>\n<\/tr>\n<tr>\n<td>In der Schachtel<\/td>\n<td>2 Sicherungen<br \/>\nFernsteuerung<br \/>\nStromkabel<br \/>\n1 spezielles Kabel f\u00fcr die Verbindung zwischen Vor- und Endstufe<br \/>\nHandbuch<\/td>\n<\/tr>\n<tr>\n<td>Gr\u00f6\u00dfe<\/td>\n<td>Verst\u00e4rkereinheit: 435 x 460 x 456 mm<br \/>\nAusgabeeinheit: 435 x 160 x 456 mm<\/td>\n<\/tr>\n<tr>\n<td>Gesamtgewicht<\/td>\n<td>62Kg<\/td>\n<\/tr>\n<\/tbody>\n<\/table>","protected":false},"excerpt":{"rendered":"<h3>LM-845 Premium: zweiteilig und 2x30W<\/h3>\n<p>Es handelt sich um ein Class-A-Single-End-Design mit 219 R\u00f6hren als Antriebsr\u00f6hre und 845 R\u00f6hren f\u00fcr die Endstufe.<br \/>Es spielt mit einer lebendigen, offensichtlichen musikalischen Autorit\u00e4t und verf\u00fcgt \u00fcber beachtliche Leistungsressourcen, um jede Laune der Musik zu unterst\u00fctzen.<\/p>\n<p>Ein zweiteiliger Verst\u00e4rker ist sehr n\u00fctzlich, wenn Sie ihn transportieren m\u00fcssen.\u00a0<\/p>\n<table>\n<tbody>\n<tr>\n<td style=\"padding: 10px;text-align: center\">Rohr<\/td>\n<td>\n<ul>\n<li>Einlassrohre : 2x 12AX7<\/li>\n<li>Antriebsr\u00f6hren : 2x 300B<\/li>\n<li>Endstufe : 2x 845<\/li>\n<\/ul>\n<\/td>\n<\/tr>\n<\/tbody>\n<\/table>\n<p>Ausf\u00fchrung: Schwarz<br \/>Inklusive Fernbedienung<\/p>\n<p>\u00a0<\/p>","protected":false},"featured_media":6174,"template":"","meta":[],"product_brand":[],"product_cat":[159,275],"product_tag":[],"class_list":{"0":"post-4860","1":"product","2":"type-product","3":"status-publish","4":"has-post-thumbnail","6":"product_cat-integrerade-forstarkare","7":"product_cat-rorforstarkare","8":"product_shipping_class-standard","10":"first","11":"instock","12":"taxable","13":"shipping-taxable","14":"purchasable","15":"product-type-simple"},"bundled_by":[],"bundle_stock_status":"instock","bundle_stock_quantity":null,"bundle_virtual":false,"bundle_layout":"","bundle_add_to_cart_form_location":"","bundle_editable_in_cart":false,"bundle_sold_individually_context":"","bundle_item_grouping":"","bundle_min_size":"","bundle_max_size":"","bundle_price":[],"bundled_items":[],"bundle_sell_ids":[],"_links":{"self":[{"href":"https:\/\/studiokoncept.se\/de\/wp-json\/wp\/v2\/product\/4860","targetHints":{"allow":["GET"]}}],"collection":[{"href":"https:\/\/studiokoncept.se\/de\/wp-json\/wp\/v2\/product"}],"about":[{"href":"https:\/\/studiokoncept.se\/de\/wp-json\/wp\/v2\/types\/product"}],"version-history":[{"count":0,"href":"https:\/\/studiokoncept.se\/de\/wp-json\/wp\/v2\/product\/4860\/revisions"}],"wp:featuredmedia":[{"embeddable":true,"href":"https:\/\/studiokoncept.se\/de\/wp-json\/wp\/v2\/media\/6174"}],"wp:attachment":[{"href":"https:\/\/studiokoncept.se\/de\/wp-json\/wp\/v2\/media?parent=4860"}],"wp:term":[{"taxonomy":"product_brand","embeddable":true,"href":"https:\/\/studiokoncept.se\/de\/wp-json\/wp\/v2\/product_brand?post=4860"},{"taxonomy":"product_cat","embeddable":true,"href":"https:\/\/studiokoncept.se\/de\/wp-json\/wp\/v2\/product_cat?post=4860"},{"taxonomy":"product_tag","embeddable":true,"href":"https:\/\/studiokoncept.se\/de\/wp-json\/wp\/v2\/product_tag?post=4860"}],"curies":[{"name":"wp","href":"https:\/\/api.w.org\/{rel}","templated":true}]}}