{"id":4817,"date":"2017-10-14T14:20:51","date_gmt":"2017-10-14T12:20:51","guid":{"rendered":"http:\/\/dev.kaliberonline.se\/?post_type=product&#038;p=4817"},"modified":"2023-07-12T19:45:38","modified_gmt":"2023-07-12T17:45:38","slug":"trenner-friedl-sun-stativhogtalare","status":"publish","type":"product","link":"https:\/\/studiokoncept.se\/de\/shop\/hogtalare\/stativhogtalare\/trenner-friedl-sun-stativhogtalare\/","title":{"rendered":"Trenner &amp; Friedl SUN Standlautsprecher"},"content":{"rendered":"<p>Sun, der kompakteste Lautsprecher von Trenner &amp; Friedl, hat viele Gemeinsamkeiten mit seinem gro\u00dfen Bruder Ra: Beide sollen die Proportionen des Goldenen Schnitts nachbilden, und wie Ra setzt auch Sun auf einen Koaxialtreiber zur Klangwiedergabe. Im Hochtonbereich arbeitet ein 2,54 mm Seidenkalotten-Hocht\u00f6ner, w\u00e4hrend die Tiefmitteltonmembran aus schwarz eloxiertem Aluminium besteht und mit einem Durchmesser von 12 cm einen fast so tiefen Bass wie die RA liefert - obwohl unser Baby in diesem Bereich nat\u00fcrlich nicht so laut spielt wie sein gro\u00dfer Bruder...<\/p>\n<p>Sun interpretiert die Musik nicht, sondern reproduziert sie: neutral, pr\u00e4zise und wunderbar koh\u00e4rent.<\/p>\n<p>Mit ihrem koaxialen Design ist die Sun in der Lage, den Raum und die Umgebung des aufgenommenen Ereignisses perfekt abzubilden.<\/p>\n<p>Auch die Platzierung ist kein Problem: Sun kann dicht an der R\u00fcckwand platziert werden und f\u00fchlt sich sogar in einem B\u00fccherregal zu Hause.<\/p>\n<p>Sie k\u00f6nnen die Sun leicht mit einer Hand anheben, aber lassen Sie sich nicht von ihrer kompakten Gr\u00f6\u00dfe t\u00e4uschen, denn sie hat ein gro\u00dfes musikalisches Gewicht.<\/p>","protected":false},"excerpt":{"rendered":"<h5>\"Die kleinen Sonnen von Trenner &amp; Friedl haben mich umgehauen und umgehauen. Selten habe ich einen Lautsprecher mit so vielen essentiellen Gaben in so einem kleinen Paket geh\u00f6rt.\"<br \/>\n- Ken Micallef, Stereophile<\/h5>\n<p>SUN ist ein musikalisches Klangjuwel der \u00f6sterreichischen Firma Trenner &amp; Friedl. Es ist ein handgefertigter, sehr kleiner Lautsprecher, 210 mm x 160 mm x 140 mm, mit einer unglaublich hochwertigen Instrumentenwiedergabe. Ich bin erstaunt \u00fcber diesen \"kleinen Schei\u00dfer\".<\/p>\n<p>Ein Genuss f\u00fcr das B\u00fccherregal in einem kleineren Raum oder f\u00fcr Musikliebhaber einfach das Nat\u00fcrlichste auf dem Computertisch. Ich bin wirklich \u00fcbergl\u00fccklich.<\/p>\n<p>Denken Sie daran, vorzugsweise Pik f\u00fcr die Kontakte zu verwenden.<\/p>","protected":false},"featured_media":6010,"template":"","meta":[],"product_brand":[],"product_cat":[154,155],"product_tag":[],"class_list":{"0":"post-4817","1":"product","2":"type-product","3":"status-publish","4":"has-post-thumbnail","6":"product_cat-hogtalare","7":"product_cat-stativhogtalare","8":"product_shipping_class-standard","10":"first","11":"instock","12":"taxable","13":"shipping-taxable","14":"purchasable","15":"product-type-variable","16":"has-default-attributes"},"bundled_by":[],"bundle_stock_status":"instock","bundle_stock_quantity":null,"bundle_virtual":false,"bundle_layout":"","bundle_add_to_cart_form_location":"","bundle_editable_in_cart":false,"bundle_sold_individually_context":"","bundle_item_grouping":"","bundle_min_size":"","bundle_max_size":"","bundle_price":[],"bundled_items":[],"bundle_sell_ids":[],"_links":{"self":[{"href":"https:\/\/studiokoncept.se\/de\/wp-json\/wp\/v2\/product\/4817","targetHints":{"allow":["GET"]}}],"collection":[{"href":"https:\/\/studiokoncept.se\/de\/wp-json\/wp\/v2\/product"}],"about":[{"href":"https:\/\/studiokoncept.se\/de\/wp-json\/wp\/v2\/types\/product"}],"version-history":[{"count":0,"href":"https:\/\/studiokoncept.se\/de\/wp-json\/wp\/v2\/product\/4817\/revisions"}],"wp:featuredmedia":[{"embeddable":true,"href":"https:\/\/studiokoncept.se\/de\/wp-json\/wp\/v2\/media\/6010"}],"wp:attachment":[{"href":"https:\/\/studiokoncept.se\/de\/wp-json\/wp\/v2\/media?parent=4817"}],"wp:term":[{"taxonomy":"product_brand","embeddable":true,"href":"https:\/\/studiokoncept.se\/de\/wp-json\/wp\/v2\/product_brand?post=4817"},{"taxonomy":"product_cat","embeddable":true,"href":"https:\/\/studiokoncept.se\/de\/wp-json\/wp\/v2\/product_cat?post=4817"},{"taxonomy":"product_tag","embeddable":true,"href":"https:\/\/studiokoncept.se\/de\/wp-json\/wp\/v2\/product_tag?post=4817"}],"curies":[{"name":"wp","href":"https:\/\/api.w.org\/{rel}","templated":true}]}}