{"id":4801,"date":"2017-10-14T13:28:23","date_gmt":"2017-10-14T11:28:23","guid":{"rendered":"http:\/\/dev.kaliberonline.se\/?post_type=product&#038;p=4801"},"modified":"2023-07-12T18:38:25","modified_gmt":"2023-07-12T16:38:25","slug":"trenner-friedl-art-stativhogtalare","status":"publish","type":"product","link":"https:\/\/studiokoncept.se\/de\/shop\/hogtalare\/stativhogtalare\/trenner-friedl-art-stativhogtalare\/","title":{"rendered":"Trenner &amp; Friedl ART Standlautsprecher"},"content":{"rendered":"<h3><\/h3>","protected":false},"excerpt":{"rendered":"<p>Art ist ein leistungsstarker Standlautsprecher von Trenner &amp; Friedl.<\/p>\n<p>Neben den von Trenner &amp; Friedl gewohnten hervorragenden Mitten und H\u00f6hen bietet sie auch einen etwas aktiveren, substanzielleren Bass und kann auch mit einem gr\u00f6\u00dferen Raum umgehen als die kleinere SUN.<\/p>","protected":false},"featured_media":6020,"template":"","meta":[],"product_brand":[],"product_cat":[154,155],"product_tag":[],"class_list":{"0":"post-4801","1":"product","2":"type-product","3":"status-publish","4":"has-post-thumbnail","6":"product_cat-hogtalare","7":"product_cat-stativhogtalare","8":"product_shipping_class-standard","10":"first","11":"instock","12":"taxable","13":"shipping-taxable","14":"purchasable","15":"product-type-variable","16":"has-default-attributes"},"bundled_by":[],"bundle_stock_status":"instock","bundle_stock_quantity":null,"bundle_virtual":false,"bundle_layout":"","bundle_add_to_cart_form_location":"","bundle_editable_in_cart":false,"bundle_sold_individually_context":"","bundle_item_grouping":"","bundle_min_size":"","bundle_max_size":"","bundle_price":[],"bundled_items":[],"bundle_sell_ids":[],"_links":{"self":[{"href":"https:\/\/studiokoncept.se\/de\/wp-json\/wp\/v2\/product\/4801","targetHints":{"allow":["GET"]}}],"collection":[{"href":"https:\/\/studiokoncept.se\/de\/wp-json\/wp\/v2\/product"}],"about":[{"href":"https:\/\/studiokoncept.se\/de\/wp-json\/wp\/v2\/types\/product"}],"version-history":[{"count":0,"href":"https:\/\/studiokoncept.se\/de\/wp-json\/wp\/v2\/product\/4801\/revisions"}],"wp:featuredmedia":[{"embeddable":true,"href":"https:\/\/studiokoncept.se\/de\/wp-json\/wp\/v2\/media\/6020"}],"wp:attachment":[{"href":"https:\/\/studiokoncept.se\/de\/wp-json\/wp\/v2\/media?parent=4801"}],"wp:term":[{"taxonomy":"product_brand","embeddable":true,"href":"https:\/\/studiokoncept.se\/de\/wp-json\/wp\/v2\/product_brand?post=4801"},{"taxonomy":"product_cat","embeddable":true,"href":"https:\/\/studiokoncept.se\/de\/wp-json\/wp\/v2\/product_cat?post=4801"},{"taxonomy":"product_tag","embeddable":true,"href":"https:\/\/studiokoncept.se\/de\/wp-json\/wp\/v2\/product_tag?post=4801"}],"curies":[{"name":"wp","href":"https:\/\/api.w.org\/{rel}","templated":true}]}}