{"id":4743,"date":"2017-10-14T10:45:10","date_gmt":"2017-10-14T08:45:10","guid":{"rendered":"http:\/\/dev.kaliberonline.se\/?post_type=product&#038;p=4743"},"modified":"2023-05-29T15:17:48","modified_gmt":"2023-05-29T13:17:48","slug":"trenner-friedl-pharoah-golvhogtalare","status":"publish","type":"product","link":"https:\/\/studiokoncept.se\/de\/shop\/hogtalare\/golvhogtalare\/trenner-friedl-pharoah-golvhogtalare\/","title":{"rendered":"Trenner &amp; Friedl Pharoah Standlautsprecher"},"content":{"rendered":"<h3><\/h3>","protected":false},"excerpt":{"rendered":"<p>En magnifik h\u00f6gtalare, vibrerande av musikaliskt liv. Fantastisk f\u00f6r dig som s\u00f6ker en livfull, dynamisk och extremt instrumenttrogen h\u00f6gtalare som excellerar inte minst p\u00e5 liveinspelningar.<\/p>\n<p>L\u00e4ttdriven och passar uts\u00f6kt med 300B r\u00f6r.<\/p>\n<p>Hornhybridkonstruktionen g\u00f6r den l\u00e4ttplacerad och kan st\u00e5 b\u00e5de mot bakv\u00e4gg och i h\u00f6rn.<\/p>\n<p>Ytfinish: matt valn\u00f6t \u00e4r standard men ytfinish i de flesta varianter kan best\u00e4llas.<\/p>\n<p>Jag rekommenderar spadar p\u00e5 h\u00f6gtalarkablaget f\u00f6r b\u00e4st anpassning till Cardas kontakterna.<\/p>\n<p>[TABS_PRO id=15624]<\/p>\n","protected":false},"featured_media":15623,"template":"","meta":[],"product_brand":[],"product_cat":[156,154],"product_tag":[],"class_list":{"0":"post-4743","1":"product","2":"type-product","3":"status-publish","4":"has-post-thumbnail","6":"product_cat-golvhogtalare","7":"product_cat-hogtalare","8":"product_shipping_class-standard","10":"first","11":"instock","12":"taxable","13":"shipping-taxable","14":"purchasable","15":"product-type-variable"},"bundled_by":[],"bundle_stock_status":"instock","bundle_stock_quantity":null,"bundle_virtual":false,"bundle_layout":"","bundle_add_to_cart_form_location":"","bundle_editable_in_cart":false,"bundle_sold_individually_context":"","bundle_item_grouping":"","bundle_min_size":"","bundle_max_size":"","bundle_price":[],"bundled_items":[],"bundle_sell_ids":[],"_links":{"self":[{"href":"https:\/\/studiokoncept.se\/de\/wp-json\/wp\/v2\/product\/4743","targetHints":{"allow":["GET"]}}],"collection":[{"href":"https:\/\/studiokoncept.se\/de\/wp-json\/wp\/v2\/product"}],"about":[{"href":"https:\/\/studiokoncept.se\/de\/wp-json\/wp\/v2\/types\/product"}],"version-history":[{"count":0,"href":"https:\/\/studiokoncept.se\/de\/wp-json\/wp\/v2\/product\/4743\/revisions"}],"wp:featuredmedia":[{"embeddable":true,"href":"https:\/\/studiokoncept.se\/de\/wp-json\/wp\/v2\/media\/15623"}],"wp:attachment":[{"href":"https:\/\/studiokoncept.se\/de\/wp-json\/wp\/v2\/media?parent=4743"}],"wp:term":[{"taxonomy":"product_brand","embeddable":true,"href":"https:\/\/studiokoncept.se\/de\/wp-json\/wp\/v2\/product_brand?post=4743"},{"taxonomy":"product_cat","embeddable":true,"href":"https:\/\/studiokoncept.se\/de\/wp-json\/wp\/v2\/product_cat?post=4743"},{"taxonomy":"product_tag","embeddable":true,"href":"https:\/\/studiokoncept.se\/de\/wp-json\/wp\/v2\/product_tag?post=4743"}],"curies":[{"name":"wp","href":"https:\/\/api.w.org\/{rel}","templated":true}]}}